{"id":27862,"date":"2025-02-20T23:29:35","date_gmt":"2025-02-20T22:29:35","guid":{"rendered":"https:\/\/olemosaic.orbitalia.org\/producto\/bol-de-ceramica-de-95-cm-camino-de-santiago-beige\/"},"modified":"2025-07-25T18:45:34","modified_gmt":"2025-07-25T16:45:34","slug":"bol-en-ceramique-de-9-5-cm-chemin-de-compostelle-beige","status":"publish","type":"product","link":"https:\/\/olemosaic.orbitalia.org\/fr\/produit\/bol-en-ceramique-de-9-5-cm-chemin-de-compostelle-beige\/","title":{"rendered":"Bol en c\u00e9ramique de 9,5 cm. Chemin de Compostelle. Beige"},"content":{"rendered":"<p>Ce bol en c\u00e9ramique de 9,5 cm, inspir\u00e9 du Chemin de Compostelle, est un v\u00e9ritable tr\u00e9sor culturel, id\u00e9al pour ceux qui souhaitent emporter un morceau de l&rsquo;histoire et de la tradition espagnoles. Il pr\u00e9sente un design vibrant dans des tons beige et rouge, cr\u00e9ant un contraste captivant qui rehausse son \u00e9l\u00e9gance. Au centre, une illustration d\u00e9taill\u00e9e de la majestueuse cath\u00e9drale de Saint-Jacques-de-Compostelle se distingue par sa repr\u00e9sentation architecturale complexe, tandis qu&rsquo;un p\u00e8lerin v\u00eatu de la tenue jacquaire traditionnelle \u00e9voque le riche h\u00e9ritage des marcheurs qui parcourent cette route embl\u00e9matique.<\/p>\n<p>La c\u00e9l\u00e8bre coquille du chemin, symbole des p\u00e8lerins, d\u00e9core \u00e9galement le bol, compl\u00e9tant un r\u00e9cit visuel qui c\u00e9l\u00e8bre la spiritualit\u00e9 et l&rsquo;effort du voyage vers Saint-Jacques. La phrase \u00ab CAMINO DE SANTIAGO \u00bb, avec un effet peint \u00e0 la main \u00e0 l&rsquo;int\u00e9rieur, ajoute une touche personnelle et authentique, transformant ce bol en un souvenir parfait alliant design et signification culturelle.<\/p>\n<p>En plus d&rsquo;\u00eatre un \u00e9l\u00e9gant objet d\u00e9coratif, ce bol est fonctionnel et polyvalent, adapt\u00e9 \u00e0 n&rsquo;importe quelle cuisine. Chez Ol\u00e9 Mosaic, nous nous sp\u00e9cialisons dans la distribution de souvenirs authentiques, et ce bol en c\u00e9ramique repr\u00e9sente la qualit\u00e9 et la richesse culturelle que nous cherchons \u00e0 offrir. Ce souvenir du Chemin de Compostelle est une excellente option pour les boutiques de cadeaux touristiques souhaitant proposer des produits authentiques et significatifs.<\/p>\n","protected":false},"excerpt":{"rendered":"<p>Bol en c\u00e9ramique de 9,5 cm inspir\u00e9 du Chemin de Compostelle, avec un design vibrant dans des tons beige et rouge. La pi\u00e8ce pr\u00e9sente une illustration d\u00e9taill\u00e9e de la cath\u00e9drale de Saint-Jacques, accompagn\u00e9e d&rsquo;un p\u00e8lerin et de la traditionnelle coquille du chemin, peints \u00e0 la main avec des couleurs vives. La phrase \u00ab\u00a0CAMINO DE SANTIAGO\u00a0\u00bb d\u00e9core l&rsquo;int\u00e9rieur, faisant de ce bol un souvenir \u00e9l\u00e9gant qui capture l&rsquo;essence de la route jacquaire. Id\u00e9al pour une utilisation en cuisine ou comme objet d\u00e9coratif.<\/p>\n","protected":false},"featured_media":8726,"template":"","meta":{"_acf_changed":false},"product_brand":[],"product_cat":[521],"product_tag":[585],"class_list":{"0":"post-27862","1":"product","2":"type-product","3":"status-publish","4":"has-post-thumbnail","6":"product_cat-bols","7":"product_tag-ceramique","8":"pa_motivo-chemin-saint-jacques","10":"first","11":"instock","12":"shipping-taxable","13":"product-type-simple"},"acf":[],"_links":{"self":[{"href":"https:\/\/olemosaic.orbitalia.org\/fr\/wp-json\/wp\/v2\/product\/27862","targetHints":{"allow":["GET"]}}],"collection":[{"href":"https:\/\/olemosaic.orbitalia.org\/fr\/wp-json\/wp\/v2\/product"}],"about":[{"href":"https:\/\/olemosaic.orbitalia.org\/fr\/wp-json\/wp\/v2\/types\/product"}],"wp:featuredmedia":[{"embeddable":true,"href":"https:\/\/olemosaic.orbitalia.org\/fr\/wp-json\/wp\/v2\/media\/8726"}],"wp:attachment":[{"href":"https:\/\/olemosaic.orbitalia.org\/fr\/wp-json\/wp\/v2\/media?parent=27862"}],"wp:term":[{"taxonomy":"product_brand","embeddable":true,"href":"https:\/\/olemosaic.orbitalia.org\/fr\/wp-json\/wp\/v2\/product_brand?post=27862"},{"taxonomy":"product_cat","embeddable":true,"href":"https:\/\/olemosaic.orbitalia.org\/fr\/wp-json\/wp\/v2\/product_cat?post=27862"},{"taxonomy":"product_tag","embeddable":true,"href":"https:\/\/olemosaic.orbitalia.org\/fr\/wp-json\/wp\/v2\/product_tag?post=27862"}],"curies":[{"name":"wp","href":"https:\/\/api.w.org\/{rel}","templated":true}]}}