{"id":27854,"date":"2025-02-20T23:29:35","date_gmt":"2025-02-20T22:29:35","guid":{"rendered":"https:\/\/olemosaic.orbitalia.org\/producto\/bol-de-ceramica-de-9-cm-salamandra-y-flores-barcelona-blanco\/"},"modified":"2025-07-25T19:34:09","modified_gmt":"2025-07-25T17:34:09","slug":"bol-en-ceramique-de-9-cm-salamandre-et-fleurs-barcelone-blanc","status":"publish","type":"product","link":"https:\/\/olemosaic.orbitalia.org\/fr\/produit\/bol-en-ceramique-de-9-cm-salamandre-et-fleurs-barcelone-blanc\/","title":{"rendered":"Bol en c\u00e9ramique de 9 cm. Salamandre et fleurs. Barcelone. Blanc"},"content":{"rendered":"<p>Ce bol en c\u00e9ramique de 9 cm est une magnifique pi\u00e8ce d\u00e9corative qui capture l&rsquo;essence vibrante de Barcelone, id\u00e9ale comme souvenir. Il pr\u00e9sente un fond blanc qui rehausse ses couleurs lumineuses et un bord rouge brillant qui apporte une touche de chaleur et d&rsquo;\u00e9nergie. L&rsquo;illustration color\u00e9e de salamandres dans les tons bleus, verts et rouges, accompagn\u00e9e de fleurs et de feuilles vertes, \u00e9voque les mosa\u00efques embl\u00e9matiques de Gaud\u00ed, embl\u00e8me de l&rsquo;art moderniste catalan. La repr\u00e9sentation des salamandres, symboles de force et de m\u00e9tamorphose dans la culture, ainsi que le design floral, transforment ce bol en un reflet parfait du riche h\u00e9ritage culturel barcelonais.<\/p>\n<p>Le bol n&rsquo;est pas seulement un objet utilitaire, mais agit \u00e9galement comme un souvenir significatif de la ville, \u00e9voquant chez les touristes la cr\u00e9ativit\u00e9 et le talent artistique qui ont laiss\u00e9 leur empreinte dans ses rues. Chaque mosa\u00efque et chaque couleur racontent une histoire, faisant de ce bol un excellent cadeau pour ceux qui souhaitent emporter un morceau de l&rsquo;esprit de Barcelone. Chez Ol\u00e9 Mosaic, en tant que grossistes de souvenirs en c\u00e9ramique, nous proposons des produits authentiques qui repr\u00e9sentent la culture espagnole, ce qui fait de ce bol une option id\u00e9ale pour les boutiques de cadeaux touristiques \u00e0 la recherche d&rsquo;articles uniques et de qualit\u00e9.<\/p>\n","protected":false},"excerpt":{"rendered":"<p>Bol en c\u00e9ramique de 9 cm d\u00e9cor\u00e9 de motifs de salamandres et de fleurs, inspir\u00e9 de l&rsquo;art barcelonais. Ce bol pr\u00e9sente un fond blanc avec un bord rouge brillant et une illustration color\u00e9e de salamandres dans les tons bleus, verts et rouges, accompagn\u00e9e de fleurs et de feuilles vertes. Son design, qui \u00e9voque les mosa\u00efques embl\u00e9matiques de Gaud\u00ed, en fait un cadeau parfait pour se souvenir de l&rsquo;essence de la ville.<\/p>\n","protected":false},"featured_media":11179,"template":"","meta":{"_acf_changed":false},"product_brand":[],"product_cat":[521],"product_tag":[530,585],"class_list":{"0":"post-27854","1":"product","2":"type-product","3":"status-publish","4":"has-post-thumbnail","6":"product_cat-bols","7":"product_tag-animaux","8":"product_tag-ceramique","9":"pa_ciudad-barcelona","10":"pa_motivo-salamandres","11":"pa_pais-espana","13":"first","14":"instock","15":"shipping-taxable","16":"product-type-simple"},"acf":[],"_links":{"self":[{"href":"https:\/\/olemosaic.orbitalia.org\/fr\/wp-json\/wp\/v2\/product\/27854","targetHints":{"allow":["GET"]}}],"collection":[{"href":"https:\/\/olemosaic.orbitalia.org\/fr\/wp-json\/wp\/v2\/product"}],"about":[{"href":"https:\/\/olemosaic.orbitalia.org\/fr\/wp-json\/wp\/v2\/types\/product"}],"wp:featuredmedia":[{"embeddable":true,"href":"https:\/\/olemosaic.orbitalia.org\/fr\/wp-json\/wp\/v2\/media\/11179"}],"wp:attachment":[{"href":"https:\/\/olemosaic.orbitalia.org\/fr\/wp-json\/wp\/v2\/media?parent=27854"}],"wp:term":[{"taxonomy":"product_brand","embeddable":true,"href":"https:\/\/olemosaic.orbitalia.org\/fr\/wp-json\/wp\/v2\/product_brand?post=27854"},{"taxonomy":"product_cat","embeddable":true,"href":"https:\/\/olemosaic.orbitalia.org\/fr\/wp-json\/wp\/v2\/product_cat?post=27854"},{"taxonomy":"product_tag","embeddable":true,"href":"https:\/\/olemosaic.orbitalia.org\/fr\/wp-json\/wp\/v2\/product_tag?post=27854"}],"curies":[{"name":"wp","href":"https:\/\/api.w.org\/{rel}","templated":true}]}}