{"id":27851,"date":"2025-02-20T23:29:34","date_gmt":"2025-02-20T22:29:34","guid":{"rendered":"https:\/\/olemosaic.orbitalia.org\/producto\/bol-de-ceramica-de-9-cm-punt-de-trobada-beige\/"},"modified":"2025-07-25T19:14:58","modified_gmt":"2025-07-25T17:14:58","slug":"bol-en-ceramique-de-9-cm-punt-de-trobada-beige","status":"publish","type":"product","link":"https:\/\/olemosaic.orbitalia.org\/fr\/produit\/bol-en-ceramique-de-9-cm-punt-de-trobada-beige\/","title":{"rendered":"Bol en c\u00e9ramique de 9 cm. Punt de trobada. Beige"},"content":{"rendered":"<p>Ce bol en c\u00e9ramique de 9 cm est un v\u00e9ritable bijou artisanal, id\u00e9al pour les amoureux de l&rsquo;art et de la culture m\u00e9diterran\u00e9enne. D\u00e9cor\u00e9 de motifs de mosa\u00efque color\u00e9s et vibrants, chaque pi\u00e8ce est enti\u00e8rement peinte \u00e0 la main, ce qui garantit son unicit\u00e9. Son int\u00e9rieur, d&rsquo;un vert brillant, rehausse le design ext\u00e9rieur, qui combine des formes et des couleurs en noir, rouge, bleu et vert sur un fond beige \u00e9voquant la lumi\u00e8re et la chaleur de la r\u00e9gion. Les motifs abstraits et naturels pr\u00e9sents dans cette \u0153uvre sont une c\u00e9l\u00e9bration de l&rsquo;art traditionnel espagnol, suivant le riche h\u00e9ritage des mosa\u00efques qui ornent les b\u00e2timents et les espaces publics de villes comme Barcelone et Grenade.<\/p>\n<p>Ce bol n&rsquo;est pas seulement id\u00e9al pour servir des ap\u00e9ritifs, il peut \u00e9galement servir de magnifique pi\u00e8ce d\u00e9corative qui transporte ses utilisateurs vers l&rsquo;essence de la cr\u00e9ativit\u00e9 et de l&rsquo;art de la r\u00e9gion. En choisissant ce souvenir, les touristes ne repartent pas seulement avec un objet fonctionnel, mais aussi avec une partie du patrimoine culturel espagnol, qui peut \u00eatre expos\u00e9e avec fiert\u00e9 dans n&rsquo;importe quel foyer.<\/p>\n<p>Chez Ol\u00e9 Mosaic, sp\u00e9cialis\u00e9 dans la distribution de souvenirs en gros, nous proposons des articles authentiques qui mettent en valeur la riche tradition culturelle de l&rsquo;Espagne. Ce bol en c\u00e9ramique est une excellente option pour les boutiques de cadeaux touristiques \u00e0 la recherche de quelque chose de sp\u00e9cial et de repr\u00e9sentatif de l&rsquo;art de ce pays, \u00e9tant un v\u00e9ritable symbole de souvenirs en c\u00e9ramique qui ravira tout le monde.<\/p>\n","protected":false},"excerpt":{"rendered":"<p>Bol en c\u00e9ramique de 9 cm d\u00e9cor\u00e9 de motifs de mosa\u00efque color\u00e9s et vibrants, repr\u00e9sentant des \u00e9l\u00e9ments abstraits et naturels. L&rsquo;int\u00e9rieur, d&rsquo;un vert brillant, souligne le design ext\u00e9rieur, o\u00f9 se combinent formes et couleurs en noir, rouge, bleu et vert sur un fond beige. Cet article, au design artisanal et peint \u00e0 la main, est id\u00e9al pour servir des ap\u00e9ritifs ou comme pi\u00e8ce d\u00e9corative, \u00e9voquant la cr\u00e9ativit\u00e9 et l&rsquo;art de la r\u00e9gion.<\/p>\n","protected":false},"featured_media":10048,"template":"","meta":{"_acf_changed":false},"product_brand":[],"product_cat":[521],"product_tag":[585],"class_list":{"0":"post-27851","1":"product","2":"type-product","3":"status-publish","4":"has-post-thumbnail","6":"product_cat-bols","7":"product_tag-ceramique","8":"pa_motivo-punt-de-trobada","10":"first","11":"instock","12":"shipping-taxable","13":"product-type-simple"},"acf":[],"_links":{"self":[{"href":"https:\/\/olemosaic.orbitalia.org\/fr\/wp-json\/wp\/v2\/product\/27851","targetHints":{"allow":["GET"]}}],"collection":[{"href":"https:\/\/olemosaic.orbitalia.org\/fr\/wp-json\/wp\/v2\/product"}],"about":[{"href":"https:\/\/olemosaic.orbitalia.org\/fr\/wp-json\/wp\/v2\/types\/product"}],"wp:featuredmedia":[{"embeddable":true,"href":"https:\/\/olemosaic.orbitalia.org\/fr\/wp-json\/wp\/v2\/media\/10048"}],"wp:attachment":[{"href":"https:\/\/olemosaic.orbitalia.org\/fr\/wp-json\/wp\/v2\/media?parent=27851"}],"wp:term":[{"taxonomy":"product_brand","embeddable":true,"href":"https:\/\/olemosaic.orbitalia.org\/fr\/wp-json\/wp\/v2\/product_brand?post=27851"},{"taxonomy":"product_cat","embeddable":true,"href":"https:\/\/olemosaic.orbitalia.org\/fr\/wp-json\/wp\/v2\/product_cat?post=27851"},{"taxonomy":"product_tag","embeddable":true,"href":"https:\/\/olemosaic.orbitalia.org\/fr\/wp-json\/wp\/v2\/product_tag?post=27851"}],"curies":[{"name":"wp","href":"https:\/\/api.w.org\/{rel}","templated":true}]}}