{"id":27834,"date":"2025-02-20T23:29:34","date_gmt":"2025-02-20T22:29:34","guid":{"rendered":"https:\/\/olemosaic.orbitalia.org\/producto\/bol-de-ceramica-de-9-cm-bailaora-beige\/"},"modified":"2025-07-25T18:40:34","modified_gmt":"2025-07-25T16:40:34","slug":"bol-en-ceramique-de-9-cm-danseuse-de-flamenco-beige","status":"publish","type":"product","link":"https:\/\/olemosaic.orbitalia.org\/fr\/produit\/bol-en-ceramique-de-9-cm-danseuse-de-flamenco-beige\/","title":{"rendered":"Bol en c\u00e9ramique de 9 cm. Danseuse de Flamenco. Beige"},"content":{"rendered":"<p>Ce bol en c\u00e9ramique de 9 cm est un charmant souvenir qui \u00e9voque l&rsquo;essence vibrante de l&rsquo;Espagne \u00e0 travers son design artistique et culturellement significatif. D\u00e9cor\u00e9 d&rsquo;illustrations color\u00e9es de danseuses de flamenco (bailaoras), chaque figure capture la joie et le dynamisme de la danse flamenco, v\u00eatue de costumes traditionnels pleins de vie et de mouvement. Les danseuses sont entour\u00e9es de fleurs rouges, symbole de passion et de beaut\u00e9, tandis que le texte \u00ab Espa\u00f1a \u00bb s&rsquo;affiche dans des couleurs vibrantes, faisant de ce bol non seulement une pi\u00e8ce fonctionnelle, mais aussi un hommage \u00e0 la riche culture espagnole.<\/p>\n<p>Sa base blanche, associ\u00e9e \u00e0 un bord rouge, fait ressortir les illustrations et ajoute une touche d&rsquo;\u00e9l\u00e9gance, tandis que la finition brillante offre un attrait visuel qui captivera tout amateur d&rsquo;art. Ce bol est parfait pour donner une touche espagnole \u00e0 votre cuisine ou comme souvenir inoubliable pour ceux qui visitent le pays. En tant qu&rsquo;authentique souvenir de la culture espagnole, il est id\u00e9al pour ceux qui recherchent une connexion significative avec leur voyage. Chez Ol\u00e9 Mosaic, nous nous sp\u00e9cialisons dans la distribution de souvenirs en c\u00e9ramique, garantissant la qualit\u00e9 et l&rsquo;authenticit\u00e9 de chaque pi\u00e8ce, ce qui fait de ce bol un choix exceptionnel pour les boutiques de cadeaux touristiques souhaitant proposer des articles repr\u00e9sentatifs de la tradition espagnole.<\/p>\n","protected":false},"excerpt":{"rendered":"<p>Bol en c\u00e9ramique de 9 cm, d\u00e9cor\u00e9 d&rsquo;illustrations color\u00e9es de danse flamenco qui \u00e9voquent l&rsquo;essence de l&rsquo;Espagne. Ce charmant bol pr\u00e9sente des danseuses en costumes traditionnels, entour\u00e9es de fleurs rouges et du mot \u00ab\u00a0Espa\u00f1a\u00a0\u00bb en couleurs vibrantes. La base blanche avec bord rouge souligne les \u00e9l\u00e9ments artistiques, tandis que la finition brillante ajoute une touche attrayante. Id\u00e9al pour donner une touche espagnole \u00e0 votre cuisine ou comme souvenir m\u00e9morable.<\/p>\n","protected":false},"featured_media":7376,"template":"","meta":{"_acf_changed":false},"product_brand":[],"product_cat":[521],"product_tag":[585],"class_list":{"0":"post-27834","1":"product","2":"type-product","3":"status-publish","4":"has-post-thumbnail","6":"product_cat-bols","7":"product_tag-ceramique","8":"pa_motivo-danseurs","10":"first","11":"instock","12":"shipping-taxable","13":"product-type-simple"},"acf":[],"_links":{"self":[{"href":"https:\/\/olemosaic.orbitalia.org\/fr\/wp-json\/wp\/v2\/product\/27834","targetHints":{"allow":["GET"]}}],"collection":[{"href":"https:\/\/olemosaic.orbitalia.org\/fr\/wp-json\/wp\/v2\/product"}],"about":[{"href":"https:\/\/olemosaic.orbitalia.org\/fr\/wp-json\/wp\/v2\/types\/product"}],"wp:featuredmedia":[{"embeddable":true,"href":"https:\/\/olemosaic.orbitalia.org\/fr\/wp-json\/wp\/v2\/media\/7376"}],"wp:attachment":[{"href":"https:\/\/olemosaic.orbitalia.org\/fr\/wp-json\/wp\/v2\/media?parent=27834"}],"wp:term":[{"taxonomy":"product_brand","embeddable":true,"href":"https:\/\/olemosaic.orbitalia.org\/fr\/wp-json\/wp\/v2\/product_brand?post=27834"},{"taxonomy":"product_cat","embeddable":true,"href":"https:\/\/olemosaic.orbitalia.org\/fr\/wp-json\/wp\/v2\/product_cat?post=27834"},{"taxonomy":"product_tag","embeddable":true,"href":"https:\/\/olemosaic.orbitalia.org\/fr\/wp-json\/wp\/v2\/product_tag?post=27834"}],"curies":[{"name":"wp","href":"https:\/\/api.w.org\/{rel}","templated":true}]}}