{"id":27833,"date":"2025-02-20T23:29:34","date_gmt":"2025-02-20T22:29:34","guid":{"rendered":"https:\/\/olemosaic.orbitalia.org\/producto\/bol-de-ceramica-de-9-cm-camino-de-santiago-beige\/"},"modified":"2025-07-25T20:10:18","modified_gmt":"2025-07-25T18:10:18","slug":"bol-en-ceramique-de-9-cm-chemin-de-compostelle-beige","status":"publish","type":"product","link":"https:\/\/olemosaic.orbitalia.org\/fr\/produit\/bol-en-ceramique-de-9-cm-chemin-de-compostelle-beige\/","title":{"rendered":"Bol en c\u00e9ramique de 9 cm. Chemin de Compostelle. Beige"},"content":{"rendered":"<p>Ce bol en c\u00e9ramique de 9 cm est un charmant souvenir inspir\u00e9 du c\u00e9l\u00e8bre Chemin de Compostelle, id\u00e9al pour apporter un petit morceau de l&rsquo;histoire et de la tradition espagnoles dans votre foyer. Son design vibrant pr\u00e9sente des illustrations color\u00e9es qui capturent l&rsquo;essence du p\u00e8lerinage, avec des sc\u00e8nes d&rsquo;un p\u00e8lerin avec son bourdon, aux c\u00f4t\u00e9s de l&#8217;embl\u00e9matique coquille du chemin, symbole du voyage spirituel et culturel que des milliers de personnes accomplissent chaque ann\u00e9e. Les monuments imposants qui d\u00e9corent le bol \u00e9voquent la riche histoire architecturale du parcours, invitant \u00e0 explorer et \u00e0 se rem\u00e9morer des exp\u00e9riences.<\/p>\n<p>Le bol pr\u00e9sente une palette de couleurs vibrantes comprenant des bleus, des verts et des jaunes, avec un bord rouge qui rehausse son attrait visuel, en faisant une pi\u00e8ce ma\u00eetresse dans n&rsquo;importe quelle maison. Ce souvenir n&rsquo;est pas seulement fonctionnel, il sert \u00e9galement d&rsquo;\u00e9l\u00e9ment d\u00e9coratif qui ajoute une touche authentique et espagnole \u00e0 la cuisine ou \u00e0 la table.<\/p>\n<p>Chez Ol\u00e9 Mosaic, nous nous sp\u00e9cialisons dans la distribution d&rsquo;articles de qualit\u00e9 et de pertinence culturelle. Ce bol du Chemin de Compostelle est une excellente option pour les boutiques de cadeaux touristiques \u00e0 la recherche de souvenirs authentiques et repr\u00e9sentatifs, id\u00e9aux pour les touristes souhaitant emporter un souvenir significatif de leur exp\u00e9rience en Espagne. En tant que grossistes en c\u00e9ramique, nous garantissons une offre attrayante et m\u00e9morable pour vos clients.<\/p>\n","protected":false},"excerpt":{"rendered":"<p>Bol en c\u00e9ramique de 9 cm, d\u00e9cor\u00e9 d&rsquo;illustrations color\u00e9es inspir\u00e9es du Chemin de Compostelle. Cet \u00e9l\u00e9gant bol pr\u00e9sente une palette de couleurs vibrantes, avec des bleus, des verts et des jaunes, et un bord rouge qui rehausse son design. Les sc\u00e8nes repr\u00e9sent\u00e9es incluent un p\u00e8lerin avec son bourdon et l&#8217;embl\u00e9matique coquille du chemin, ainsi que des monuments imposants \u00e9voquant l&rsquo;histoire du p\u00e8lerinage. Id\u00e9al comme souvenir ou pour donner une touche espagnole \u00e0 votre maison.<\/p>\n","protected":false},"featured_media":8721,"template":"","meta":{"_acf_changed":false},"product_brand":[],"product_cat":[521],"product_tag":[585],"class_list":{"0":"post-27833","1":"product","2":"type-product","3":"status-publish","4":"has-post-thumbnail","6":"product_cat-bols","7":"product_tag-ceramique","8":"pa_motivo-chemin-saint-jacques","10":"first","11":"instock","12":"shipping-taxable","13":"product-type-simple"},"acf":[],"_links":{"self":[{"href":"https:\/\/olemosaic.orbitalia.org\/fr\/wp-json\/wp\/v2\/product\/27833","targetHints":{"allow":["GET"]}}],"collection":[{"href":"https:\/\/olemosaic.orbitalia.org\/fr\/wp-json\/wp\/v2\/product"}],"about":[{"href":"https:\/\/olemosaic.orbitalia.org\/fr\/wp-json\/wp\/v2\/types\/product"}],"wp:featuredmedia":[{"embeddable":true,"href":"https:\/\/olemosaic.orbitalia.org\/fr\/wp-json\/wp\/v2\/media\/8721"}],"wp:attachment":[{"href":"https:\/\/olemosaic.orbitalia.org\/fr\/wp-json\/wp\/v2\/media?parent=27833"}],"wp:term":[{"taxonomy":"product_brand","embeddable":true,"href":"https:\/\/olemosaic.orbitalia.org\/fr\/wp-json\/wp\/v2\/product_brand?post=27833"},{"taxonomy":"product_cat","embeddable":true,"href":"https:\/\/olemosaic.orbitalia.org\/fr\/wp-json\/wp\/v2\/product_cat?post=27833"},{"taxonomy":"product_tag","embeddable":true,"href":"https:\/\/olemosaic.orbitalia.org\/fr\/wp-json\/wp\/v2\/product_tag?post=27833"}],"curies":[{"name":"wp","href":"https:\/\/api.w.org\/{rel}","templated":true}]}}