{"id":27831,"date":"2025-02-20T23:29:33","date_gmt":"2025-02-20T22:29:33","guid":{"rendered":"https:\/\/olemosaic.orbitalia.org\/producto\/bol-de-ceramica-de-9-cm-mosaico-blanco\/"},"modified":"2025-07-25T20:37:18","modified_gmt":"2025-07-25T18:37:18","slug":"bol-en-ceramique-de-9-cm-mosaique-blanc","status":"publish","type":"product","link":"https:\/\/olemosaic.orbitalia.org\/fr\/produit\/bol-en-ceramique-de-9-cm-mosaique-blanc\/","title":{"rendered":"Bol en c\u00e9ramique de 9 cm. Mosa\u00efque. Blanc"},"content":{"rendered":"<p>Ce bol en c\u00e9ramique de 9 cm est un v\u00e9ritable hommage \u00e0 la riche tradition artistique espagnole, id\u00e9al pour ceux qui recherchent des souvenirs authentiques capturant l&rsquo;essence culturelle du pays. Avec une base blanche \u00e9clatante et un bord rouge vif, cet \u00e9l\u00e9gant bol pr\u00e9sente une mosa\u00efque d\u00e9corative \u00e9labor\u00e9e qui \u00e9voque les azulejos espagnols caract\u00e9ristiques. Les nuances brillantes de bleu, d&rsquo;orange, de vert et de rouge s&rsquo;entrelacent dans des motifs complexes refl\u00e9tant le savoir-faire artisanal de villes m\u00e9diterran\u00e9ennes comme Grenade ou S\u00e9ville, c\u00e9l\u00e8bres pour leur remarquable h\u00e9ritage en c\u00e9ramique et mosa\u00efques.<\/p>\n<p>Son design ne sert pas seulement d&rsquo;\u00e9l\u00e9ment d\u00e9coratif attrayant, il est \u00e9galement fonctionnel, parfait pour servir de petits ap\u00e9ritifs ou pour \u00eatre utilis\u00e9 comme un objet de d\u00e9coration exquis dans n&rsquo;importe quelle maison. Ce bol en c\u00e9ramique, avec son histoire et son authenticit\u00e9, devient un souvenir id\u00e9al pour les touristes souhaitant emporter un morceau de la riche culture espagnole.<\/p>\n<p>Chez Ol\u00e9 Mosaic, nous sommes sp\u00e9cialistes de la distribution de souvenirs en gros et proposons des produits qui se distinguent par leur qualit\u00e9 et leur design unique. Ce bol en c\u00e9ramique n&rsquo;est pas seulement un excellent produit pour les boutiques de cadeaux touristiques, il peut \u00e9galement devenir un \u00e9l\u00e9ment phare sur la table de tout amateur de culture gastronomique espagnole. Attirez vos clients avec ce souvenir authentique et vibrant qui c\u00e9l\u00e8bre la beaut\u00e9 de la tradition espagnole, en faisant un incontournable de votre offre de souvenirs.<\/p>\n","protected":false},"excerpt":{"rendered":"<p>Bol en c\u00e9ramique de 9 cm d\u00e9cor\u00e9 de mosa\u00efques color\u00e9es inspir\u00e9es de la tradition espagnole. Ce charmant bol pr\u00e9sente une base blanche rehauss\u00e9e d&rsquo;un bord rouge vibrant et orn\u00e9e d&rsquo;un motif \u00e9labor\u00e9 d&rsquo;azulejos dans les tons bleu, orange, vert et rouge. Id\u00e9al pour servir de petits ap\u00e9ritifs ou comme \u00e9l\u00e9ment d\u00e9coratif, ce bol fusionne la fonctionnalit\u00e9 avec le riche h\u00e9ritage culturel, \u00e9voquant le patrimoine artistique des villes m\u00e9diterran\u00e9ennes.<\/p>\n","protected":false},"featured_media":11180,"template":"","meta":{"_acf_changed":false},"product_brand":[],"product_cat":[521],"product_tag":[585],"class_list":{"0":"post-27831","1":"product","2":"type-product","3":"status-publish","4":"has-post-thumbnail","6":"product_cat-bols","7":"product_tag-ceramique","8":"pa_motivo-mosaique","10":"first","11":"instock","12":"shipping-taxable","13":"product-type-simple"},"acf":[],"_links":{"self":[{"href":"https:\/\/olemosaic.orbitalia.org\/fr\/wp-json\/wp\/v2\/product\/27831","targetHints":{"allow":["GET"]}}],"collection":[{"href":"https:\/\/olemosaic.orbitalia.org\/fr\/wp-json\/wp\/v2\/product"}],"about":[{"href":"https:\/\/olemosaic.orbitalia.org\/fr\/wp-json\/wp\/v2\/types\/product"}],"wp:featuredmedia":[{"embeddable":true,"href":"https:\/\/olemosaic.orbitalia.org\/fr\/wp-json\/wp\/v2\/media\/11180"}],"wp:attachment":[{"href":"https:\/\/olemosaic.orbitalia.org\/fr\/wp-json\/wp\/v2\/media?parent=27831"}],"wp:term":[{"taxonomy":"product_brand","embeddable":true,"href":"https:\/\/olemosaic.orbitalia.org\/fr\/wp-json\/wp\/v2\/product_brand?post=27831"},{"taxonomy":"product_cat","embeddable":true,"href":"https:\/\/olemosaic.orbitalia.org\/fr\/wp-json\/wp\/v2\/product_cat?post=27831"},{"taxonomy":"product_tag","embeddable":true,"href":"https:\/\/olemosaic.orbitalia.org\/fr\/wp-json\/wp\/v2\/product_tag?post=27831"}],"curies":[{"name":"wp","href":"https:\/\/api.w.org\/{rel}","templated":true}]}}