{"id":27796,"date":"2025-02-20T22:29:33","date_gmt":"2025-02-20T22:29:33","guid":{"rendered":"https:\/\/olemosaic.orbitalia.org\/producto\/bol-de-ceramica-de-14-cm-mosaico-barcelona-blanco\/"},"modified":"2025-07-25T20:25:36","modified_gmt":"2025-07-25T18:25:36","slug":"bol-en-ceramique-de-14-cm-mosaique-barcelone-blanc","status":"publish","type":"product","link":"https:\/\/olemosaic.orbitalia.org\/fr\/produit\/bol-en-ceramique-de-14-cm-mosaique-barcelone-blanc\/","title":{"rendered":"Bol en c\u00e9ramique de 14 cm. Mosa\u00efque. Barcelone. Blanc"},"content":{"rendered":"<p>Ce bol en c\u00e9ramique de 14 cm, d\u00e9cor\u00e9 d&rsquo;une mosa\u00efque vibrante, est une pi\u00e8ce embl\u00e9matique qui capture l&rsquo;essence des azulejos traditionnels de Barcelone. Son design color\u00e9 combine des tons bleus, orange et rouges, cr\u00e9ant un effet visuel captivant qui \u00e9voque le riche h\u00e9ritage culturel de la ville. Sur le bord sup\u00e9rieur, une finition rouge brillante apporte une touche moderne, tandis que le texte \u00ab\u00a0Barcelona\u00a0\u00bb est pr\u00e9sent\u00e9 avec une typographie contemporaine, id\u00e9ale pour ceux qui souhaitent emporter un morceau de la ville avec eux.<\/p>\n<p>La mosa\u00efque n&rsquo;est pas seulement esth\u00e9tiquement attrayante, elle repr\u00e9sente \u00e9galement la fusion de la tradition et de la modernit\u00e9 qui caract\u00e9rise Barcelone, c\u00e9l\u00e8bre pour son architecture et son art uniques. Ce bol est parfait aussi bien pour servir des ap\u00e9ritifs que pour orner une table, devenant un \u00e9l\u00e9ment d\u00e9coratif qui attirera tous les regards. La connexion culturelle \u00e9tablie par ce souvenir en fait un excellent cadeau pour les touristes et les amoureux de la culture catalane.<\/p>\n<p>Chez Ol\u00e9 Mosaic, nous nous effor\u00e7ons de proposer des souvenirs authentiques et de qualit\u00e9 en gros, comme ce bol en c\u00e9ramique, id\u00e9al pour les boutiques de cadeaux touristiques. Ce bol en mosa\u00efque de Barcelone n&rsquo;est pas seulement une option fonctionnelle, mais aussi un souvenir repr\u00e9sentatif qui permet aux visiteurs d&#8217;emporter un morceau de la vie et de la culture vibrantes de cette ville. En tant que distributeurs de produits typiques, nous garantissons l&rsquo;authenticit\u00e9 et le design attrayant de chacune de nos pi\u00e8ces.<\/p>\n","protected":false},"excerpt":{"rendered":"<p>Bol en c\u00e9ramique de 14 cm d\u00e9cor\u00e9 d&rsquo;une mosa\u00efque vibrante inspir\u00e9e des azulejos traditionnels de Barcelone. Ce produit pr\u00e9sente un design color\u00e9 combinant des tons bleus, orange et rouges, compl\u00e9t\u00e9 par le mot \u00ab\u00a0Barcelona\u00a0\u00bb \u00e9crit dans un style moderne. Avec une finition brillante et un bord int\u00e9rieur rouge, il est id\u00e9al pour ajouter une touche de style \u00e0 votre table ou comme pi\u00e8ce d\u00e9corative. Parfait pour les amoureux de la culture catalane.<\/p>\n","protected":false},"featured_media":11171,"template":"","meta":{"_acf_changed":false},"product_brand":[],"product_cat":[521],"product_tag":[585],"class_list":{"0":"post-27796","1":"product","2":"type-product","3":"status-publish","4":"has-post-thumbnail","6":"product_cat-bols","7":"product_tag-ceramique","8":"pa_ciudad-barcelona","9":"pa_motivo-mosaique","10":"pa_pais-espana","12":"first","13":"instock","14":"shipping-taxable","15":"product-type-simple"},"acf":[],"_links":{"self":[{"href":"https:\/\/olemosaic.orbitalia.org\/fr\/wp-json\/wp\/v2\/product\/27796","targetHints":{"allow":["GET"]}}],"collection":[{"href":"https:\/\/olemosaic.orbitalia.org\/fr\/wp-json\/wp\/v2\/product"}],"about":[{"href":"https:\/\/olemosaic.orbitalia.org\/fr\/wp-json\/wp\/v2\/types\/product"}],"wp:featuredmedia":[{"embeddable":true,"href":"https:\/\/olemosaic.orbitalia.org\/fr\/wp-json\/wp\/v2\/media\/11171"}],"wp:attachment":[{"href":"https:\/\/olemosaic.orbitalia.org\/fr\/wp-json\/wp\/v2\/media?parent=27796"}],"wp:term":[{"taxonomy":"product_brand","embeddable":true,"href":"https:\/\/olemosaic.orbitalia.org\/fr\/wp-json\/wp\/v2\/product_brand?post=27796"},{"taxonomy":"product_cat","embeddable":true,"href":"https:\/\/olemosaic.orbitalia.org\/fr\/wp-json\/wp\/v2\/product_cat?post=27796"},{"taxonomy":"product_tag","embeddable":true,"href":"https:\/\/olemosaic.orbitalia.org\/fr\/wp-json\/wp\/v2\/product_tag?post=27796"}],"curies":[{"name":"wp","href":"https:\/\/api.w.org\/{rel}","templated":true}]}}