{"id":27775,"date":"2025-02-20T23:29:32","date_gmt":"2025-02-20T22:29:32","guid":{"rendered":"https:\/\/olemosaic.orbitalia.org\/producto\/bol-de-ceramica-de-14-cm-panoramica-barcelona-beige\/"},"modified":"2025-07-25T20:40:01","modified_gmt":"2025-07-25T18:40:01","slug":"bol-en-ceramique-de-14-cm-panoramique-barcelone-beige","status":"publish","type":"product","link":"https:\/\/olemosaic.orbitalia.org\/fr\/produit\/bol-en-ceramique-de-14-cm-panoramique-barcelone-beige\/","title":{"rendered":"Bol en c\u00e9ramique de 14 cm. Panoramique. Barcelone. Beige"},"content":{"rendered":"<p>Ce bol en c\u00e9ramique de 14 cm est une repr\u00e9sentation impressionnante de Barcelone, con\u00e7u pour capturer l&rsquo;essence vibrante de cette ville catalane embl\u00e9matique. Son design panoramique dans les tons beige offre une vue color\u00e9e qui met en valeur deux de ses monuments les plus embl\u00e9matiques : la majestueuse Sagrada Familia et le c\u00e9l\u00e8bre Parc G\u00fcell, connu pour sa mosa\u00efque multicolore. L&rsquo;illustration, \u00e0 l&rsquo;effet peint \u00e0 la main, refl\u00e8te non seulement l&rsquo;architecture singuli\u00e8re d&rsquo;Antoni Gaud\u00ed, mais aussi le riche h\u00e9ritage artistique de Barcelone, avec des d\u00e9tails soigneusement \u00e9labor\u00e9s qui conf\u00e8rent au bol un caract\u00e8re authentique et distinctif.<\/p>\n<p>Le bord du bol est orn\u00e9 d&rsquo;une bande rouge, qui rehausse son \u00e9l\u00e9gance et compl\u00e8te harmonieusement les couleurs du design, faisant de cette pi\u00e8ce un objet d\u00e9coratif id\u00e9al pour n&rsquo;importe quelle maison. De plus, le texte \u00ab Barcelone \u00bb s&rsquo;int\u00e8gre de mani\u00e8re subtile, renfor\u00e7ant sa valeur en tant que souvenir repr\u00e9sentatif. Ce bol n&rsquo;est pas seulement une pi\u00e8ce utilitaire, mais un v\u00e9ritable hommage \u00e0 la culture et \u00e0 l&rsquo;art de Barcelone, ce qui en fait le souvenir parfait pour les touristes et les amoureux de la ville.<\/p>\n<p>Chez Ol\u00e9 Mosaic, nous sommes fiers de proposer des souvenirs authentiques qui capturent l&rsquo;essence culturelle des r\u00e9gions qu&rsquo;ils repr\u00e9sentent. Ce bol en c\u00e9ramique se distingue comme un souvenir de Barcelone, mais aussi comme une pi\u00e8ce que les grossistes en souvenirs appr\u00e9cieront pour sa qualit\u00e9 et son originalit\u00e9. C&rsquo;est sans aucun doute un excellent choix pour les boutiques de cadeaux touristiques qui cherchent \u00e0 offrir des produits uniques connect\u00e9s \u00e0 la tradition et \u00e0 la beaut\u00e9 de l&rsquo;Espagne.<\/p>\n","protected":false},"excerpt":{"rendered":"<p>Bol en c\u00e9ramique de 14 cm avec un design panoramique de Barcelone dans les tons beige. Ce bol color\u00e9 pr\u00e9sente une illustration vibrante incluant l&#8217;embl\u00e9matique Sagrada Familia et le c\u00e9l\u00e8bre Park G\u00fcell avec ses mosa\u00efques. D\u00e9cor\u00e9 de d\u00e9tails distinctifs et du mot \u00ab\u00a0Barcelona\u00a0\u00bb, c&rsquo;est une pi\u00e8ce au design artisanal, peinte \u00e0 la main, qui capture l&rsquo;essence artistique de la ville, parfaite comme souvenir ou \u00e9l\u00e9ment d\u00e9coratif pour la maison.<\/p>\n","protected":false},"featured_media":7706,"template":"","meta":{"_acf_changed":false},"product_brand":[],"product_cat":[521],"product_tag":[585],"class_list":{"0":"post-27775","1":"product","2":"type-product","3":"status-publish","4":"has-post-thumbnail","6":"product_cat-bols","7":"product_tag-ceramique","8":"pa_ciudad-barcelona","9":"pa_motivo-panoramas","10":"pa_pais-espana","12":"first","13":"instock","14":"shipping-taxable","15":"product-type-simple"},"acf":[],"_links":{"self":[{"href":"https:\/\/olemosaic.orbitalia.org\/fr\/wp-json\/wp\/v2\/product\/27775","targetHints":{"allow":["GET"]}}],"collection":[{"href":"https:\/\/olemosaic.orbitalia.org\/fr\/wp-json\/wp\/v2\/product"}],"about":[{"href":"https:\/\/olemosaic.orbitalia.org\/fr\/wp-json\/wp\/v2\/types\/product"}],"wp:featuredmedia":[{"embeddable":true,"href":"https:\/\/olemosaic.orbitalia.org\/fr\/wp-json\/wp\/v2\/media\/7706"}],"wp:attachment":[{"href":"https:\/\/olemosaic.orbitalia.org\/fr\/wp-json\/wp\/v2\/media?parent=27775"}],"wp:term":[{"taxonomy":"product_brand","embeddable":true,"href":"https:\/\/olemosaic.orbitalia.org\/fr\/wp-json\/wp\/v2\/product_brand?post=27775"},{"taxonomy":"product_cat","embeddable":true,"href":"https:\/\/olemosaic.orbitalia.org\/fr\/wp-json\/wp\/v2\/product_cat?post=27775"},{"taxonomy":"product_tag","embeddable":true,"href":"https:\/\/olemosaic.orbitalia.org\/fr\/wp-json\/wp\/v2\/product_tag?post=27775"}],"curies":[{"name":"wp","href":"https:\/\/api.w.org\/{rel}","templated":true}]}}