{"id":27773,"date":"2025-02-20T23:29:31","date_gmt":"2025-02-20T22:29:31","guid":{"rendered":"https:\/\/olemosaic.orbitalia.org\/producto\/bol-de-ceramica-de-14-cm-salamandra-barcelona-beige\/"},"modified":"2025-07-25T20:11:40","modified_gmt":"2025-07-25T18:11:40","slug":"bol-en-ceramique-de-14-cm-salamandre-barcelone-beige","status":"publish","type":"product","link":"https:\/\/olemosaic.orbitalia.org\/fr\/produit\/bol-en-ceramique-de-14-cm-salamandre-barcelone-beige\/","title":{"rendered":"Bol en c\u00e9ramique de 14 cm. Salamandre. Barcelone. Beige"},"content":{"rendered":"<p>Ce bol en c\u00e9ramique de 14 cm est un cadeau parfait qui \u00e9voque l&rsquo;esprit artistique et vibrant de Barcelone. D\u00e9cor\u00e9 de salamandres et de fleurs color\u00e9es, ce bol attrayant aux tons beige pr\u00e9sente un design peint \u00e0 la main qui souligne la richesse culturelle de la cit\u00e9 comtale. Les salamandres, repr\u00e9sent\u00e9es dans une vari\u00e9t\u00e9 de couleurs vives comme le bleu, le vert et le rouge, symbolisent la cr\u00e9ativit\u00e9 et l&rsquo;art caract\u00e9ristiques de la r\u00e9gion. Le mot \u00ab\u00a0Barcelona\u00a0\u00bb appara\u00eet dans des lettres joyeuses qui ajoutent une touche de fra\u00eecheur et de modernit\u00e9 au design, transformant cet objet en un authentique souvenir.<\/p>\n<p>Id\u00e9al aussi bien pour servir des ap\u00e9ritifs que pour \u00eatre utilis\u00e9 comme pi\u00e8ce d\u00e9corative, ce bol en c\u00e9ramique refl\u00e8te les traditions artisanales locales et est un v\u00e9ritable symbole de l&rsquo;hospitalit\u00e9 catalane. Sa finition soigneusement travaill\u00e9e assure non seulement une beaut\u00e9 esth\u00e9tique, mais aussi une fonctionnalit\u00e9. Chaque bol est une pi\u00e8ce unique, repr\u00e9sentative de l&rsquo;h\u00e9ritage culturel de Barcelone, ce qui en fait un excellent souvenir pour les touristes cherchant \u00e0 emporter un petit morceau de la ville.<\/p>\n<p>Chez Ol\u00e9 Mosaic, nous nous sp\u00e9cialisons dans la distribution de souvenirs en gros, offrant des produits authentiques et de haute qualit\u00e9, id\u00e9aux pour les boutiques de cadeaux touristiques. Ce bol en c\u00e9ramique attirera non seulement les visiteurs \u00e0 la recherche de souvenirs de Barcelone, mais c\u00e9l\u00e9brera \u00e9galement la riche histoire et l&rsquo;art de cette ville embl\u00e9matique. En tant que grossistes en c\u00e9ramique, nous garantissons l&rsquo;authenticit\u00e9 et la valeur culturelle de chaque pi\u00e8ce que nous proposons.<\/p>\n","protected":false},"excerpt":{"rendered":"<p>Bol en c\u00e9ramique de 14 cm d\u00e9cor\u00e9 de salamandres et de fleurs color\u00e9es, \u00e9voquant le style vibrant de Barcelone. Ce bol attrayant aux tons beige pr\u00e9sente un design artisanal, peint \u00e0 la main, qui combine des d\u00e9tails en bleu, vert et rouge, incluant le mot \u00ab\u00a0Barcelona\u00a0\u00bb en lettres joyeuses. Id\u00e9al pour servir des ap\u00e9ritifs ou comme pi\u00e8ce d\u00e9corative, c&rsquo;est un souvenir qui capturera l&rsquo;esprit artistique de la ville de Barcelone.<\/p>\n","protected":false},"featured_media":7226,"template":"","meta":{"_acf_changed":false},"product_brand":[],"product_cat":[521],"product_tag":[530,585],"class_list":{"0":"post-27773","1":"product","2":"type-product","3":"status-publish","4":"has-post-thumbnail","6":"product_cat-bols","7":"product_tag-animaux","8":"product_tag-ceramique","9":"pa_ciudad-barcelona","10":"pa_motivo-salamandres","11":"pa_pais-espana","13":"first","14":"instock","15":"shipping-taxable","16":"product-type-simple"},"acf":[],"_links":{"self":[{"href":"https:\/\/olemosaic.orbitalia.org\/fr\/wp-json\/wp\/v2\/product\/27773","targetHints":{"allow":["GET"]}}],"collection":[{"href":"https:\/\/olemosaic.orbitalia.org\/fr\/wp-json\/wp\/v2\/product"}],"about":[{"href":"https:\/\/olemosaic.orbitalia.org\/fr\/wp-json\/wp\/v2\/types\/product"}],"wp:featuredmedia":[{"embeddable":true,"href":"https:\/\/olemosaic.orbitalia.org\/fr\/wp-json\/wp\/v2\/media\/7226"}],"wp:attachment":[{"href":"https:\/\/olemosaic.orbitalia.org\/fr\/wp-json\/wp\/v2\/media?parent=27773"}],"wp:term":[{"taxonomy":"product_brand","embeddable":true,"href":"https:\/\/olemosaic.orbitalia.org\/fr\/wp-json\/wp\/v2\/product_brand?post=27773"},{"taxonomy":"product_cat","embeddable":true,"href":"https:\/\/olemosaic.orbitalia.org\/fr\/wp-json\/wp\/v2\/product_cat?post=27773"},{"taxonomy":"product_tag","embeddable":true,"href":"https:\/\/olemosaic.orbitalia.org\/fr\/wp-json\/wp\/v2\/product_tag?post=27773"}],"curies":[{"name":"wp","href":"https:\/\/api.w.org\/{rel}","templated":true}]}}