{"id":27771,"date":"2025-02-20T23:29:31","date_gmt":"2025-02-20T22:29:31","guid":{"rendered":"https:\/\/olemosaic.orbitalia.org\/producto\/bol-de-ceramica-de-135-cm-salamandra-mallorca-beige\/"},"modified":"2025-07-25T19:41:14","modified_gmt":"2025-07-25T17:41:14","slug":"bol-en-ceramique-de-13-5-cm-salamandre-majorque-beige","status":"publish","type":"product","link":"https:\/\/olemosaic.orbitalia.org\/fr\/produit\/bol-en-ceramique-de-13-5-cm-salamandre-majorque-beige\/","title":{"rendered":"Bol en c\u00e9ramique de 13,5 cm. Salamandre. Majorque. Beige"},"content":{"rendered":"<p>Ce bol en c\u00e9ramique de 13,5 cm, inspir\u00e9 de la faune de Majorque, est une pi\u00e8ce d\u00e9corative qui refl\u00e8te l&rsquo;essence vibrante de la M\u00e9diterran\u00e9e. Avec un design charmant pr\u00e9sentant des salamandres multicolores sur un fond beige, ce bol ovale attire l&rsquo;attention par ses d\u00e9tails complexes. L&rsquo;illustration des salamandres, repr\u00e9sent\u00e9es dans des tons vibrants de bleu, rouge et vert, ainsi que des fleurs d\u00e9licates aux couleurs contrast\u00e9es, compl\u00e8te la joie et le coloris typiques de l&rsquo;\u00eele. Le mot \u00ab\u00a0MALLORCA\u00a0\u00bb, imprim\u00e9 dans un style d\u00e9contract\u00e9, ajoute une touche d&rsquo;authenticit\u00e9 et de connexion avec la r\u00e9gion, faisant de ce bol un souvenir repr\u00e9sentatif que les touristes seront ravis de ramener chez eux.<\/p>\n<p>Cette pi\u00e8ce ne sert pas seulement d&rsquo;\u00e9l\u00e9ment d\u00e9coratif attrayant, mais elle est \u00e9galement fonctionnelle, id\u00e9ale pour servir des ap\u00e9ritifs ou comme un joli centre de table dans n&rsquo;importe quelle maison. La c\u00e9ramique majorquine est connue pour son artisanat et son design tr\u00e8s sp\u00e9cial, ce qui fait de ce bol un excellent souvenir pour ceux qui recherchent un souvenir authentique de leur visite aux \u00eeles Bal\u00e9ares. Chez Ol\u00e9 Mosaic, en tant que grossiste en c\u00e9ramique, nous proposons des articles qui non seulement embellissent, mais c\u00e9l\u00e8brent \u00e9galement la richesse culturelle de leurs origines, garantissant que chaque client trouve un morceau de Majorque dans chaque produit.<\/p>\n","protected":false},"excerpt":{"rendered":"<p>Bol en c\u00e9ramique de 13,5 cm inspir\u00e9 de la faune majorquine, avec un charmant design de salamandres multicolores. Ce bol \u00e9l\u00e9gant, \u00e0 la forme ovale imposante et au fond beige, met en valeur les motifs ornementaux aux tons vibrants et les fleurs d\u00e9coratives. Le mot \u00ab\u00a0MALLORCA\u00a0\u00bb est imprim\u00e9 dans un style d\u00e9contract\u00e9, compl\u00e9tant son attrait visuel. Id\u00e9al comme pi\u00e8ce d\u00e9corative ou pour un usage pratique, il ajoute une touche m\u00e9diterran\u00e9enne \u00e0 n&rsquo;importe quel foyer.<\/p>\n","protected":false},"featured_media":7729,"template":"","meta":{"_acf_changed":false},"product_brand":[],"product_cat":[521],"product_tag":[530,585],"class_list":{"0":"post-27771","1":"product","2":"type-product","3":"status-publish","4":"has-post-thumbnail","6":"product_cat-bols","7":"product_tag-animaux","8":"product_tag-ceramique","9":"pa_ciudad-mallorca","10":"pa_motivo-salamandres","11":"pa_pais-espana","13":"first","14":"instock","15":"shipping-taxable","16":"product-type-simple"},"acf":[],"_links":{"self":[{"href":"https:\/\/olemosaic.orbitalia.org\/fr\/wp-json\/wp\/v2\/product\/27771","targetHints":{"allow":["GET"]}}],"collection":[{"href":"https:\/\/olemosaic.orbitalia.org\/fr\/wp-json\/wp\/v2\/product"}],"about":[{"href":"https:\/\/olemosaic.orbitalia.org\/fr\/wp-json\/wp\/v2\/types\/product"}],"wp:featuredmedia":[{"embeddable":true,"href":"https:\/\/olemosaic.orbitalia.org\/fr\/wp-json\/wp\/v2\/media\/7729"}],"wp:attachment":[{"href":"https:\/\/olemosaic.orbitalia.org\/fr\/wp-json\/wp\/v2\/media?parent=27771"}],"wp:term":[{"taxonomy":"product_brand","embeddable":true,"href":"https:\/\/olemosaic.orbitalia.org\/fr\/wp-json\/wp\/v2\/product_brand?post=27771"},{"taxonomy":"product_cat","embeddable":true,"href":"https:\/\/olemosaic.orbitalia.org\/fr\/wp-json\/wp\/v2\/product_cat?post=27771"},{"taxonomy":"product_tag","embeddable":true,"href":"https:\/\/olemosaic.orbitalia.org\/fr\/wp-json\/wp\/v2\/product_tag?post=27771"}],"curies":[{"name":"wp","href":"https:\/\/api.w.org\/{rel}","templated":true}]}}