{"id":27760,"date":"2025-02-20T23:29:31","date_gmt":"2025-02-20T22:29:31","guid":{"rendered":"https:\/\/olemosaic.orbitalia.org\/producto\/bol-de-ceramica-de-135-cm-punt-de-trobada-beige\/"},"modified":"2025-07-25T19:59:19","modified_gmt":"2025-07-25T17:59:19","slug":"bol-en-ceramique-de-13-5-cm-point-de-rencontre-beige","status":"publish","type":"product","link":"https:\/\/olemosaic.orbitalia.org\/fr\/produit\/bol-en-ceramique-de-13-5-cm-point-de-rencontre-beige\/","title":{"rendered":"Bol en c\u00e9ramique de 13,5 cm. Point de rencontre. Beige"},"content":{"rendered":"<p>Ce bol en c\u00e9ramique de 13,5 cm est un v\u00e9ritable chef-d&rsquo;\u0153uvre qui capture l&rsquo;essence de l&rsquo;art catalan. Avec son design ovale et une charmante finition de couleur beige, ce produit n&rsquo;est pas seulement fonctionnel, mais constitue \u00e9galement un \u00e9l\u00e9ment d\u00e9coratif attrayant. Le bord, dans un ton orange vibrant, souligne sa forme unique, tandis que la d\u00e9coration, compos\u00e9e de motifs abstraits dans des couleurs intenses rouge, vert, bleu, jaune et noir, apporte une touche ludique et moderne qui \u00e9gayera n&rsquo;importe quelle ambiance.<\/p>\n<p>Chaque pi\u00e8ce semble \u00eatre peinte \u00e0 la main, ce qui garantit que chaque bol est unique et porte en lui le d\u00e9vouement des artisans locaux. Ses formes organiques et \u00e9toil\u00e9es \u00e9voquent la riche tradition artistique de la r\u00e9gion, en faisant un reflet parfait de la culture catalane. Id\u00e9al pour servir des ap\u00e9ritifs ou comme un objet d\u00e9coratif exquis, ce bol est une excellente option pour les touristes \u00e0 la recherche de souvenirs authentiques et repr\u00e9sentatifs de leur exp\u00e9rience en Catalogne.<\/p>\n<p>Chez Ol\u00e9 Mosaic, nous nous sp\u00e9cialisons dans la distribution de souvenirs en gros, offrant des produits authentiques et culturels qui mettent en valeur la diversit\u00e9 du patrimoine espagnol. Ce bol en c\u00e9ramique est une option incomparable pour les boutiques de cadeaux touristiques souhaitant proposer des articles de qualit\u00e9 avec une forte valeur culturelle. En tant que grossistes en c\u00e9ramique, nous garantissons l&rsquo;authenticit\u00e9 et le style de chaque pi\u00e8ce, faisant de ce bol le souvenir parfait de la Catalogne.<\/p>\n","protected":false},"excerpt":{"rendered":"<p>Bol en c\u00e9ramique de 13,5 cm, inspir\u00e9 du style artistique catalan. Ce produit pr\u00e9sente un design ovale avec une finition beige et un bord orange. D\u00e9cor\u00e9 de motifs abstraits vibrants en rouge, vert, bleu, jaune et noir, il \u00e9voque une sensation ludique et moderne. Sa d\u00e9coration, aux formes organiques et \u00e9toil\u00e9es, semble \u00eatre peinte \u00e0 la main, ce qui ajoute une touche unique \u00e0 chaque pi\u00e8ce. Id\u00e9al pour servir des ap\u00e9ritifs ou comme \u00e9l\u00e9ment d\u00e9coratif dans votre maison.<\/p>\n","protected":false},"featured_media":10053,"template":"","meta":{"_acf_changed":false},"product_brand":[],"product_cat":[521],"product_tag":[585],"class_list":{"0":"post-27760","1":"product","2":"type-product","3":"status-publish","4":"has-post-thumbnail","6":"product_cat-bols","7":"product_tag-ceramique","8":"pa_motivo-punt-de-trobada","10":"first","11":"instock","12":"shipping-taxable","13":"product-type-simple"},"acf":[],"_links":{"self":[{"href":"https:\/\/olemosaic.orbitalia.org\/fr\/wp-json\/wp\/v2\/product\/27760","targetHints":{"allow":["GET"]}}],"collection":[{"href":"https:\/\/olemosaic.orbitalia.org\/fr\/wp-json\/wp\/v2\/product"}],"about":[{"href":"https:\/\/olemosaic.orbitalia.org\/fr\/wp-json\/wp\/v2\/types\/product"}],"wp:featuredmedia":[{"embeddable":true,"href":"https:\/\/olemosaic.orbitalia.org\/fr\/wp-json\/wp\/v2\/media\/10053"}],"wp:attachment":[{"href":"https:\/\/olemosaic.orbitalia.org\/fr\/wp-json\/wp\/v2\/media?parent=27760"}],"wp:term":[{"taxonomy":"product_brand","embeddable":true,"href":"https:\/\/olemosaic.orbitalia.org\/fr\/wp-json\/wp\/v2\/product_brand?post=27760"},{"taxonomy":"product_cat","embeddable":true,"href":"https:\/\/olemosaic.orbitalia.org\/fr\/wp-json\/wp\/v2\/product_cat?post=27760"},{"taxonomy":"product_tag","embeddable":true,"href":"https:\/\/olemosaic.orbitalia.org\/fr\/wp-json\/wp\/v2\/product_tag?post=27760"}],"curies":[{"name":"wp","href":"https:\/\/api.w.org\/{rel}","templated":true}]}}