{"id":27759,"date":"2025-02-20T23:29:31","date_gmt":"2025-02-20T22:29:31","guid":{"rendered":"https:\/\/olemosaic.orbitalia.org\/producto\/bol-de-ceramica-de-135-cm-panoramica-barcelona-beige\/"},"modified":"2025-07-25T20:29:39","modified_gmt":"2025-07-25T18:29:39","slug":"bol-en-ceramique-de-13-5-cm-panoramique-barcelone-beige","status":"publish","type":"product","link":"https:\/\/olemosaic.orbitalia.org\/fr\/produit\/bol-en-ceramique-de-13-5-cm-panoramique-barcelone-beige\/","title":{"rendered":"Bol en c\u00e9ramique de 13,5 cm. Panoramique. Barcelone. Beige"},"content":{"rendered":"<p>Ce bol en c\u00e9ramique de 13,5 cm est un magnifique souvenir qui encapsule l&rsquo;essence de Barcelone dans un design vibrant et panoramique, id\u00e9al aussi bien comme souvenir que pour un usage quotidien. Peint \u00e0 la main avec une palette de couleurs vives sur un fond beige, ce bol attrayant pr\u00e9sente des illustrations des monuments les plus embl\u00e9matiques de la ville, tels que l&rsquo;iconique Sagrada Familia et le color\u00e9 Parc G\u00fcell. Le bord rouge ajoute une touche distinctive, rehaussant la beaut\u00e9 du design et soulignant l&rsquo;artisanat local.<\/p>\n<p>Le bol n&rsquo;est pas seulement fonctionnel et d\u00e9coratif, il \u00e9voque \u00e9galement le riche h\u00e9ritage culturel de Barcelone, en faisant un souvenir repr\u00e9sentatif qui connecte ceux qui le poss\u00e8dent \u00e0 la chaleur de la ville. Les illustrations, riches en d\u00e9tails, refl\u00e8tent le chef-d&rsquo;\u0153uvre architectural d&rsquo;Antoni Gaud\u00ed et l&rsquo;esprit vibrant de la vie barcelonaise.<\/p>\n<p>Chez Ol\u00e9 Mosaic, nous proposons cet authentique bol en c\u00e9ramique dans le cadre de notre collection de souvenirs de Barcelone, garantissant qualit\u00e9 et authenticit\u00e9 dans chaque pi\u00e8ce. C&rsquo;est une excellente option pour les boutiques de cadeaux touristiques qui cherchent \u00e0 int\u00e9grer des produits uniques et culturels dans leur offre, repr\u00e9sentant ainsi le style et la tradition de cette merveilleuse ville.<\/p>\n","protected":false},"excerpt":{"rendered":"<p>Bol en c\u00e9ramique de 13,5 cm avec un design panoramique qui capture l&rsquo;essence de Barcelone. Ce magnifique bol pr\u00e9sente des couleurs vibrantes sur un fond beige, orn\u00e9 d&rsquo;illustrations de monuments embl\u00e9matiques tels que la Sagrada Familia et le Park G\u00fcell. Peint dans un style artisanal, il se distingue par son bord rouge et ses \u00e9l\u00e9ments d\u00e9coratifs qui refl\u00e8tent la culture locale, offrant une touche artistique et fonctionnelle pour n&rsquo;importe quel int\u00e9rieur. Parfait comme souvenir ou pour un usage quotidien.<\/p>\n","protected":false},"featured_media":7766,"template":"","meta":{"_acf_changed":false},"product_brand":[],"product_cat":[521],"product_tag":[585],"class_list":{"0":"post-27759","1":"product","2":"type-product","3":"status-publish","4":"has-post-thumbnail","6":"product_cat-bols","7":"product_tag-ceramique","8":"pa_ciudad-barcelona","9":"pa_motivo-panoramas","10":"pa_pais-espana","12":"first","13":"instock","14":"shipping-taxable","15":"product-type-simple"},"acf":[],"_links":{"self":[{"href":"https:\/\/olemosaic.orbitalia.org\/fr\/wp-json\/wp\/v2\/product\/27759","targetHints":{"allow":["GET"]}}],"collection":[{"href":"https:\/\/olemosaic.orbitalia.org\/fr\/wp-json\/wp\/v2\/product"}],"about":[{"href":"https:\/\/olemosaic.orbitalia.org\/fr\/wp-json\/wp\/v2\/types\/product"}],"wp:featuredmedia":[{"embeddable":true,"href":"https:\/\/olemosaic.orbitalia.org\/fr\/wp-json\/wp\/v2\/media\/7766"}],"wp:attachment":[{"href":"https:\/\/olemosaic.orbitalia.org\/fr\/wp-json\/wp\/v2\/media?parent=27759"}],"wp:term":[{"taxonomy":"product_brand","embeddable":true,"href":"https:\/\/olemosaic.orbitalia.org\/fr\/wp-json\/wp\/v2\/product_brand?post=27759"},{"taxonomy":"product_cat","embeddable":true,"href":"https:\/\/olemosaic.orbitalia.org\/fr\/wp-json\/wp\/v2\/product_cat?post=27759"},{"taxonomy":"product_tag","embeddable":true,"href":"https:\/\/olemosaic.orbitalia.org\/fr\/wp-json\/wp\/v2\/product_tag?post=27759"}],"curies":[{"name":"wp","href":"https:\/\/api.w.org\/{rel}","templated":true}]}}