{"id":27757,"date":"2025-02-20T22:29:30","date_gmt":"2025-02-20T22:29:30","guid":{"rendered":"https:\/\/olemosaic.orbitalia.org\/producto\/bol-de-ceramica-de-12-cm-camino-de-santiago-beige\/"},"modified":"2025-07-25T19:58:01","modified_gmt":"2025-07-25T17:58:01","slug":"bol-en-ceramique-de-12-cm-chemin-de-compostelle-beige","status":"publish","type":"product","link":"https:\/\/olemosaic.orbitalia.org\/fr\/produit\/bol-en-ceramique-de-12-cm-chemin-de-compostelle-beige\/","title":{"rendered":"Bol en c\u00e9ramique de 12 cm. Chemin de Compostelle. Beige"},"content":{"rendered":"<p>Ce bol en c\u00e9ramique de 12 cm est inspir\u00e9 du l\u00e9gendaire Chemin de Compostelle, l&rsquo;une des routes de p\u00e8lerinage les plus embl\u00e9matiques au monde. Avec son illustration vibrante, le bol pr\u00e9sente le c\u00e9l\u00e8bre moine p\u00e8lerin, repr\u00e9sent\u00e9 majestueusement \u00e0 c\u00f4t\u00e9 de l&rsquo;iconique cath\u00e9drale de Saint-Jacques-de-Compostelle, symbole de foi et de connexion culturelle. La palette de couleurs comprend des tons beige chauds, qui apportent une sensation accueillante, tandis que le bord rouge souligne l&rsquo;artisanat du produit et ajoute une touche de distinction.<\/p>\n<p>D\u00e9cor\u00e9 de motifs culturels, tels que la coquille du p\u00e8lerin et le symbole embl\u00e9matique du chemin, ce bol allie fonctionnalit\u00e9 et art. Les inscriptions \u00ab\u00a0Camino de Santiago\u00a0\u00bb dans des couleurs charmantes \u00e9voquent le voyage spirituel et culturel que de nombreux voyageurs entreprennent, faisant de cet objet un souvenir repr\u00e9sentatif et authentique de la r\u00e9gion. Ce bol n&rsquo;est pas seulement id\u00e9al pour un usage quotidien, mais sert \u00e9galement de souvenir attrayant pour ceux qui cherchent \u00e0 emporter un petit morceau de l&rsquo;histoire et de la tradition espagnole.<\/p>\n<p>Chez Ol\u00e9 Mosaic, nous nous consacrons \u00e0 la distribution de souvenirs en gros, comme ce bol en c\u00e9ramique du Chemin de Compostelle, un cadeau parfait pour les boutiques de souvenirs touristiques qui souhaitent proposer des produits authentiques et de haute qualit\u00e9. Ce bol est plus qu&rsquo;un simple article d\u00e9coratif ; c&rsquo;est une pi\u00e8ce qui \u00e9voque l&rsquo;essence du p\u00e8lerinage, offrant aux touristes l&rsquo;opportunit\u00e9 de ramener un souvenir significatif de leur exp\u00e9rience.<\/p>\n","protected":false},"excerpt":{"rendered":"<p>Bol en c\u00e9ramique de 12 cm, inspir\u00e9 du Chemin de Compostelle. Il pr\u00e9sente une illustration color\u00e9e du c\u00e9l\u00e8bre moine p\u00e8lerin et de l&rsquo;iconique cath\u00e9drale de Saint-Jacques-de-Compostelle. Le bol, avec des d\u00e9tails dans des tons beige et un bord rouge, arbore des inscriptions \u00e9voquant le nom du chemin. D\u00e9cor\u00e9 dans un style vibrant, il combine des motifs culturels et des \u00e9l\u00e9ments distinctifs comme des coquilles et l&#8217;embl\u00e8me du chemin, en faisant un souvenir attrayant.<\/p>\n","protected":false},"featured_media":8725,"template":"","meta":{"_acf_changed":false},"product_brand":[],"product_cat":[521],"product_tag":[585],"class_list":{"0":"post-27757","1":"product","2":"type-product","3":"status-publish","4":"has-post-thumbnail","6":"product_cat-bols","7":"product_tag-ceramique","8":"pa_motivo-chemin-saint-jacques","10":"first","11":"instock","12":"shipping-taxable","13":"product-type-simple"},"acf":[],"_links":{"self":[{"href":"https:\/\/olemosaic.orbitalia.org\/fr\/wp-json\/wp\/v2\/product\/27757","targetHints":{"allow":["GET"]}}],"collection":[{"href":"https:\/\/olemosaic.orbitalia.org\/fr\/wp-json\/wp\/v2\/product"}],"about":[{"href":"https:\/\/olemosaic.orbitalia.org\/fr\/wp-json\/wp\/v2\/types\/product"}],"wp:featuredmedia":[{"embeddable":true,"href":"https:\/\/olemosaic.orbitalia.org\/fr\/wp-json\/wp\/v2\/media\/8725"}],"wp:attachment":[{"href":"https:\/\/olemosaic.orbitalia.org\/fr\/wp-json\/wp\/v2\/media?parent=27757"}],"wp:term":[{"taxonomy":"product_brand","embeddable":true,"href":"https:\/\/olemosaic.orbitalia.org\/fr\/wp-json\/wp\/v2\/product_brand?post=27757"},{"taxonomy":"product_cat","embeddable":true,"href":"https:\/\/olemosaic.orbitalia.org\/fr\/wp-json\/wp\/v2\/product_cat?post=27757"},{"taxonomy":"product_tag","embeddable":true,"href":"https:\/\/olemosaic.orbitalia.org\/fr\/wp-json\/wp\/v2\/product_tag?post=27757"}],"curies":[{"name":"wp","href":"https:\/\/api.w.org\/{rel}","templated":true}]}}