{"id":27739,"date":"2025-02-20T23:29:30","date_gmt":"2025-02-20T22:29:30","guid":{"rendered":"https:\/\/olemosaic.orbitalia.org\/producto\/bol-de-ceramica-de-12-cm-panoramica-barcelona-beige\/"},"modified":"2025-07-25T20:11:48","modified_gmt":"2025-07-25T18:11:48","slug":"bol-en-ceramique-de-12-cm-panoramique-barcelone-beige","status":"publish","type":"product","link":"https:\/\/olemosaic.orbitalia.org\/fr\/produit\/bol-en-ceramique-de-12-cm-panoramique-barcelone-beige\/","title":{"rendered":"Bol en c\u00e9ramique de 12 cm. Panoramique. Barcelone. Beige"},"content":{"rendered":"<p>Ce bol en c\u00e9ramique de 12 cm se distingue par son charmant design panoramique de Barcelone, qui capture l&rsquo;essence vibrante de la ville. L&rsquo;int\u00e9rieur du bol pr\u00e9sente une illustration \u00e0 effet peint \u00e0 la main qui met en valeur la c\u00e9l\u00e8bre Sagrada Familia et d&rsquo;autres b\u00e2timents embl\u00e9matiques de Barcelone, cr\u00e9ant une v\u00e9ritable \u0153uvre d&rsquo;art. Les couleurs vibrantes de l&rsquo;image rehaussent la beaut\u00e9 architecturale de ces ic\u00f4nes urbaines, tandis que le ton beige chaud de la finition ext\u00e9rieure est compl\u00e9t\u00e9 par des bords d&rsquo;un rouge attrayant, offrant un contraste visuel captivant. Ce bol n&rsquo;est pas seulement fonctionnel, mais aussi un souvenir d\u00e9coratif qui invite \u00e0 revivre la magie de Barcelone \u00e0 chaque utilisation. Les touristes \u00e0 la recherche de souvenirs authentiques trouveront dans ce bol une c\u00e9l\u00e9bration de la riche culture et de l&rsquo;architecture unique de la ville, en faisant un excellent compl\u00e9ment \u00e0 leur collection de souvenirs. Chez Ol\u00e9 Mosaic, en tant que distributeurs de souvenirs en c\u00e9ramique, ce bol repr\u00e9sente la qualit\u00e9 et le design caract\u00e9ristiques de la tradition artisanale espagnole, id\u00e9al pour les boutiques de cadeaux touristiques souhaitant offrir \u00e0 leurs clients des articles authentiques et significatifs.<\/p>\n","protected":false},"excerpt":{"rendered":"<p>Bol en c\u00e9ramique de 12 cm avec une charmante vue panoramique de Barcelone \u00e0 l&rsquo;int\u00e9rieur. Le bol pr\u00e9sente un design artisanal, peint \u00e0 la main, illustrant la c\u00e9l\u00e8bre Sagrada Familia et d&rsquo;autres b\u00e2timents embl\u00e9matiques de la ville, avec des couleurs vibrantes qui soulignent sa beaut\u00e9 architecturale. Avec une finition dans un ton beige chaud et des bords rouges, c&rsquo;est un souvenir attrayant qui capture l&rsquo;essence de Barcelone, id\u00e9al pour un usage d\u00e9coratif ou fonctionnel.<\/p>\n","protected":false},"featured_media":7762,"template":"","meta":{"_acf_changed":false},"product_brand":[],"product_cat":[521],"product_tag":[585],"class_list":{"0":"post-27739","1":"product","2":"type-product","3":"status-publish","4":"has-post-thumbnail","6":"product_cat-bols","7":"product_tag-ceramique","8":"pa_ciudad-barcelona","9":"pa_motivo-panoramas","10":"pa_pais-espana","12":"first","13":"instock","14":"shipping-taxable","15":"product-type-simple"},"acf":[],"_links":{"self":[{"href":"https:\/\/olemosaic.orbitalia.org\/fr\/wp-json\/wp\/v2\/product\/27739","targetHints":{"allow":["GET"]}}],"collection":[{"href":"https:\/\/olemosaic.orbitalia.org\/fr\/wp-json\/wp\/v2\/product"}],"about":[{"href":"https:\/\/olemosaic.orbitalia.org\/fr\/wp-json\/wp\/v2\/types\/product"}],"wp:featuredmedia":[{"embeddable":true,"href":"https:\/\/olemosaic.orbitalia.org\/fr\/wp-json\/wp\/v2\/media\/7762"}],"wp:attachment":[{"href":"https:\/\/olemosaic.orbitalia.org\/fr\/wp-json\/wp\/v2\/media?parent=27739"}],"wp:term":[{"taxonomy":"product_brand","embeddable":true,"href":"https:\/\/olemosaic.orbitalia.org\/fr\/wp-json\/wp\/v2\/product_brand?post=27739"},{"taxonomy":"product_cat","embeddable":true,"href":"https:\/\/olemosaic.orbitalia.org\/fr\/wp-json\/wp\/v2\/product_cat?post=27739"},{"taxonomy":"product_tag","embeddable":true,"href":"https:\/\/olemosaic.orbitalia.org\/fr\/wp-json\/wp\/v2\/product_tag?post=27739"}],"curies":[{"name":"wp","href":"https:\/\/api.w.org\/{rel}","templated":true}]}}