{"id":27709,"date":"2025-02-20T22:29:29","date_gmt":"2025-02-20T22:29:29","guid":{"rendered":"https:\/\/olemosaic.orbitalia.org\/producto\/bol-de-ceramica-de-11-cm-camino-de-santiago-beige\/"},"modified":"2025-07-25T19:55:29","modified_gmt":"2025-07-25T17:55:29","slug":"bol-en-ceramique-de-11-cm-chemin-de-compostelle-beige","status":"publish","type":"product","link":"https:\/\/olemosaic.orbitalia.org\/fr\/produit\/bol-en-ceramique-de-11-cm-chemin-de-compostelle-beige\/","title":{"rendered":"Bol en c\u00e9ramique de 11 cm. Chemin de Compostelle. Beige"},"content":{"rendered":"<p>Ce bol en c\u00e9ramique de 11 cm, inspir\u00e9 du Chemin de Compostelle, est un v\u00e9ritable joyau culturel qui apporte une touche distinctive \u00e0 n&rsquo;importe quel foyer. Avec une finition \u00e9l\u00e9gante d&rsquo;un beige doux, il est orn\u00e9 d&rsquo;illustrations vibrantes repr\u00e9sentant l&rsquo;ap\u00f4tre Saint-Jacques, avec son b\u00e2ton caract\u00e9ristique et accompagn\u00e9 de l&rsquo;iconique coquille du p\u00e8lerin, symbole de ce p\u00e8lerinage mill\u00e9naire. Devant lui s&rsquo;\u00e9l\u00e8vent de majestueux monuments que les marcheurs rencontrent tout au long du trajet, rendant hommage \u00e0 la riche histoire et \u00e0 la spiritualit\u00e9 que repr\u00e9sente le Chemin de Compostelle.<\/p>\n<p>L&rsquo;int\u00e9rieur du bol pr\u00e9sente un rouge intense qui contraste merveilleusement avec l&rsquo;ext\u00e9rieur d\u00e9cor\u00e9, rehaussant son attrait visuel et en faisant une pi\u00e8ce id\u00e9ale tant pour l&rsquo;usage quotidien que pour la d\u00e9coration. Ce bol n&rsquo;est pas seulement un souvenir parfait pour ceux qui ont parcouru le Chemin, mais aussi un \u00e9l\u00e9ment de connexion avec la tradition et la culture galicienne. Chez Ol\u00e9 Mosaic, nous distribuons ce bol dans le cadre de notre offre de souvenirs authentiques, id\u00e9aux pour les boutiques de cadeaux touristiques \u00e0 la recherche de produits uniques. Ce bol en c\u00e9ramique est, plus qu&rsquo;un objet d\u00e9coratif, le t\u00e9moin d&rsquo;une exp\u00e9rience culturelle inoubliable, constituant une excellente option pour ceux qui souhaitent emporter un morceau du Chemin de Compostelle.<\/p>\n","protected":false},"excerpt":{"rendered":"<p>Bol en c\u00e9ramique de 11 cm inspir\u00e9 du Chemin de Compostelle, id\u00e9al pour apporter une touche culturelle \u00e0 votre foyer. D&rsquo;un beige doux, il pr\u00e9sente des illustrations vibrantes repr\u00e9sentant l&rsquo;ap\u00f4tre Saint-Jacques avec son b\u00e2ton et la c\u00e9l\u00e8bre coquille du p\u00e8lerin, ainsi que de majestueux monuments du parcours. L&rsquo;int\u00e9rieur du bol est d&rsquo;un rouge intense, contrastant avec l&rsquo;ext\u00e9rieur d\u00e9cor\u00e9 et rehaussant son attrait visuel. Parfait comme souvenir ou \u00e9l\u00e9ment d\u00e9coratif.<\/p>\n","protected":false},"featured_media":8720,"template":"","meta":{"_acf_changed":false},"product_brand":[],"product_cat":[521],"product_tag":[585],"class_list":{"0":"post-27709","1":"product","2":"type-product","3":"status-publish","4":"has-post-thumbnail","6":"product_cat-bols","7":"product_tag-ceramique","8":"pa_motivo-chemin-saint-jacques","10":"first","11":"instock","12":"shipping-taxable","13":"product-type-simple"},"acf":[],"_links":{"self":[{"href":"https:\/\/olemosaic.orbitalia.org\/fr\/wp-json\/wp\/v2\/product\/27709","targetHints":{"allow":["GET"]}}],"collection":[{"href":"https:\/\/olemosaic.orbitalia.org\/fr\/wp-json\/wp\/v2\/product"}],"about":[{"href":"https:\/\/olemosaic.orbitalia.org\/fr\/wp-json\/wp\/v2\/types\/product"}],"wp:featuredmedia":[{"embeddable":true,"href":"https:\/\/olemosaic.orbitalia.org\/fr\/wp-json\/wp\/v2\/media\/8720"}],"wp:attachment":[{"href":"https:\/\/olemosaic.orbitalia.org\/fr\/wp-json\/wp\/v2\/media?parent=27709"}],"wp:term":[{"taxonomy":"product_brand","embeddable":true,"href":"https:\/\/olemosaic.orbitalia.org\/fr\/wp-json\/wp\/v2\/product_brand?post=27709"},{"taxonomy":"product_cat","embeddable":true,"href":"https:\/\/olemosaic.orbitalia.org\/fr\/wp-json\/wp\/v2\/product_cat?post=27709"},{"taxonomy":"product_tag","embeddable":true,"href":"https:\/\/olemosaic.orbitalia.org\/fr\/wp-json\/wp\/v2\/product_tag?post=27709"}],"curies":[{"name":"wp","href":"https:\/\/api.w.org\/{rel}","templated":true}]}}