{"id":27708,"date":"2025-02-20T22:29:29","date_gmt":"2025-02-20T22:29:29","guid":{"rendered":"https:\/\/olemosaic.orbitalia.org\/producto\/bol-de-ceramica-de-11-cm-toro-beige\/"},"modified":"2025-07-25T18:50:55","modified_gmt":"2025-07-25T16:50:55","slug":"bol-en-ceramique-de-11-cm-taureau-beige","status":"publish","type":"product","link":"https:\/\/olemosaic.orbitalia.org\/fr\/produit\/bol-en-ceramique-de-11-cm-taureau-beige\/","title":{"rendered":"Bol en c\u00e9ramique de 11 cm. Taureau. Beige"},"content":{"rendered":"<p>Ce bol en c\u00e9ramique de 11 cm est une repr\u00e9sentation vibrante du c\u00e9l\u00e8bre taureau espagnol, embl\u00e8me du folklore national. Avec un design color\u00e9, le bol pr\u00e9sente un fond beige qui met en valeur les taureaux en mosa\u00efque : l&rsquo;un d&rsquo;un rouge intense et l&rsquo;autre d&rsquo;un bleu brillant, symbolisant la diversit\u00e9 et la richesse culturelle de l&rsquo;Espagne. Entour\u00e9s d&rsquo;un d\u00e9licat motif de fleurs rouges, les taureaux sont accompagn\u00e9s du mot \u00ab\u00a0Espa\u00f1a\u00a0\u00bb en lettres multicolores, renfor\u00e7ant encore son attrait.<\/p>\n<p>La finition brillante, combin\u00e9e \u00e0 une subtile ligne rouge sur le bord, fait de cet objet une pi\u00e8ce non seulement d\u00e9corative, mais aussi fonctionnelle, id\u00e9ale pour servir des tapas ou simplement comme un ornement \u00e9l\u00e9gant dans n&rsquo;importe quelle maison. Ce bol encapsule l&rsquo;essence de l&rsquo;art c\u00e9ramique espagnol et constitue un excellent rappel du patrimoine culturel que repr\u00e9sente la tauromachie, un th\u00e8me r\u00e9current dans les f\u00eates et c\u00e9l\u00e9brations \u00e0 travers le pays.<\/p>\n<p>Chez Ol\u00e9 Mosaic, nous sommes fiers de proposer des souvenirs authentiques et repr\u00e9sentatifs comme ce bol en c\u00e9ramique, parfait pour les touristes qui souhaitent ramener un morceau d&rsquo;Espagne chez eux. Ce produit est une option id\u00e9ale pour les boutiques de cadeaux touristiques qui souhaitent proposer des articles c\u00e9l\u00e9brant la culture espagnole dans toute sa splendeur. En tant que grossistes de souvenirs, nous garantissons la qualit\u00e9 et l&rsquo;authenticit\u00e9 de chaque pi\u00e8ce.<\/p>\n","protected":false},"excerpt":{"rendered":"<p>Bol en c\u00e9ramique de 11 cm au design vibrant rendant hommage au c\u00e9l\u00e8bre taureau espagnol, symbole du folklore national. Ce bol attrayant, de couleur beige, pr\u00e9sente des taureaux color\u00e9s en mosa\u00efque rouge et bleue, entour\u00e9s d&rsquo;un d\u00e9licat motif de fleurs rouges et du mot \u00ab\u00a0Espa\u00f1a\u00a0\u00bb en lettres multicolores. Avec une finition brillante et une subtile ligne rouge sur le bord, il est id\u00e9al pour un usage d\u00e9coratif ou pratique, ajoutant une touche culturelle \u00e0 n&rsquo;importe quel foyer.<\/p>\n","protected":false},"featured_media":7371,"template":"","meta":{"_acf_changed":false},"product_brand":[],"product_cat":[521],"product_tag":[530,585],"class_list":{"0":"post-27708","1":"product","2":"type-product","3":"status-publish","4":"has-post-thumbnail","6":"product_cat-bols","7":"product_tag-animaux","8":"product_tag-ceramique","9":"pa_motivo-taureaux","11":"first","12":"instock","13":"shipping-taxable","14":"product-type-simple"},"acf":[],"_links":{"self":[{"href":"https:\/\/olemosaic.orbitalia.org\/fr\/wp-json\/wp\/v2\/product\/27708","targetHints":{"allow":["GET"]}}],"collection":[{"href":"https:\/\/olemosaic.orbitalia.org\/fr\/wp-json\/wp\/v2\/product"}],"about":[{"href":"https:\/\/olemosaic.orbitalia.org\/fr\/wp-json\/wp\/v2\/types\/product"}],"wp:featuredmedia":[{"embeddable":true,"href":"https:\/\/olemosaic.orbitalia.org\/fr\/wp-json\/wp\/v2\/media\/7371"}],"wp:attachment":[{"href":"https:\/\/olemosaic.orbitalia.org\/fr\/wp-json\/wp\/v2\/media?parent=27708"}],"wp:term":[{"taxonomy":"product_brand","embeddable":true,"href":"https:\/\/olemosaic.orbitalia.org\/fr\/wp-json\/wp\/v2\/product_brand?post=27708"},{"taxonomy":"product_cat","embeddable":true,"href":"https:\/\/olemosaic.orbitalia.org\/fr\/wp-json\/wp\/v2\/product_cat?post=27708"},{"taxonomy":"product_tag","embeddable":true,"href":"https:\/\/olemosaic.orbitalia.org\/fr\/wp-json\/wp\/v2\/product_tag?post=27708"}],"curies":[{"name":"wp","href":"https:\/\/api.w.org\/{rel}","templated":true}]}}