{"id":27705,"date":"2025-02-20T22:29:29","date_gmt":"2025-02-20T22:29:29","guid":{"rendered":"https:\/\/olemosaic.orbitalia.org\/producto\/bol-de-ceramica-de-11-cm-barcelona-blanco\/"},"modified":"2025-07-25T20:05:04","modified_gmt":"2025-07-25T18:05:04","slug":"bol-en-ceramique-de-11-cm-barcelone-blanc","status":"publish","type":"product","link":"https:\/\/olemosaic.orbitalia.org\/fr\/produit\/bol-en-ceramique-de-11-cm-barcelone-blanc\/","title":{"rendered":"Bol en c\u00e9ramique de 11 cm. Barcelone. Blanc"},"content":{"rendered":"<p>Ce bol en c\u00e9ramique de 11 cm est une magnifique repr\u00e9sentation de la culture et de l&rsquo;architecture vibrantes de Barcelone. Con\u00e7u avec un fond blanc lumineux qui fait ressortir un joyeux bord rouge, cet objet n&rsquo;est pas seulement fonctionnel, mais aussi une pi\u00e8ce d\u00e9corative qui capture l&rsquo;essence de la cit\u00e9 comtale. Les illustrations du bol pr\u00e9sentent certains des monuments les plus embl\u00e9matiques de Barcelone, comme la majestueuse Sagrada Familia et le color\u00e9 Parc G\u00fcell, tous deux ic\u00f4nes du c\u00e9l\u00e8bre architecte Antoni Gaud\u00ed. Ces illustrations refl\u00e8tent le style caract\u00e9ristique du trencad\u00eds, qui utilise des morceaux de c\u00e9ramique pour cr\u00e9er des mosa\u00efques vibrantes et pleines de vie, si typiques de l&rsquo;\u0153uvre de Gaud\u00ed.<\/p>\n<p>Ce bol est bien plus qu&rsquo;un simple souvenir ; c&rsquo;est un rappel des couleurs et des formes qui d\u00e9finissent Barcelone, ce qui en fait un cadeau parfait pour ceux qui souhaitent emporter un morceau de la culture catalane. Les touristes appr\u00e9cieront non seulement son authenticit\u00e9 en tant que souvenir repr\u00e9sentatif de Barcelone, mais aussi sa qualit\u00e9 artisanale. Chez Ol\u00e9 Mosaic, nous nous consacrons \u00e0 la distribution de souvenirs en gros, offrant des articles uniques qui c\u00e9l\u00e8brent la riche diversit\u00e9 culturelle de l&rsquo;Espagne. Ce bol, avec son design attrayant et sa connexion directe avec l&rsquo;architecture de la ville, est une excellente option pour les boutiques de cadeaux touristiques \u00e0 la recherche de produits authentiques et significatifs.<\/p>\n","protected":false},"excerpt":{"rendered":"<p>Bol en c\u00e9ramique de 11 cm d\u00e9cor\u00e9 d&rsquo;un design vibrant mettant en valeur les monuments embl\u00e9matiques de Barcelone. Il pr\u00e9sente un fond blanc contrastant avec un joyeux bord rouge, et est orn\u00e9 d&rsquo;illustrations de la Sagrada Familia, du Park G\u00fcell et d&rsquo;autres ic\u00f4nes architecturales. Ce bol, qui refl\u00e8te le style color\u00e9 du trencad\u00eds de Gaud\u00ed, est une pi\u00e8ce unique et fonctionnelle qui capture l&rsquo;essence de la cit\u00e9 comtale.<\/p>\n","protected":false},"featured_media":11177,"template":"","meta":{"_acf_changed":false},"product_brand":[],"product_cat":[521],"product_tag":[585],"class_list":{"0":"post-27705","1":"product","2":"type-product","3":"status-publish","4":"has-post-thumbnail","6":"product_cat-bols","7":"product_tag-ceramique","8":"pa_ciudad-barcelona","9":"pa_pais-espana","11":"first","12":"instock","13":"shipping-taxable","14":"product-type-simple"},"acf":[],"_links":{"self":[{"href":"https:\/\/olemosaic.orbitalia.org\/fr\/wp-json\/wp\/v2\/product\/27705","targetHints":{"allow":["GET"]}}],"collection":[{"href":"https:\/\/olemosaic.orbitalia.org\/fr\/wp-json\/wp\/v2\/product"}],"about":[{"href":"https:\/\/olemosaic.orbitalia.org\/fr\/wp-json\/wp\/v2\/types\/product"}],"wp:featuredmedia":[{"embeddable":true,"href":"https:\/\/olemosaic.orbitalia.org\/fr\/wp-json\/wp\/v2\/media\/11177"}],"wp:attachment":[{"href":"https:\/\/olemosaic.orbitalia.org\/fr\/wp-json\/wp\/v2\/media?parent=27705"}],"wp:term":[{"taxonomy":"product_brand","embeddable":true,"href":"https:\/\/olemosaic.orbitalia.org\/fr\/wp-json\/wp\/v2\/product_brand?post=27705"},{"taxonomy":"product_cat","embeddable":true,"href":"https:\/\/olemosaic.orbitalia.org\/fr\/wp-json\/wp\/v2\/product_cat?post=27705"},{"taxonomy":"product_tag","embeddable":true,"href":"https:\/\/olemosaic.orbitalia.org\/fr\/wp-json\/wp\/v2\/product_tag?post=27705"}],"curies":[{"name":"wp","href":"https:\/\/api.w.org\/{rel}","templated":true}]}}