{"id":27695,"date":"2025-02-20T22:29:28","date_gmt":"2025-02-20T22:29:28","guid":{"rendered":"https:\/\/olemosaic.orbitalia.org\/producto\/bol-de-ceramica-de-11-cm-mosaico-barcelona-blanco\/"},"modified":"2025-07-25T20:08:18","modified_gmt":"2025-07-25T18:08:18","slug":"bol-en-ceramique-de-11-cm-mosaique-barcelone-blanc","status":"publish","type":"product","link":"https:\/\/olemosaic.orbitalia.org\/fr\/produit\/bol-en-ceramique-de-11-cm-mosaique-barcelone-blanc\/","title":{"rendered":"Bol en c\u00e9ramique de 11 cm. Mosa\u00efque. Barcelone. Blanc"},"content":{"rendered":"<p>Ce bol en c\u00e9ramique de 11 cm est un v\u00e9ritable hommage \u00e0 la mosa\u00efque vibrante de l&rsquo;architecture barcelonaise. Avec son ext\u00e9rieur d\u00e9cor\u00e9 d&rsquo;une explosion de couleurs vives, telles que le bleu, l&rsquo;orange et le rouge, ce magnifique bol capture l&rsquo;essence de l&rsquo;art moderniste qui d\u00e9finit la ville. Ses dessins g\u00e9om\u00e9triques et floraux complexes, typiques de la c\u00e9ramique catalane, combinent parfaitement la tradition avec un design contemporain. L&rsquo;int\u00e9rieur, de couleur blanche, offre un contraste charmant avec les motifs color\u00e9s de l&rsquo;ext\u00e9rieur, \u00e9voquant la c\u00e9l\u00e8bre mosa\u00efque du Park G\u00fcell, \u0153uvre de l&rsquo;architecte embl\u00e9matique Antoni Gaud\u00ed.<\/p>\n<p>Ce bol n&rsquo;est pas seulement une pi\u00e8ce fonctionnelle, mais aussi un souvenir culturel significatif, id\u00e9al pour ceux qui cherchent \u00e0 ramener un morceau de Barcelone chez eux. Chaque d\u00e9tail de son design refl\u00e8te le riche h\u00e9ritage artistique de la ville, ce qui en fait un souvenir repr\u00e9sentatif et authentique.<\/p>\n<p>Chez Ol\u00e9 Mosaic, en tant que grossistes en souvenirs, nous proposons des produits qui c\u00e9l\u00e8brent la culture et la tradition. Ce bol en c\u00e9ramique est un choix parfait pour les boutiques de cadeaux touristiques qui souhaitent offrir \u00e0 leurs clients un souvenir de Barcelone de qualit\u00e9 et attrayant. La combinaison de l&rsquo;art, de la fonctionnalit\u00e9 et de l&rsquo;h\u00e9ritage culturel fait de ce bol un choix exceptionnel pour tout amoureux de la ville.<\/p>\n","protected":false},"excerpt":{"rendered":"<p>Bol en c\u00e9ramique de 11 cm, d\u00e9cor\u00e9 d&rsquo;une mosa\u00efque vibrante inspir\u00e9e de l&rsquo;architecture de Barcelone. Ce bol \u00e9l\u00e9gant pr\u00e9sente une combinaison de couleurs vives, comme le bleu, l&rsquo;orange et le rouge, ainsi que des motifs g\u00e9om\u00e9triques et floraux caract\u00e9ristiques de la c\u00e9ramique catalane. Son int\u00e9rieur blanc contraste avec le design ext\u00e9rieur, \u00e9voquant l&rsquo;art de la mosa\u00efque typique de la ville. Un souvenir id\u00e9al pour apporter une touche de Barcelone \u00e0 votre foyer.<\/p>\n","protected":false},"featured_media":11176,"template":"","meta":{"_acf_changed":false},"product_brand":[],"product_cat":[521],"product_tag":[585],"class_list":{"0":"post-27695","1":"product","2":"type-product","3":"status-publish","4":"has-post-thumbnail","6":"product_cat-bols","7":"product_tag-ceramique","8":"pa_ciudad-barcelona","9":"pa_motivo-mosaique","10":"pa_pais-espana","12":"first","13":"instock","14":"shipping-taxable","15":"product-type-simple"},"acf":[],"_links":{"self":[{"href":"https:\/\/olemosaic.orbitalia.org\/fr\/wp-json\/wp\/v2\/product\/27695","targetHints":{"allow":["GET"]}}],"collection":[{"href":"https:\/\/olemosaic.orbitalia.org\/fr\/wp-json\/wp\/v2\/product"}],"about":[{"href":"https:\/\/olemosaic.orbitalia.org\/fr\/wp-json\/wp\/v2\/types\/product"}],"wp:featuredmedia":[{"embeddable":true,"href":"https:\/\/olemosaic.orbitalia.org\/fr\/wp-json\/wp\/v2\/media\/11176"}],"wp:attachment":[{"href":"https:\/\/olemosaic.orbitalia.org\/fr\/wp-json\/wp\/v2\/media?parent=27695"}],"wp:term":[{"taxonomy":"product_brand","embeddable":true,"href":"https:\/\/olemosaic.orbitalia.org\/fr\/wp-json\/wp\/v2\/product_brand?post=27695"},{"taxonomy":"product_cat","embeddable":true,"href":"https:\/\/olemosaic.orbitalia.org\/fr\/wp-json\/wp\/v2\/product_cat?post=27695"},{"taxonomy":"product_tag","embeddable":true,"href":"https:\/\/olemosaic.orbitalia.org\/fr\/wp-json\/wp\/v2\/product_tag?post=27695"}],"curies":[{"name":"wp","href":"https:\/\/api.w.org\/{rel}","templated":true}]}}