{"id":27694,"date":"2025-02-20T23:29:28","date_gmt":"2025-02-20T22:29:28","guid":{"rendered":"https:\/\/olemosaic.orbitalia.org\/producto\/bol-de-ceramica-de-11-cm-panoramica-barcelona-beige\/"},"modified":"2025-07-25T19:54:16","modified_gmt":"2025-07-25T17:54:16","slug":"bol-en-ceramique-de-11-cm-panoramique-barcelone-beige","status":"publish","type":"product","link":"https:\/\/olemosaic.orbitalia.org\/fr\/produit\/bol-en-ceramique-de-11-cm-panoramique-barcelone-beige\/","title":{"rendered":"Bol en c\u00e9ramique de 11 cm. Panoramique. Barcelone. Beige"},"content":{"rendered":"<p>Ce bol en c\u00e9ramique de 11 cm est un v\u00e9ritable hommage \u00e0 la vibrante Barcelone, id\u00e9al pour ceux qui souhaitent emporter un souvenir repr\u00e9sentatif et culturel de leur visite. Son design pr\u00e9sente une vue panoramique soign\u00e9e qui inclut l&rsquo;iconique Sagrada Familia et la c\u00e9l\u00e8bre mosa\u00efque du Park G\u00fcell, capturant l&rsquo;essence de la riche architecture moderniste de la ville. La palette color\u00e9e, qui englobe diff\u00e9rents tons vibrants, des oranges ardents aux verts bleut\u00e9s, souligne la beaut\u00e9 de ces monuments, tandis que l&rsquo;int\u00e9rieur du bol, d&rsquo;un rouge profond, ajoute un contraste attrayant qui rehausse encore plus l&rsquo;art ext\u00e9rieur.<\/p>\n<p>De plus, le bol est orn\u00e9 d&rsquo;autres \u00e9l\u00e9ments iconiques, tels que la Torre Gl\u00f2ries et des motifs floraux qui \u00e9voquent la nature vibrante de Barcelone, le tout peint \u00e0 la main avec un niveau de d\u00e9tail extraordinaire. Ce bol n&rsquo;est pas seulement une pi\u00e8ce d\u00e9corative unique, mais aussi un symbole du savoir-faire artisanal que l&rsquo;on trouve dans chaque recoin de la Catalogne. Chez Ol\u00e9 Mosaic, nous sommes fiers d&rsquo;\u00eatre des distributeurs de souvenirs authentiques, et ce bol est une excellente option pour les touristes \u00e0 la recherche d&rsquo;un souvenir alliant esth\u00e9tique et culture. Parfait pour les boutiques de cadeaux touristiques, ce souvenir de Barcelone offre une touche sp\u00e9ciale qui enchante tous ceux qui le voient.<\/p>\n","protected":false},"excerpt":{"rendered":"<p>Bol en c\u00e9ramique de 11 cm avec une vue panoramique de Barcelone aux couleurs vibrantes. Ce bol pr\u00e9sente une illustration soign\u00e9e de la Sagrada Familia et de la c\u00e9l\u00e8bre mosa\u00efque du Park G\u00fcell, mettant en avant la riche architecture moderniste de la ville. L&rsquo;int\u00e9rieur rouge rehausse le design ext\u00e9rieur, qui inclut des \u00e9l\u00e9ments iconiques comme la Torre Gl\u00f2ries et des motifs floraux, le tout dans un design artisanal, peint \u00e0 la main avec grand d\u00e9tail, ce qui en fait une pi\u00e8ce unique et d\u00e9corative id\u00e9ale pour tout foyer.<\/p>\n","protected":false},"featured_media":7707,"template":"","meta":{"_acf_changed":false},"product_brand":[],"product_cat":[521],"product_tag":[585],"class_list":{"0":"post-27694","1":"product","2":"type-product","3":"status-publish","4":"has-post-thumbnail","6":"product_cat-bols","7":"product_tag-ceramique","8":"pa_ciudad-barcelona","9":"pa_motivo-panoramas","10":"pa_pais-espana","12":"first","13":"instock","14":"shipping-taxable","15":"product-type-simple"},"acf":[],"_links":{"self":[{"href":"https:\/\/olemosaic.orbitalia.org\/fr\/wp-json\/wp\/v2\/product\/27694","targetHints":{"allow":["GET"]}}],"collection":[{"href":"https:\/\/olemosaic.orbitalia.org\/fr\/wp-json\/wp\/v2\/product"}],"about":[{"href":"https:\/\/olemosaic.orbitalia.org\/fr\/wp-json\/wp\/v2\/types\/product"}],"wp:featuredmedia":[{"embeddable":true,"href":"https:\/\/olemosaic.orbitalia.org\/fr\/wp-json\/wp\/v2\/media\/7707"}],"wp:attachment":[{"href":"https:\/\/olemosaic.orbitalia.org\/fr\/wp-json\/wp\/v2\/media?parent=27694"}],"wp:term":[{"taxonomy":"product_brand","embeddable":true,"href":"https:\/\/olemosaic.orbitalia.org\/fr\/wp-json\/wp\/v2\/product_brand?post=27694"},{"taxonomy":"product_cat","embeddable":true,"href":"https:\/\/olemosaic.orbitalia.org\/fr\/wp-json\/wp\/v2\/product_cat?post=27694"},{"taxonomy":"product_tag","embeddable":true,"href":"https:\/\/olemosaic.orbitalia.org\/fr\/wp-json\/wp\/v2\/product_tag?post=27694"}],"curies":[{"name":"wp","href":"https:\/\/api.w.org\/{rel}","templated":true}]}}