{"id":27674,"date":"2025-02-20T23:29:27","date_gmt":"2025-02-20T22:29:27","guid":{"rendered":"https:\/\/olemosaic.orbitalia.org\/producto\/bol-de-ceramica-de-10-cm-panoramica-barcelona-beige-3\/"},"modified":"2025-07-25T19:14:04","modified_gmt":"2025-07-25T17:14:04","slug":"bol-en-ceramique-de-10-cm-panoramique-barcelone-beige-3","status":"publish","type":"product","link":"https:\/\/olemosaic.orbitalia.org\/fr\/produit\/bol-en-ceramique-de-10-cm-panoramique-barcelone-beige-3\/","title":{"rendered":"Bol en c\u00e9ramique de 10 cm. Panoramique. Monument \u00e0 Colomb. Barcelone. Beige"},"content":{"rendered":"<p>Ce bol en c\u00e9ramique de 10 cm est une v\u00e9ritable \u0153uvre d&rsquo;art qui capture l&rsquo;essence vibrante de Barcelone. Avec un design peint \u00e0 la main, le bol pr\u00e9sente une charmante vue panoramique de certains des monuments les plus embl\u00e9matiques de la ville, tels que la tour de Collserola, le Park G\u00fcell et le monument \u00e0 Colomb, mis en valeur par une explosion de couleurs vives sur un fond beige qui ajoute une touche \u00e9l\u00e9gante. Le bord du bol, d&rsquo;une couleur orange joyeuse, apporte un contraste attrayant, tandis que les d\u00e9corations en forme d&rsquo;\u00e9toiles donnent un air festif et joyeux \u00e0 la pi\u00e8ce. Ce bol n&rsquo;est pas seulement fonctionnel, c&rsquo;est aussi un souvenir parfait qui refl\u00e8te la richesse culturelle de la capitale catalane. Il est id\u00e9al pour les touristes \u00e0 la recherche de souvenirs authentiques et repr\u00e9sentatifs de Barcelone, que ce soit comme pi\u00e8ce d\u00e9corative ou pour servir des ap\u00e9ritifs. Chez Ol\u00e9 Mosaic, nous nous sp\u00e9cialisons dans la distribution de souvenirs en gros, offrant des produits comme ce bol qui capturent l&rsquo;essence culturelle de leurs r\u00e9gions d&rsquo;origine, ce qui en fait une excellente option pour les boutiques de cadeaux touristiques. Avec ce bol en c\u00e9ramique, chaque client emportera un morceau de Barcelone chez lui.<\/p>\n","protected":false},"excerpt":{"rendered":"<p>Bol en c\u00e9ramique de 10 cm avec une charmante vue panoramique de Barcelone. Ce bol, au design artisanal peint \u00e0 la main, montre des monuments embl\u00e9matiques tels que la tour de Collserola, le parc G\u00fcell et le monument \u00e0 Colomb, rehauss\u00e9s de couleurs vibrantes sur un fond beige. Avec un bord orange et des d\u00e9tails d&rsquo;\u00e9toiles, c&rsquo;est un souvenir parfait qui capture l&rsquo;essence de la capitale catalane, id\u00e9al aussi bien pour la d\u00e9coration que pour un usage fonctionnel.<\/p>\n","protected":false},"featured_media":7784,"template":"","meta":{"_acf_changed":false},"product_brand":[],"product_cat":[521],"product_tag":[585],"class_list":{"0":"post-27674","1":"product","2":"type-product","3":"status-publish","4":"has-post-thumbnail","6":"product_cat-bols","7":"product_tag-ceramique","8":"pa_ciudad-barcelona","9":"pa_motivo-panoramas","10":"pa_pais-espana","12":"first","13":"instock","14":"shipping-taxable","15":"product-type-simple"},"acf":[],"_links":{"self":[{"href":"https:\/\/olemosaic.orbitalia.org\/fr\/wp-json\/wp\/v2\/product\/27674","targetHints":{"allow":["GET"]}}],"collection":[{"href":"https:\/\/olemosaic.orbitalia.org\/fr\/wp-json\/wp\/v2\/product"}],"about":[{"href":"https:\/\/olemosaic.orbitalia.org\/fr\/wp-json\/wp\/v2\/types\/product"}],"wp:featuredmedia":[{"embeddable":true,"href":"https:\/\/olemosaic.orbitalia.org\/fr\/wp-json\/wp\/v2\/media\/7784"}],"wp:attachment":[{"href":"https:\/\/olemosaic.orbitalia.org\/fr\/wp-json\/wp\/v2\/media?parent=27674"}],"wp:term":[{"taxonomy":"product_brand","embeddable":true,"href":"https:\/\/olemosaic.orbitalia.org\/fr\/wp-json\/wp\/v2\/product_brand?post=27674"},{"taxonomy":"product_cat","embeddable":true,"href":"https:\/\/olemosaic.orbitalia.org\/fr\/wp-json\/wp\/v2\/product_cat?post=27674"},{"taxonomy":"product_tag","embeddable":true,"href":"https:\/\/olemosaic.orbitalia.org\/fr\/wp-json\/wp\/v2\/product_tag?post=27674"}],"curies":[{"name":"wp","href":"https:\/\/api.w.org\/{rel}","templated":true}]}}