{"id":27673,"date":"2025-02-20T23:29:27","date_gmt":"2025-02-20T22:29:27","guid":{"rendered":"https:\/\/olemosaic.orbitalia.org\/producto\/bol-de-ceramica-de-10-cm-salamandra-mallorca-beige-2\/"},"modified":"2025-07-25T22:01:54","modified_gmt":"2025-07-25T20:01:54","slug":"bol-en-ceramique-de-10-cm-salamandre-majorque-beige-2","status":"publish","type":"product","link":"https:\/\/olemosaic.orbitalia.org\/fr\/produit\/bol-en-ceramique-de-10-cm-salamandre-majorque-beige-2\/","title":{"rendered":"Bol en c\u00e9ramique de 10 cm. Salamandre. Style m\u00e9diterran\u00e9en. Majorque. Beige"},"content":{"rendered":"<p>Ce bol en c\u00e9ramique de 10 cm est un charmant souvenir de Majorque, fusionnant fonctionnalit\u00e9 et esth\u00e9tique artisanale. D\u00e9cor\u00e9 de salamandres et de fleurs vibrantes, il pr\u00e9sente un fond beige attrayant contrast\u00e9 par des d\u00e9tails frappants dans les tons bleus, verts, rouges et jaunes, qui \u00e9voquent l&rsquo;esprit joyeux et color\u00e9 de l&rsquo;\u00eele. Le mot \u00ab\u00a0MALLORCA\u00a0\u00bb se d\u00e9tache sur la partie frontale, soulignant son origine et connectant l&rsquo;utilisateur \u00e0 la riche culture locale.<\/p>\n<p>Le design des salamandres fait r\u00e9f\u00e9rence \u00e0 l&rsquo;art traditionnel majorquin, connu pour son utilisation de couleurs vives et de motifs naturels, ce qui fait de ce bol une repr\u00e9sentation authentique et significative de la r\u00e9gion. Id\u00e9al pour servir des ap\u00e9ritifs ou comme \u00e9l\u00e9ment d\u00e9coratif, il est parfait pour ceux qui recherchent un souvenir symbolique de leurs vacances sur l&rsquo;\u00eele.<\/p>\n<p>Chez Ol\u00e9 Mosaic, nous nous sp\u00e9cialisons dans la distribution de souvenirs en gros, et ce bol repr\u00e9sente une excellente option pour les boutiques de cadeaux touristiques qui souhaitent proposer des produits de qualit\u00e9 avec une haute valeur culturelle. Avec son design unique et attrayant, ce bol en c\u00e9ramique est un v\u00e9ritable embl\u00e8me de l&rsquo;art de Majorque et un souvenir qui durera dans le temps, se consolidant comme faisant partie de la tradition des souvenirs.<\/p>\n","protected":false},"excerpt":{"rendered":"<p>Bol en c\u00e9ramique de 10 cm d\u00e9cor\u00e9 de joyeuses salamandres et de fleurs, inspir\u00e9 de l&rsquo;art traditionnel majorquin. Il pr\u00e9sente un fond beige et des d\u00e9tails frappants dans les tons bleus, verts, rouges et jaunes, qui lui donnent une touche vibrante. Le mot \u00ab\u00a0MALLORCA\u00a0\u00bb est imprim\u00e9 sur le devant, soulignant son origine. Ce bol est id\u00e9al pour servir des ap\u00e9ritifs ou comme \u00e9l\u00e9ment d\u00e9coratif, alliant fonctionnalit\u00e9 et esth\u00e9tique artisanale.<\/p>\n","protected":false},"featured_media":7719,"template":"","meta":{"_acf_changed":false},"product_brand":[],"product_cat":[521],"product_tag":[530,585],"class_list":{"0":"post-27673","1":"product","2":"type-product","3":"status-publish","4":"has-post-thumbnail","6":"product_cat-bols","7":"product_tag-animaux","8":"product_tag-ceramique","9":"pa_ciudad-mallorca","10":"pa_motivo-salamandres","11":"pa_pais-espana","13":"first","14":"instock","15":"shipping-taxable","16":"product-type-simple"},"acf":[],"_links":{"self":[{"href":"https:\/\/olemosaic.orbitalia.org\/fr\/wp-json\/wp\/v2\/product\/27673","targetHints":{"allow":["GET"]}}],"collection":[{"href":"https:\/\/olemosaic.orbitalia.org\/fr\/wp-json\/wp\/v2\/product"}],"about":[{"href":"https:\/\/olemosaic.orbitalia.org\/fr\/wp-json\/wp\/v2\/types\/product"}],"wp:featuredmedia":[{"embeddable":true,"href":"https:\/\/olemosaic.orbitalia.org\/fr\/wp-json\/wp\/v2\/media\/7719"}],"wp:attachment":[{"href":"https:\/\/olemosaic.orbitalia.org\/fr\/wp-json\/wp\/v2\/media?parent=27673"}],"wp:term":[{"taxonomy":"product_brand","embeddable":true,"href":"https:\/\/olemosaic.orbitalia.org\/fr\/wp-json\/wp\/v2\/product_brand?post=27673"},{"taxonomy":"product_cat","embeddable":true,"href":"https:\/\/olemosaic.orbitalia.org\/fr\/wp-json\/wp\/v2\/product_cat?post=27673"},{"taxonomy":"product_tag","embeddable":true,"href":"https:\/\/olemosaic.orbitalia.org\/fr\/wp-json\/wp\/v2\/product_tag?post=27673"}],"curies":[{"name":"wp","href":"https:\/\/api.w.org\/{rel}","templated":true}]}}