{"id":27665,"date":"2025-02-20T23:29:27","date_gmt":"2025-02-20T22:29:27","guid":{"rendered":"https:\/\/olemosaic.orbitalia.org\/producto\/bol-de-ceramica-de-10-cm-panoramica-barcelona-beige\/"},"modified":"2025-07-25T18:58:05","modified_gmt":"2025-07-25T16:58:05","slug":"bol-en-ceramique-de-10-cm-panoramique-barcelone-beige","status":"publish","type":"product","link":"https:\/\/olemosaic.orbitalia.org\/fr\/produit\/bol-en-ceramique-de-10-cm-panoramique-barcelone-beige\/","title":{"rendered":"Bol en c\u00e9ramique de 10 cm. Panoramique. Barcelone. Beige"},"content":{"rendered":"<p>Ce bol en c\u00e9ramique de 10 cm est un charmant souvenir de Barcelone qui capture l&rsquo;essence artistique de la ville. Inspir\u00e9 par le style iconique de mosa\u00efque d&rsquo;Antoni Gaud\u00ed, il pr\u00e9sente une vue panoramique vibrante de la Sagrada Familia et d&rsquo;autres monuments embl\u00e9matiques, le tout peint \u00e0 la main avec un soin exceptionnel. Avec un int\u00e9rieur blanc qui rehausse les couleurs vives du design, chaque d\u00e9tail de la c\u00e9ramique resplendit, cr\u00e9ant une pi\u00e8ce unique qui \u00e9voque les paysages urbains de Barcelone. Le bord rouge ajoute une touche distinctive, renfor\u00e7ant son attrait visuel et en faisant une option id\u00e9ale pour toute collection de souvenirs.<\/p>\n<p>Ce bol n&rsquo;est pas seulement pratique, il sert \u00e9galement de rappel tangible de la richesse culturelle et architecturale de Barcelone. Son design rend hommage \u00e0 l&rsquo;\u0153uvre magnifique de Gaud\u00ed, symbole du modernisme catalan et du patrimoine de la ville. Chez Ol\u00e9 Mosaic, nous sommes fiers de proposer des souvenirs authentiques qui refl\u00e8tent la tradition et la cr\u00e9ativit\u00e9 locales. Ce bol en c\u00e9ramique est une excellente opportunit\u00e9 pour les magasins de cadeaux touristiques d&rsquo;offrir \u00e0 leurs clients un souvenir significatif alliant beaut\u00e9 et fonctionnalit\u00e9, \u00e9tant une pi\u00e8ce parfaite pour ceux qui recherchent des souvenirs authentiques de Barcelone. En tant que grossistes en c\u00e9ramique, nous garantissons la qualit\u00e9 et le design de chacune de nos pi\u00e8ces.<\/p>\n","protected":false},"excerpt":{"rendered":"<p>Bol en c\u00e9ramique de 10 cm avec une charmante vue panoramique de Barcelone. Inspir\u00e9 par le style embl\u00e9matique de mosa\u00efque de Gaud\u00ed, ce bol pr\u00e9sente une repr\u00e9sentation color\u00e9e de la Sagrada Familia et d&rsquo;autres monuments iconiques de la ville. Son int\u00e9rieur blanc rehausse les couleurs vives du design, tandis que le bord rouge ajoute une touche distinctive. Cet article, de conception artisanale et peint \u00e0 la main, est parfait pour se souvenir de votre visite \u00e0 Barcelone ou comme cadeau attrayant.<\/p>\n","protected":false},"featured_media":7764,"template":"","meta":{"_acf_changed":false},"product_brand":[],"product_cat":[521],"product_tag":[585],"class_list":{"0":"post-27665","1":"product","2":"type-product","3":"status-publish","4":"has-post-thumbnail","6":"product_cat-bols","7":"product_tag-ceramique","8":"pa_ciudad-barcelona","9":"pa_motivo-panoramas","10":"pa_pais-espana","12":"first","13":"instock","14":"shipping-taxable","15":"product-type-simple"},"acf":[],"_links":{"self":[{"href":"https:\/\/olemosaic.orbitalia.org\/fr\/wp-json\/wp\/v2\/product\/27665","targetHints":{"allow":["GET"]}}],"collection":[{"href":"https:\/\/olemosaic.orbitalia.org\/fr\/wp-json\/wp\/v2\/product"}],"about":[{"href":"https:\/\/olemosaic.orbitalia.org\/fr\/wp-json\/wp\/v2\/types\/product"}],"wp:featuredmedia":[{"embeddable":true,"href":"https:\/\/olemosaic.orbitalia.org\/fr\/wp-json\/wp\/v2\/media\/7764"}],"wp:attachment":[{"href":"https:\/\/olemosaic.orbitalia.org\/fr\/wp-json\/wp\/v2\/media?parent=27665"}],"wp:term":[{"taxonomy":"product_brand","embeddable":true,"href":"https:\/\/olemosaic.orbitalia.org\/fr\/wp-json\/wp\/v2\/product_brand?post=27665"},{"taxonomy":"product_cat","embeddable":true,"href":"https:\/\/olemosaic.orbitalia.org\/fr\/wp-json\/wp\/v2\/product_cat?post=27665"},{"taxonomy":"product_tag","embeddable":true,"href":"https:\/\/olemosaic.orbitalia.org\/fr\/wp-json\/wp\/v2\/product_tag?post=27665"}],"curies":[{"name":"wp","href":"https:\/\/api.w.org\/{rel}","templated":true}]}}