{"id":27664,"date":"2025-02-20T23:29:26","date_gmt":"2025-02-20T22:29:26","guid":{"rendered":"https:\/\/olemosaic.orbitalia.org\/producto\/bol-de-ceramica-de-115-cm-camino-de-santiago-beige\/"},"modified":"2025-07-25T18:50:03","modified_gmt":"2025-07-25T16:50:03","slug":"bol-en-ceramique-de-11-5-cm-chemin-de-compostelle-beige","status":"publish","type":"product","link":"https:\/\/olemosaic.orbitalia.org\/fr\/produit\/bol-en-ceramique-de-11-5-cm-chemin-de-compostelle-beige\/","title":{"rendered":"Bol en c\u00e9ramique de 11,5 cm. Chemin de Compostelle. Beige"},"content":{"rendered":"<p>Ce bol en c\u00e9ramique carr\u00e9 de 11,5 cm s&rsquo;inspire de l&#8217;embl\u00e9matique Chemin de Compostelle, devenant un authentique souvenir qui capture l&rsquo;essence de cette route historique. Le design attrayant, qui combine des tons beige et rouge, pr\u00e9sente une illustration vibrante mettant en valeur l&rsquo;iconique cath\u00e9drale de Saint-Jacques-de-Compostelle, entour\u00e9e d&rsquo;\u00e9l\u00e9ments symboliques tels que la coquille du p\u00e8lerin et les fl\u00e8ches jaunes, le tout peint \u00e0 la main avec de fins d\u00e9tails color\u00e9s. La cath\u00e9drale, joyau de l&rsquo;art roman et gothique, est repr\u00e9sent\u00e9e avec minutie, tandis que la figure du p\u00e8lerin, v\u00eatu de son bourdon, invite les voyageurs \u00e0 se souvenir de leurs propres aventures le long du Chemin.<\/p>\n<p>Ce bol n&rsquo;est pas seulement fonctionnel, parfait pour servir des ap\u00e9ritifs ou comme \u00e9l\u00e9ment d\u00e9coratif, mais il capture \u00e9galement les souvenirs d&rsquo;un voyage inoubliable. Son design artistique refl\u00e8te le patrimoine culturel de l&rsquo;Espagne, symbolisant l&rsquo;hospitalit\u00e9 et l&rsquo;esprit d&rsquo;aventure de ceux qui parcourent cette route mill\u00e9naire. Chez Ol\u00e9 Mosaic, en tant que grossiste de souvenirs de qualit\u00e9, nous proposons ce bol en c\u00e9ramique comme une magnifique option pour les magasins de cadeaux touristiques \u00e0 la recherche de produits authentiques et repr\u00e9sentatifs. Ce bol du Chemin de Compostelle est un souvenir id\u00e9al, qui c\u00e9l\u00e8bre la tradition et l&rsquo;histoire, parfait pour ceux qui souhaitent emporter un petit morceau d&rsquo;Espagne chez eux.<\/p>\n","protected":false},"excerpt":{"rendered":"<p>Bol en c\u00e9ramique de 11,5 cm inspir\u00e9 du Chemin de Compostelle, avec un design attrayant dans les tons beige et rouge. Ce bol carr\u00e9 pr\u00e9sente une illustration vibrante comprenant l&rsquo;iconique cath\u00e9drale de Saint-Jacques et des \u00e9l\u00e9ments symboliques tels que la coquille du p\u00e8lerin et les fl\u00e8ches jaunes, le tout de conception artisanale, peint \u00e0 la main, avec des d\u00e9tails color\u00e9s. Id\u00e9al comme souvenir, il allie fonctionnalit\u00e9 et repr\u00e9sentation artistique de la route historique, refl\u00e9tant le patrimoine culturel espagnol.<\/p>\n","protected":false},"featured_media":8727,"template":"","meta":{"_acf_changed":false},"product_brand":[],"product_cat":[521],"product_tag":[585],"class_list":{"0":"post-27664","1":"product","2":"type-product","3":"status-publish","4":"has-post-thumbnail","6":"product_cat-bols","7":"product_tag-ceramique","8":"pa_motivo-chemin-saint-jacques","10":"first","11":"instock","12":"shipping-taxable","13":"product-type-simple"},"acf":[],"_links":{"self":[{"href":"https:\/\/olemosaic.orbitalia.org\/fr\/wp-json\/wp\/v2\/product\/27664","targetHints":{"allow":["GET"]}}],"collection":[{"href":"https:\/\/olemosaic.orbitalia.org\/fr\/wp-json\/wp\/v2\/product"}],"about":[{"href":"https:\/\/olemosaic.orbitalia.org\/fr\/wp-json\/wp\/v2\/types\/product"}],"wp:featuredmedia":[{"embeddable":true,"href":"https:\/\/olemosaic.orbitalia.org\/fr\/wp-json\/wp\/v2\/media\/8727"}],"wp:attachment":[{"href":"https:\/\/olemosaic.orbitalia.org\/fr\/wp-json\/wp\/v2\/media?parent=27664"}],"wp:term":[{"taxonomy":"product_brand","embeddable":true,"href":"https:\/\/olemosaic.orbitalia.org\/fr\/wp-json\/wp\/v2\/product_brand?post=27664"},{"taxonomy":"product_cat","embeddable":true,"href":"https:\/\/olemosaic.orbitalia.org\/fr\/wp-json\/wp\/v2\/product_cat?post=27664"},{"taxonomy":"product_tag","embeddable":true,"href":"https:\/\/olemosaic.orbitalia.org\/fr\/wp-json\/wp\/v2\/product_tag?post=27664"}],"curies":[{"name":"wp","href":"https:\/\/api.w.org\/{rel}","templated":true}]}}