{"id":27627,"date":"2025-02-20T23:29:25","date_gmt":"2025-02-20T22:29:25","guid":{"rendered":"https:\/\/olemosaic.orbitalia.org\/producto\/plato-de-ceramica-de-10-cm-patio-madrid-blanco\/"},"modified":"2025-07-25T19:36:46","modified_gmt":"2025-07-25T17:36:46","slug":"assiette-en-ceramique-de-10-cm-patio-madrid-blanc","status":"publish","type":"product","link":"https:\/\/olemosaic.orbitalia.org\/fr\/produit\/assiette-en-ceramique-de-10-cm-patio-madrid-blanc\/","title":{"rendered":"Assiette en c\u00e9ramique de 10 cm. Patio. Madrid. Blanc."},"content":{"rendered":"<p>Cette s\u00e9duisante assiette en c\u00e9ramique de 10 cm est un v\u00e9ritable hommage \u00e0 la vibrante culture madril\u00e8ne. Avec son design peint \u00e0 la main, l&rsquo;assiette pr\u00e9sente une sc\u00e8ne joyeuse qui capture l&rsquo;essence d&rsquo;un patio typique de Madrid, o\u00f9 un couple de danseurs, v\u00eatus de costumes traditionnels iconiques, se livre \u00e0 une danse captivante. La femme, v\u00eatue d&rsquo;une \u00e9l\u00e9gante robe \u00e0 volants rouges, tient un \u00e9ventail, tandis que son partenaire, avec un chapeau \u00e0 larges bords et un costume sombre, apporte une touche de sophistication \u00e0 la sc\u00e8ne.<\/p>\n<p>Les jardini\u00e8res color\u00e9es, d\u00e9bordantes de fleurs, entourent le couple et un magnifique balcon avec des plantes grimpantes offre un contexte typiquement espagnol. Le nom \u00ab\u00a0MADRID\u00a0\u00bb est inscrit avec \u00e9l\u00e9gance, rehaussant l&rsquo;attrait visuel de l&rsquo;assiette. Ce souvenir n&rsquo;est pas seulement un objet d\u00e9coratif, mais aussi un symbole de l&rsquo;esprit festif et accueillant de la capitale espagnole.<\/p>\n<p>Chez Ol\u00e9 Mosaic, nous sommes fiers de proposer des souvenirs authentiques qui capturent l&rsquo;essence culturelle de l&rsquo;Espagne. Cette assiette en c\u00e9ramique est un choix parfait pour les boutiques de cadeaux touristiques \u00e0 la recherche de produits uniques et pleins de sens. Son originalit\u00e9 et sa qualit\u00e9 en font un excellent souvenir de la riche tradition madril\u00e8ne, id\u00e9al pour les collectionneurs et les touristes qui souhaitent emporter un petit morceau de la culture espagnole. En tant que distributeurs d&rsquo;assiettes et d&rsquo;artisanat en gros, nous garantissons l&rsquo;authenticit\u00e9 et l&rsquo;excellence de chaque produit.<\/p>\n","protected":false},"excerpt":{"rendered":"<p>Assiette en c\u00e9ramique de 10 cm inspir\u00e9e de l&rsquo;ambiance vibrante d&rsquo;un patio madril\u00e8ne. Cette assiette attrayante pr\u00e9sente un design artisanal, peint \u00e0 la main, avec une sc\u00e8ne joyeuse incluant un couple de danseurs en costumes traditionnels, entour\u00e9s de fleurs color\u00e9es en pots et d&rsquo;un balcon orn\u00e9. Le mot \u00ab\u00a0MADRID\u00a0\u00bb est inscrit avec \u00e9l\u00e9gance, compl\u00e9tant les d\u00e9tails aux couleurs vives de ce charmant souvenir. Id\u00e9al pour les collectionneurs ou comme souvenir de la culture espagnole.<\/p>\n","protected":false},"featured_media":7971,"template":"","meta":{"_acf_changed":false},"product_brand":[],"product_cat":[656],"product_tag":[585],"class_list":{"0":"post-27627","1":"product","2":"type-product","3":"status-publish","4":"has-post-thumbnail","6":"product_cat-assiettes-decoratives","7":"product_tag-ceramique","8":"pa_ciudad-madrid","9":"pa_motivo-cours-interieures","10":"pa_pais-espana","12":"first","13":"instock","14":"shipping-taxable","15":"product-type-simple"},"acf":[],"_links":{"self":[{"href":"https:\/\/olemosaic.orbitalia.org\/fr\/wp-json\/wp\/v2\/product\/27627","targetHints":{"allow":["GET"]}}],"collection":[{"href":"https:\/\/olemosaic.orbitalia.org\/fr\/wp-json\/wp\/v2\/product"}],"about":[{"href":"https:\/\/olemosaic.orbitalia.org\/fr\/wp-json\/wp\/v2\/types\/product"}],"wp:featuredmedia":[{"embeddable":true,"href":"https:\/\/olemosaic.orbitalia.org\/fr\/wp-json\/wp\/v2\/media\/7971"}],"wp:attachment":[{"href":"https:\/\/olemosaic.orbitalia.org\/fr\/wp-json\/wp\/v2\/media?parent=27627"}],"wp:term":[{"taxonomy":"product_brand","embeddable":true,"href":"https:\/\/olemosaic.orbitalia.org\/fr\/wp-json\/wp\/v2\/product_brand?post=27627"},{"taxonomy":"product_cat","embeddable":true,"href":"https:\/\/olemosaic.orbitalia.org\/fr\/wp-json\/wp\/v2\/product_cat?post=27627"},{"taxonomy":"product_tag","embeddable":true,"href":"https:\/\/olemosaic.orbitalia.org\/fr\/wp-json\/wp\/v2\/product_tag?post=27627"}],"curies":[{"name":"wp","href":"https:\/\/api.w.org\/{rel}","templated":true}]}}