{"id":27625,"date":"2025-02-20T23:29:25","date_gmt":"2025-02-20T22:29:25","guid":{"rendered":"https:\/\/olemosaic.orbitalia.org\/producto\/funda-de-telefono-para-samsung-a14-tpu-abstracto-verde-2\/"},"modified":"2025-07-25T20:19:25","modified_gmt":"2025-07-25T18:19:25","slug":"coque-de-telephone-pour-samsung-a14-tpu-abstrait-couleurs-variees","status":"publish","type":"product","link":"https:\/\/olemosaic.orbitalia.org\/fr\/produit\/coque-de-telephone-pour-samsung-a14-tpu-abstrait-couleurs-variees\/","title":{"rendered":"Coque de t\u00e9l\u00e9phone pour Samsung A14 (TPU). Abstrait. Couleurs vari\u00e9es."},"content":{"rendered":"<p>Cette coque attrayante pour le Samsung A14 est une combinaison parfaite de style et de fonctionnalit\u00e9, id\u00e9ale pour les amateurs d&rsquo;accessoires avec une touche artistique. Fabriqu\u00e9e en TPU, cette coque offre non seulement une protection r\u00e9sistante et durable pour votre appareil, mais son design abstrait vibrant en fait une v\u00e9ritable \u0153uvre d&rsquo;art. Les couleurs s&rsquo;entrelacent dans un motif fluide comprenant des verts, des rouges, des jaunes et des bleus, cr\u00e9ant une esth\u00e9tique captivante qui se d\u00e9marquera dans n&rsquo;importe quel environnement.<\/p>\n<p>La flexibilit\u00e9 du TPU assure un ajustement parfait, permettant un acc\u00e8s complet \u00e0 tous les ports et boutons du t\u00e9l\u00e9phone. De plus, le design abstrait ne rehausse pas seulement l&rsquo;apparence de l&rsquo;appareil, mais refl\u00e8te \u00e9galement une expression artistique contemporaine qui r\u00e9sonne avec la culture moderne. Ce type de coque est bien plus qu&rsquo;un accessoire utile ; c&rsquo;est un souvenir repr\u00e9sentatif qui capture l&rsquo;essence unique de la cr\u00e9ativit\u00e9 et de l&rsquo;art.<\/p>\n<p>Chez Ol\u00e9 Mosaic, nous proposons cette coque dans le cadre de notre gamme de souvenirs de qualit\u00e9, id\u00e9ale pour les boutiques de cadeaux touristiques \u00e0 la recherche de produits authentiques et attrayants. Opter pour cette coque est un excellent choix pour ceux qui souhaitent un souvenir original et fonctionnel, soulignant ainsi sa pertinence culturelle et la recherche d&rsquo;authenticit\u00e9 dans les souvenirs modernes.<\/p>\n","protected":false},"excerpt":{"rendered":"<p>Coque pour le t\u00e9l\u00e9phone Samsung A14 fabriqu\u00e9e en TPU avec un design abstrait et vibrant. Cette pi\u00e8ce unique pr\u00e9sente un m\u00e9lange de couleurs qui s&rsquo;entrelacent dans un magnifique motif fluide, avec des tonalit\u00e9s vertes, rouges, jaunes et bleues. Id\u00e9ale pour ceux qui recherchent une protection r\u00e9sistante et stylis\u00e9e, cette coque ne prot\u00e8ge pas seulement l&rsquo;appareil, mais apporte \u00e9galement une touche artistique \u00e0 son apparence, en faisant un accessoire attrayant et original.<\/p>\n","protected":false},"featured_media":12541,"template":"","meta":{"_acf_changed":false},"product_brand":[],"product_cat":[674],"product_tag":[],"class_list":{"0":"post-27625","1":"product","2":"type-product","3":"status-publish","4":"has-post-thumbnail","6":"product_cat-etuis-pour-telephones-portables","7":"pa_motivo-resume","9":"first","10":"instock","11":"shipping-taxable","12":"product-type-simple"},"acf":[],"_links":{"self":[{"href":"https:\/\/olemosaic.orbitalia.org\/fr\/wp-json\/wp\/v2\/product\/27625","targetHints":{"allow":["GET"]}}],"collection":[{"href":"https:\/\/olemosaic.orbitalia.org\/fr\/wp-json\/wp\/v2\/product"}],"about":[{"href":"https:\/\/olemosaic.orbitalia.org\/fr\/wp-json\/wp\/v2\/types\/product"}],"wp:featuredmedia":[{"embeddable":true,"href":"https:\/\/olemosaic.orbitalia.org\/fr\/wp-json\/wp\/v2\/media\/12541"}],"wp:attachment":[{"href":"https:\/\/olemosaic.orbitalia.org\/fr\/wp-json\/wp\/v2\/media?parent=27625"}],"wp:term":[{"taxonomy":"product_brand","embeddable":true,"href":"https:\/\/olemosaic.orbitalia.org\/fr\/wp-json\/wp\/v2\/product_brand?post=27625"},{"taxonomy":"product_cat","embeddable":true,"href":"https:\/\/olemosaic.orbitalia.org\/fr\/wp-json\/wp\/v2\/product_cat?post=27625"},{"taxonomy":"product_tag","embeddable":true,"href":"https:\/\/olemosaic.orbitalia.org\/fr\/wp-json\/wp\/v2\/product_tag?post=27625"}],"curies":[{"name":"wp","href":"https:\/\/api.w.org\/{rel}","templated":true}]}}