{"id":27621,"date":"2025-02-20T23:29:25","date_gmt":"2025-02-20T22:29:25","guid":{"rendered":"https:\/\/olemosaic.orbitalia.org\/producto\/bola-de-navidad-con-caja-don-quijote\/"},"modified":"2025-07-25T19:59:22","modified_gmt":"2025-07-25T17:59:22","slug":"boule-de-noel-avec-boite-don-quichotte","status":"publish","type":"product","link":"https:\/\/olemosaic.orbitalia.org\/fr\/produit\/boule-de-noel-avec-boite-don-quichotte\/","title":{"rendered":"Boule de No\u00ebl avec bo\u00eete. Don Quichotte."},"content":{"rendered":"<p>Cette d\u00e9coration de No\u00ebl, la boule de No\u00ebl d\u00e9corative avec bo\u00eete inspir\u00e9e du personnage embl\u00e9matique de Don Quichotte, est une magnifique repr\u00e9sentation de la riche tradition culturelle espagnole. La boule pr\u00e9sente une illustration vibrante du c\u00e9l\u00e8bre chevalier sur son fid\u00e8le cheval, encadr\u00e9e par un fond de mosa\u00efque qui \u00e9voque les aventures et la fantaisie du classique litt\u00e9raire. Les tons bleus, jaunes et verts se distinguent dans la composition, cr\u00e9ant une pi\u00e8ce attrayante qui souligne l&rsquo;essence de Quichotte et sa lutte pour les id\u00e9aux. Sur l&rsquo;un de ses c\u00f4t\u00e9s, le texte joyeux \u00ab DON \u00bb ajoute une touche contemporaine au design.<\/p>\n<p>De plus, cette boule de No\u00ebl comprend un \u00e9l\u00e9gant ruban violet qui permet de l&rsquo;accrocher facilement, ce qui en fait un ornement parfait pour n&rsquo;importe quel sapin de No\u00ebl. Pr\u00e9sent\u00e9e dans une bo\u00eete \u00e9l\u00e9gante, c&rsquo;est une option id\u00e9ale pour offrir, ajoutant une touche culturelle et significative aux c\u00e9l\u00e9brations festives. Le lien avec Don Quichotte apporte non seulement un sentiment de nostalgie litt\u00e9raire, mais \u00e9tablit \u00e9galement un lien \u00e9motionnel avec le riche h\u00e9ritage espagnol. Chez Ol\u00e9 Mosaic, nous proposons cette boule comme un souvenir authentique qui refl\u00e8te la culture et la tradition espagnoles, constituant un excellent choix pour les boutiques de cadeaux touristiques \u00e0 la recherche d&rsquo;articles uniques et repr\u00e9sentatifs.<\/p>\n","protected":false},"excerpt":{"rendered":"<p>Boule de No\u00ebl d\u00e9corative avec bo\u00eete, inspir\u00e9e du personnage embl\u00e9matique de Don Quichotte. Cet ornement, au design moderne, pr\u00e9sente une illustration color\u00e9e du chevalier sur son cheval, entour\u00e9 d&rsquo;\u00e9l\u00e9ments \u00e9voquant son aventure. Sur un fond de mosa\u00efque, les tons vibrants de bleu, jaune et vert se distinguent, accompagn\u00e9s du texte \u00ab DON \u00bb. Comprend un ruban violet pour la suspendre et une bo\u00eete \u00e9l\u00e9gante pour sa pr\u00e9sentation, id\u00e9ale pour offrir.<\/p>\n","protected":false},"featured_media":9844,"template":"","meta":{"_acf_changed":false},"product_brand":[],"product_cat":[659],"product_tag":[646],"class_list":{"0":"post-27621","1":"product","2":"type-product","3":"status-publish","4":"has-post-thumbnail","6":"product_cat-boules-de-noel","7":"product_tag-noel","8":"pa_motivo-don-quichotte","10":"first","11":"instock","12":"shipping-taxable","13":"product-type-simple"},"acf":[],"_links":{"self":[{"href":"https:\/\/olemosaic.orbitalia.org\/fr\/wp-json\/wp\/v2\/product\/27621","targetHints":{"allow":["GET"]}}],"collection":[{"href":"https:\/\/olemosaic.orbitalia.org\/fr\/wp-json\/wp\/v2\/product"}],"about":[{"href":"https:\/\/olemosaic.orbitalia.org\/fr\/wp-json\/wp\/v2\/types\/product"}],"wp:featuredmedia":[{"embeddable":true,"href":"https:\/\/olemosaic.orbitalia.org\/fr\/wp-json\/wp\/v2\/media\/9844"}],"wp:attachment":[{"href":"https:\/\/olemosaic.orbitalia.org\/fr\/wp-json\/wp\/v2\/media?parent=27621"}],"wp:term":[{"taxonomy":"product_brand","embeddable":true,"href":"https:\/\/olemosaic.orbitalia.org\/fr\/wp-json\/wp\/v2\/product_brand?post=27621"},{"taxonomy":"product_cat","embeddable":true,"href":"https:\/\/olemosaic.orbitalia.org\/fr\/wp-json\/wp\/v2\/product_cat?post=27621"},{"taxonomy":"product_tag","embeddable":true,"href":"https:\/\/olemosaic.orbitalia.org\/fr\/wp-json\/wp\/v2\/product_tag?post=27621"}],"curies":[{"name":"wp","href":"https:\/\/api.w.org\/{rel}","templated":true}]}}