{"id":27615,"date":"2025-02-20T22:29:25","date_gmt":"2025-02-20T22:29:25","guid":{"rendered":"https:\/\/olemosaic.orbitalia.org\/producto\/ref\/"},"modified":"2025-07-25T18:45:37","modified_gmt":"2025-07-25T16:45:37","slug":"boule-de-noel-avec-boite-chemin-de-compostelle","status":"publish","type":"product","link":"https:\/\/olemosaic.orbitalia.org\/fr\/produit\/boule-de-noel-avec-boite-chemin-de-compostelle\/","title":{"rendered":"Boule de No\u00ebl avec bo\u00eete. Chemin de Compostelle."},"content":{"rendered":"<p>Cet ornement circulaire d\u00e9coratif, inspir\u00e9 du Chemin de Compostelle, est une belle repr\u00e9sentation de la riche culture galicienne. Fabriqu\u00e9 en c\u00e9ramique, il pr\u00e9sente un design vibrant et joyeux qui capture l&rsquo;essence du c\u00e9l\u00e8bre p\u00e8lerinage. Son illustration met en avant un p\u00e8lerin avec un b\u00e2ton, v\u00eatu de la cape magique typique et d&rsquo;un sac \u00e0 dos, symboles de la travers\u00e9e de ceux qui entreprennent ce chemin mystique vers Saint-Jacques-de-Compostelle. Le fond de l&rsquo;ornement affiche une charmante mosa\u00efque bleue, \u00e9voquant les couleurs du ciel galicien et de la mer.<\/p>\n<p>Le texte \u00ab\u00a0El Santiago\u00a0\u00bb, dans un ton frappant, est dispos\u00e9 strat\u00e9giquement sur la partie sup\u00e9rieure de l&rsquo;ornement, renfor\u00e7ant sa connexion avec la destination iconique et sa signification culturelle. Son ruban rouge permet de l&rsquo;accrocher facilement, ce qui en fait un cadeau id\u00e9al pour que les touristes l&rsquo;exposent chez eux, comme souvenir de leurs exp\u00e9riences en Galice. Ce souvenir ne c\u00e9l\u00e8bre pas seulement l&rsquo;exp\u00e9rience du chemin, mais encapsule \u00e9galement l&rsquo;authenticit\u00e9 et l&rsquo;h\u00e9ritage culturel de l&rsquo;une des routes de p\u00e8lerinage les plus importantes au monde.<\/p>\n<p>Chez Ol\u00e9 Mosaic, nous sommes fiers de proposer des produits authentiques et de qualit\u00e9 qui mettent en valeur le patrimoine espagnol. Cet ornement en c\u00e9ramique est le choix parfait pour les boutiques de cadeaux touristiques \u00e0 la recherche de souvenirs du Chemin de Compostelle, refl\u00e9tant un design original et une valeur culturelle significative. En tant que grossistes de souvenirs, nous garantissons que chaque pi\u00e8ce repr\u00e9sente l&rsquo;essence des traditions galiciennes, constituant un excellent hommage pour tous ceux qui ont parcouru cette route mystique.<\/p>\n","protected":false},"excerpt":{"rendered":"<p>Ornement circulaire d\u00e9coratif, inspir\u00e9 du Chemin de Compostelle, avec un design joyeux et color\u00e9. Fabriqu\u00e9 en c\u00e9ramique, il pr\u00e9sente une illustration vibrante d&rsquo;un p\u00e8lerin avec b\u00e2ton et sac \u00e0 dos, se d\u00e9tachant sur un fond de mosa\u00efque bleue. L&rsquo;ornement comprend l&rsquo;inscription \u00ab\u00a0El Santiago\u00a0\u00bb dans un ton frappant et un ruban rouge pour l&rsquo;accrocher facilement. Parfait pour se souvenir de l&rsquo;exp\u00e9rience du chemin ou comme souvenir de Galice.<\/p>\n","protected":false},"featured_media":9845,"template":"","meta":{"_acf_changed":false},"product_brand":[],"product_cat":[659],"product_tag":[],"class_list":{"0":"post-27615","1":"product","2":"type-product","3":"status-publish","4":"has-post-thumbnail","6":"product_cat-boules-de-noel","7":"pa_motivo-chemin-saint-jacques","9":"first","10":"instock","11":"shipping-taxable","12":"product-type-simple"},"acf":[],"_links":{"self":[{"href":"https:\/\/olemosaic.orbitalia.org\/fr\/wp-json\/wp\/v2\/product\/27615","targetHints":{"allow":["GET"]}}],"collection":[{"href":"https:\/\/olemosaic.orbitalia.org\/fr\/wp-json\/wp\/v2\/product"}],"about":[{"href":"https:\/\/olemosaic.orbitalia.org\/fr\/wp-json\/wp\/v2\/types\/product"}],"wp:featuredmedia":[{"embeddable":true,"href":"https:\/\/olemosaic.orbitalia.org\/fr\/wp-json\/wp\/v2\/media\/9845"}],"wp:attachment":[{"href":"https:\/\/olemosaic.orbitalia.org\/fr\/wp-json\/wp\/v2\/media?parent=27615"}],"wp:term":[{"taxonomy":"product_brand","embeddable":true,"href":"https:\/\/olemosaic.orbitalia.org\/fr\/wp-json\/wp\/v2\/product_brand?post=27615"},{"taxonomy":"product_cat","embeddable":true,"href":"https:\/\/olemosaic.orbitalia.org\/fr\/wp-json\/wp\/v2\/product_cat?post=27615"},{"taxonomy":"product_tag","embeddable":true,"href":"https:\/\/olemosaic.orbitalia.org\/fr\/wp-json\/wp\/v2\/product_tag?post=27615"}],"curies":[{"name":"wp","href":"https:\/\/api.w.org\/{rel}","templated":true}]}}