{"id":27612,"date":"2025-02-20T23:29:24","date_gmt":"2025-02-20T22:29:24","guid":{"rendered":"https:\/\/olemosaic.orbitalia.org\/producto\/abridor-de-metal-bailaora-pintado-a-mano\/"},"modified":"2025-07-25T19:59:20","modified_gmt":"2025-07-25T17:59:20","slug":"decapsuleur-en-metal-danseuse-flamenco-peint-a-la-main","status":"publish","type":"product","link":"https:\/\/olemosaic.orbitalia.org\/fr\/produit\/decapsuleur-en-metal-danseuse-flamenco-peint-a-la-main\/","title":{"rendered":"D\u00e9capsuleur en m\u00e9tal. Danseuse de Flamenco."},"content":{"rendered":"<p>Ce d\u00e9capsuleur en m\u00e9tal peint \u00e0 la main est une repr\u00e9sentation vibrante du riche h\u00e9ritage culturel espagnol, en particulier du flamenco, un art reconnu mondialement. Dans son design, deux danseuses aux couleurs vives se distinguent ; l&rsquo;une porte un costume rouge spectaculaire qui \u00e9voque la passion et l&rsquo;\u00e9nergie de la danse, tandis que l&rsquo;autre pr\u00e9sente une robe pleine de nuances symbolisant la joie et la diversit\u00e9 du folklore espagnol. Ce magnifique d\u00e9capsuleur n&rsquo;est pas seulement un ustensile pratique, mais aussi une pi\u00e8ce d\u00e9corative : les \u00e9l\u00e9ments en relief et la finition brillante ne capturent pas seulement la lumi\u00e8re de mani\u00e8re impressionnante, mais rehaussent l&rsquo;ensemble.<\/p>\n<p>Inscrit sur la partie sup\u00e9rieure, le mot \u00ab\u00a0ESPA\u00d1A\u00a0\u00bb ajoute une touche distinctive, reliant l&rsquo;objet \u00e0 son contexte culturel et g\u00e9ographique. Ce d\u00e9capsuleur est un souvenir id\u00e9al, fusionnant fonctionnalit\u00e9 et art, parfait pour les touristes souhaitant emporter un petit morceau de la tradition espagnole chez eux. Chez Ol\u00e9 Mosaic, nous nous sp\u00e9cialisons dans la distribution de souvenirs authentiques, et ce d\u00e9capsuleur de danseuses n&rsquo;est pas seulement un excellent cadeau, mais repr\u00e9sente \u00e9galement l&rsquo;essence de l&rsquo;Andalousie flamenca. En choisissant nos produits, les boutiques de cadeaux touristiques obtiennent des articles uniques qui mettent en valeur la richesse de la culture espagnole.<\/p>\n","protected":false},"excerpt":{"rendered":"<p>D\u00e9capsuleur en m\u00e9tal au design artisanal, peint \u00e0 la main, pr\u00e9sentant une repr\u00e9sentation vibrante de deux danseuses de flamenco. L&rsquo;une d&rsquo;elles porte une robe rouge et l&rsquo;autre, un costume color\u00e9. Cet article, id\u00e9al comme souvenir d&rsquo;Espagne, refl\u00e8te la riche culture et l&rsquo;art du flamenco \u00e0 travers son design d\u00e9taill\u00e9, qui inclut des \u00e9l\u00e9ments d\u00e9coratifs en relief et une finition brillante. Sur la partie sup\u00e9rieure, le mot \u00ab\u00a0ESPA\u00d1A\u00a0\u00bb est inscrit, ajoutant une touche distinctive \u00e0 ce d\u00e9capsuleur pratique et artistique.<\/p>\n","protected":false},"featured_media":11194,"template":"","meta":{"_acf_changed":false},"product_brand":[],"product_cat":[779],"product_tag":[],"class_list":{"0":"post-27612","1":"product","2":"type-product","3":"status-publish","4":"has-post-thumbnail","6":"product_cat-decapsuleurs","7":"pa_motivo-danseurs","9":"first","10":"instock","11":"shipping-taxable","12":"product-type-simple"},"acf":[],"_links":{"self":[{"href":"https:\/\/olemosaic.orbitalia.org\/fr\/wp-json\/wp\/v2\/product\/27612","targetHints":{"allow":["GET"]}}],"collection":[{"href":"https:\/\/olemosaic.orbitalia.org\/fr\/wp-json\/wp\/v2\/product"}],"about":[{"href":"https:\/\/olemosaic.orbitalia.org\/fr\/wp-json\/wp\/v2\/types\/product"}],"wp:featuredmedia":[{"embeddable":true,"href":"https:\/\/olemosaic.orbitalia.org\/fr\/wp-json\/wp\/v2\/media\/11194"}],"wp:attachment":[{"href":"https:\/\/olemosaic.orbitalia.org\/fr\/wp-json\/wp\/v2\/media?parent=27612"}],"wp:term":[{"taxonomy":"product_brand","embeddable":true,"href":"https:\/\/olemosaic.orbitalia.org\/fr\/wp-json\/wp\/v2\/product_brand?post=27612"},{"taxonomy":"product_cat","embeddable":true,"href":"https:\/\/olemosaic.orbitalia.org\/fr\/wp-json\/wp\/v2\/product_cat?post=27612"},{"taxonomy":"product_tag","embeddable":true,"href":"https:\/\/olemosaic.orbitalia.org\/fr\/wp-json\/wp\/v2\/product_tag?post=27612"}],"curies":[{"name":"wp","href":"https:\/\/api.w.org\/{rel}","templated":true}]}}