{"id":27611,"date":"2025-02-20T23:29:24","date_gmt":"2025-02-20T22:29:24","guid":{"rendered":"https:\/\/olemosaic.orbitalia.org\/producto\/abridor-de-metal-valencia-pintado-a-mano-mosaico\/"},"modified":"2025-07-25T18:41:37","modified_gmt":"2025-07-25T16:41:37","slug":"decapsuleur-en-metal-valence-peint-a-la-main-mosaique","status":"publish","type":"product","link":"https:\/\/olemosaic.orbitalia.org\/fr\/produit\/decapsuleur-en-metal-valence-peint-a-la-main-mosaique\/","title":{"rendered":"D\u00e9capsuleur en m\u00e9tal. Valence. Mosa\u00efque"},"content":{"rendered":"<p>Ce d\u00e9capsuleur en m\u00e9tal peint \u00e0 la main est une pi\u00e8ce unique qui capture l&rsquo;essence vibrante de Valence. Son design int\u00e8gre le mot \u00ab\u00a0VALENCIA\u00a0\u00bb en lettres stylis\u00e9es, orn\u00e9es d&rsquo;une attrayante mosa\u00efque de couleurs : des tons chauds orange et rouge aux bleus et verts frais, ce d\u00e9capsuleur irradie l&rsquo;\u00e9nergie et la joie qui caract\u00e9risent la ville. La combinaison de couleurs vives ne rend pas seulement hommage \u00e0 la riche tradition artistique valencienne, mais \u00e9voque \u00e9galement la c\u00e9l\u00e8bre c\u00e9ramique valencienne, connue pour ses motifs color\u00e9s et sa beaut\u00e9.<\/p>\n<p>La finition m\u00e9tallique du d\u00e9capsuleur assure non seulement une fonctionnalit\u00e9 exceptionnelle pour ouvrir les bouteilles, mais aussi un caract\u00e8re d\u00e9coratif qui en fait un souvenir frappant. Son style artistique et culturel le rend id\u00e9al aussi bien pour un usage personnel que pour \u00eatre expos\u00e9 dans n&rsquo;importe quel coin de la maison. Ce d\u00e9capsuleur est le souvenir parfait pour ceux qui visitent Valence, car il leur rappelle des moments sp\u00e9ciaux et la vivacit\u00e9 de la ville \u00e0 chaque utilisation.<\/p>\n<p>Chez Ol\u00e9 Mosaic, nous sommes des distributeurs de souvenirs en gros de premier plan et nous proposons des articles comme ce d\u00e9capsuleur en m\u00e9tal peint \u00e0 la main, qui repr\u00e9sente l&rsquo;authentique beaut\u00e9 culturelle de Valence. Ce produit est id\u00e9al pour les boutiques de cadeaux touristiques \u00e0 la recherche d&rsquo;articles originaux et repr\u00e9sentatifs. Attirez vos clients avec ce d\u00e9capsuleur, une fusion de fonctionnalit\u00e9 et d&rsquo;art, qui n&rsquo;est pas seulement un souvenir de Valence, mas une pi\u00e8ce qui c\u00e9l\u00e8bre la culture espagnole.<\/p>\n","protected":false},"excerpt":{"rendered":"<p>D\u00e9capsuleur m\u00e9tallique au design artisanal, peint \u00e0 la main, inspir\u00e9 par les couleurs vibrantes de Valence. Cet \u00e9l\u00e9gant d\u00e9capsuleur pr\u00e9sente le mot \u00ab\u00a0VALENCIA\u00a0\u00bb en lettres stylis\u00e9es, d\u00e9cor\u00e9es d&rsquo;une mosa\u00efque de couleurs vives comprenant des tons orange, rouge, bleu et vert. Le design capture l&rsquo;essence de la ville, \u00e9voquant sa riche tradition culturelle et artistique. Sa finition m\u00e9tallique le rend non seulement fonctionnel, mais en fait \u00e9galement un souvenir ou une pi\u00e8ce d\u00e9corative attrayante.<\/p>\n","protected":false},"featured_media":12041,"template":"","meta":{"_acf_changed":false},"product_brand":[],"product_cat":[779],"product_tag":[],"class_list":{"0":"post-27611","1":"product","2":"type-product","3":"status-publish","4":"has-post-thumbnail","6":"product_cat-decapsuleurs","7":"pa_ciudad-valencia","8":"pa_pais-espana","10":"first","11":"instock","12":"shipping-taxable","13":"product-type-simple"},"acf":[],"_links":{"self":[{"href":"https:\/\/olemosaic.orbitalia.org\/fr\/wp-json\/wp\/v2\/product\/27611","targetHints":{"allow":["GET"]}}],"collection":[{"href":"https:\/\/olemosaic.orbitalia.org\/fr\/wp-json\/wp\/v2\/product"}],"about":[{"href":"https:\/\/olemosaic.orbitalia.org\/fr\/wp-json\/wp\/v2\/types\/product"}],"wp:featuredmedia":[{"embeddable":true,"href":"https:\/\/olemosaic.orbitalia.org\/fr\/wp-json\/wp\/v2\/media\/12041"}],"wp:attachment":[{"href":"https:\/\/olemosaic.orbitalia.org\/fr\/wp-json\/wp\/v2\/media?parent=27611"}],"wp:term":[{"taxonomy":"product_brand","embeddable":true,"href":"https:\/\/olemosaic.orbitalia.org\/fr\/wp-json\/wp\/v2\/product_brand?post=27611"},{"taxonomy":"product_cat","embeddable":true,"href":"https:\/\/olemosaic.orbitalia.org\/fr\/wp-json\/wp\/v2\/product_cat?post=27611"},{"taxonomy":"product_tag","embeddable":true,"href":"https:\/\/olemosaic.orbitalia.org\/fr\/wp-json\/wp\/v2\/product_tag?post=27611"}],"curies":[{"name":"wp","href":"https:\/\/api.w.org\/{rel}","templated":true}]}}