{"id":27605,"date":"2025-02-20T23:29:24","date_gmt":"2025-02-20T22:29:24","guid":{"rendered":"https:\/\/olemosaic.orbitalia.org\/producto\/abridor-de-metal-barcelona-pintado-a-mano-mosaico-2\/"},"modified":"2025-07-25T19:00:43","modified_gmt":"2025-07-25T17:00:43","slug":"decapsuleur-en-metal-barcelone-peint-a-la-main-mosaique-2","status":"publish","type":"product","link":"https:\/\/olemosaic.orbitalia.org\/fr\/produit\/decapsuleur-en-metal-barcelone-peint-a-la-main-mosaique-2\/","title":{"rendered":"D\u00e9capsuleur en m\u00e9tal. Barcelone. Mosa\u00efque. Style m\u00e9diterran\u00e9en."},"content":{"rendered":"<p>Ce d\u00e9capsuleur en m\u00e9tal peint \u00e0 la main est une pi\u00e8ce charmante qui rend hommage \u00e0 la ville vibrante de Barcelone. Son design artistique pr\u00e9sente le mot \u00ab\u00a0Barcelone\u00a0\u00bb en lettres color\u00e9es, \u00e9voquant l&rsquo;essence ludique et dynamique qui caract\u00e9rise cette m\u00e9tropole. Chaque lettre est m\u00e9ticuleusement d\u00e9cor\u00e9e, imitant les c\u00e9l\u00e8bres mosa\u00efques qui ornent des lieux embl\u00e9matiques comme le Parc G\u00fcell, transformant cet accessoire fonctionnel en une \u0153uvre d&rsquo;art visuelle. Les tons brillants, du bleu marine au rouge intense, attirent non seulement l&rsquo;attention, mais c\u00e9l\u00e8brent \u00e9galement l&rsquo;esprit cr\u00e9atif et joyeux de la culture catalane.<\/p>\n<p>Le d\u00e9capsuleur combine une base en m\u00e9tal robuste avec une finition m\u00e9tallique polie, garantissant la durabilit\u00e9 sans sacrifier son attrait esth\u00e9tique. Parfait pour une utilisation \u00e0 la maison ou pour emporter \u00e0 n&rsquo;importe quelle r\u00e9union sociale, ce d\u00e9capsuleur n&rsquo;est pas seulement pratique, mais aussi un souvenir significatif du riche h\u00e9ritage artistique de Barcelone.<\/p>\n<p>Ol\u00e9 Mosaic est fier de proposer ce type de souvenirs repr\u00e9sentatifs, id\u00e9aux pour les touristes cherchant \u00e0 emporter un petit morceau de la culture locale. En tant que grossiste de souvenirs, nous savons que ce d\u00e9capsuleur en m\u00e9tal peint \u00e0 la main sera un excellent atout pour les magasins souhaitant offrir des produits authentiques avec un lien culturel fort. Attirez vos clients avec ce d\u00e9capsuleur qui encapsule l&rsquo;essence de Barcelone, en faisant un cadeau m\u00e9morable et esth\u00e9tiquement captivant.<\/p>\n","protected":false},"excerpt":{"rendered":"<p>D\u00e9capsuleur en m\u00e9tal au design artisanal, peint \u00e0 la main, inspir\u00e9 de la ville vibrante de Barcelone. Cet accessoire combine fonctionnalit\u00e9 et art, affichant le mot \u00ab\u00a0Barcelone\u00a0\u00bb en lettres color\u00e9es avec un design \u00e9voquant la c\u00e9l\u00e8bre mosa\u00efque de la ville. Les tons vifs et la finition m\u00e9tallique font de ce d\u00e9capsuleur un souvenir attrayant et un excellent cadeau pour les amoureux de la culture catalane. Parfait pour ajouter une touche de style \u00e0 n&rsquo;importe quel foyer.<\/p>\n","protected":false},"featured_media":10420,"template":"","meta":{"_acf_changed":false},"product_brand":[],"product_cat":[779],"product_tag":[],"class_list":{"0":"post-27605","1":"product","2":"type-product","3":"status-publish","4":"has-post-thumbnail","6":"product_cat-decapsuleurs","7":"pa_ciudad-barcelona","8":"pa_pais-espana","10":"first","11":"instock","12":"shipping-taxable","13":"product-type-simple"},"acf":[],"_links":{"self":[{"href":"https:\/\/olemosaic.orbitalia.org\/fr\/wp-json\/wp\/v2\/product\/27605","targetHints":{"allow":["GET"]}}],"collection":[{"href":"https:\/\/olemosaic.orbitalia.org\/fr\/wp-json\/wp\/v2\/product"}],"about":[{"href":"https:\/\/olemosaic.orbitalia.org\/fr\/wp-json\/wp\/v2\/types\/product"}],"wp:featuredmedia":[{"embeddable":true,"href":"https:\/\/olemosaic.orbitalia.org\/fr\/wp-json\/wp\/v2\/media\/10420"}],"wp:attachment":[{"href":"https:\/\/olemosaic.orbitalia.org\/fr\/wp-json\/wp\/v2\/media?parent=27605"}],"wp:term":[{"taxonomy":"product_brand","embeddable":true,"href":"https:\/\/olemosaic.orbitalia.org\/fr\/wp-json\/wp\/v2\/product_brand?post=27605"},{"taxonomy":"product_cat","embeddable":true,"href":"https:\/\/olemosaic.orbitalia.org\/fr\/wp-json\/wp\/v2\/product_cat?post=27605"},{"taxonomy":"product_tag","embeddable":true,"href":"https:\/\/olemosaic.orbitalia.org\/fr\/wp-json\/wp\/v2\/product_tag?post=27605"}],"curies":[{"name":"wp","href":"https:\/\/api.w.org\/{rel}","templated":true}]}}