{"id":27604,"date":"2025-02-20T23:29:23","date_gmt":"2025-02-20T22:29:23","guid":{"rendered":"https:\/\/olemosaic.orbitalia.org\/producto\/abridor-de-metal-bailaora-barcelona-pintado-a-mano\/"},"modified":"2025-07-25T18:54:05","modified_gmt":"2025-07-25T16:54:05","slug":"decapsuleur-en-metal-danseuse-flamenco-barcelone-peint-a-la-main","status":"publish","type":"product","link":"https:\/\/olemosaic.orbitalia.org\/fr\/produit\/decapsuleur-en-metal-danseuse-flamenco-barcelone-peint-a-la-main\/","title":{"rendered":"D\u00e9capsuleur en m\u00e9tal. Danseuse de flamenco. Barcelone."},"content":{"rendered":"<p>Ce d\u00e9capsuleur en m\u00e9tal peint \u00e0 la main est une splendide repr\u00e9sentation de l&rsquo;art flamenco, inspir\u00e9 par l&rsquo;\u00e9l\u00e9gance d&rsquo;une danseuse de Barcelone. Avec un design vibrant, cet accessoire est une fusion parfaite de fonctionnalit\u00e9 et d&rsquo;expression artistique. La figure de la danseuse, dont la posture \u00e9voque une danse pleine de gr\u00e2ce et d&rsquo;\u00e9nergie, se d\u00e9tache dans une palette de couleurs vives qui rendent hommage \u00e0 la robe traditionnelle espagnole, remplie de nuances et de textures capturant l&rsquo;essence du flamenco. Chaque d\u00e9tail a \u00e9t\u00e9 soigneusement peint \u00e0 la main, garantissant la singularit\u00e9 et l&rsquo;authenticit\u00e9 de chaque pi\u00e8ce comme souvenir.<\/p>\n<p>L&rsquo;inscription \u00ab\u00a0Barcelone\u00a0\u00bb sur la partie sup\u00e9rieure identifie non seulement sa ville d&rsquo;origine, mais ajoute \u00e9galement une touche personnelle et distinctive, en faisant le cadeau parfait pour les touristes cherchant \u00e0 emporter un morceau de la culture catalane. Ce d\u00e9capsuleur est bien plus qu&rsquo;un simple ustensile ; c&rsquo;est un rappel tangible de la vivacit\u00e9 et de l&rsquo;esprit de la tradition espagnole, id\u00e9al pour ceux qui souhaitent ramener un petit morceau de Barcelone chez eux.<\/p>\n<p>Chez Ol\u00e9 Mosaic, sp\u00e9cialis\u00e9s dans la distribution en gros de souvenirs authentiques, nous proposons ce d\u00e9capsuleur en m\u00e9tal comme une excellente option pour les magasins de cadeaux touristiques recherchant des produits uniques refl\u00e9tant le riche patrimoine culturel de l&rsquo;Espagne. Avec sa combinaison d&rsquo;art et de fonction, ce d\u00e9capsuleur de danseuse est un choix incontournable pour tout amateur de flamenco et de culture espagnole.<\/p>\n","protected":false},"excerpt":{"rendered":"<p>D\u00e9capsuleur en m\u00e9tal au design artisanal, peint \u00e0 la main, inspir\u00e9 d&rsquo;une \u00e9l\u00e9gante danseuse de flamenco de Barcelone. Cet accessoire attrayant pr\u00e9sente un design color\u00e9 avec des d\u00e9tails vibrants \u00e9voquant la robe traditionnelle de la danseuse. La figure est repr\u00e9sent\u00e9e dans une pose gracieuse, et l&rsquo;inscription \u00ab\u00a0Barcelone\u00a0\u00bb sur le dessus ajoute une touche distinctive. Parfait comme souvenir ou pour ajouter une touche culturelle \u00e0 votre maison, ce d\u00e9capsuleur allie fonctionnalit\u00e9 et art en un seul objet.<\/p>\n","protected":false},"featured_media":11189,"template":"","meta":{"_acf_changed":false},"product_brand":[],"product_cat":[779],"product_tag":[],"class_list":{"0":"post-27604","1":"product","2":"type-product","3":"status-publish","4":"has-post-thumbnail","6":"product_cat-decapsuleurs","7":"pa_ciudad-barcelona","8":"pa_motivo-danseurs","9":"pa_pais-espana","11":"first","12":"instock","13":"shipping-taxable","14":"product-type-simple"},"acf":[],"_links":{"self":[{"href":"https:\/\/olemosaic.orbitalia.org\/fr\/wp-json\/wp\/v2\/product\/27604","targetHints":{"allow":["GET"]}}],"collection":[{"href":"https:\/\/olemosaic.orbitalia.org\/fr\/wp-json\/wp\/v2\/product"}],"about":[{"href":"https:\/\/olemosaic.orbitalia.org\/fr\/wp-json\/wp\/v2\/types\/product"}],"wp:featuredmedia":[{"embeddable":true,"href":"https:\/\/olemosaic.orbitalia.org\/fr\/wp-json\/wp\/v2\/media\/11189"}],"wp:attachment":[{"href":"https:\/\/olemosaic.orbitalia.org\/fr\/wp-json\/wp\/v2\/media?parent=27604"}],"wp:term":[{"taxonomy":"product_brand","embeddable":true,"href":"https:\/\/olemosaic.orbitalia.org\/fr\/wp-json\/wp\/v2\/product_brand?post=27604"},{"taxonomy":"product_cat","embeddable":true,"href":"https:\/\/olemosaic.orbitalia.org\/fr\/wp-json\/wp\/v2\/product_cat?post=27604"},{"taxonomy":"product_tag","embeddable":true,"href":"https:\/\/olemosaic.orbitalia.org\/fr\/wp-json\/wp\/v2\/product_tag?post=27604"}],"curies":[{"name":"wp","href":"https:\/\/api.w.org\/{rel}","templated":true}]}}