{"id":27603,"date":"2025-02-20T23:29:23","date_gmt":"2025-02-20T22:29:23","guid":{"rendered":"https:\/\/olemosaic.orbitalia.org\/producto\/abridor-de-metal-barcelona-pintado-a-mano-mosaico\/"},"modified":"2025-07-25T18:41:37","modified_gmt":"2025-07-25T16:41:37","slug":"decapsuleur-en-metal-barcelone-peint-a-la-main-mosaique","status":"publish","type":"product","link":"https:\/\/olemosaic.orbitalia.org\/fr\/produit\/decapsuleur-en-metal-barcelone-peint-a-la-main-mosaique\/","title":{"rendered":"D\u00e9capsuleur en m\u00e9tal. Barcelone. Mosa\u00efque"},"content":{"rendered":"<p>Ce d\u00e9capsuleur en m\u00e9tal peint \u00e0 la main est un souvenir pratique qui capture l&rsquo;essence vibrante de Barcelone. Avec un design color\u00e9 pr\u00e9sentant les lettres formant le nom \u00ab\u00a0Barcelone\u00a0\u00bb, cet accessoire n&rsquo;est pas seulement fonctionnel, mais aussi une pi\u00e8ce distinctive qui \u00e9voque le c\u00e9l\u00e8bre style artistique de Gaud\u00ed, si repr\u00e9sentatif de la ville. Les finitions en mosa\u00efque, qui ornent chaque lettre, rendent hommage au riche patrimoine culturel de la capitale catalane, caract\u00e9ris\u00e9e par ses fa\u00e7ades spectaculaires et ses chefs-d&rsquo;\u0153uvre d&rsquo;architecture moderniste.<\/p>\n<p>Les tons brillants et la technique de peinture artisanale font de ce d\u00e9capsuleur un \u00e9l\u00e9ment attrayant et unique, parfait pour les touristes souhaitant emporter un souvenir authentique de leur visite. De plus, sa fabrication robuste en m\u00e9tal garantit durabilit\u00e9 et utilisation pratique tant \u00e0 la maison que lors de r\u00e9unions sociales. Ce souvenir de Barcelone est une excellente id\u00e9e pour les magasins de cadeaux touristiques, car il combine fonctionnalit\u00e9 et touche artistique incomparable. Chez Ol\u00e9 Mosaic, en tant que sp\u00e9cialistes de la distribution de souvenirs en gros, nous proposons des produits qui refl\u00e8tent la riche culture espagnole, assurant authenticit\u00e9 et qualit\u00e9 dans chaque pi\u00e8ce. Ce d\u00e9capsuleur en m\u00e9tal n&rsquo;est pas seulement un accessoire utile, mais un morceau d&rsquo;art dans votre quotidien.<\/p>\n","protected":false},"excerpt":{"rendered":"<p>D\u00e9capsuleur en m\u00e9tal au design artisanal, peint \u00e0 la main, inspir\u00e9 de la ville vibrante de Barcelone. Ce d\u00e9capsuleur pratique pr\u00e9sente un design color\u00e9 avec des lettres formant le nom \u00ab\u00a0Barcelone\u00a0\u00bb, avec des finitions en mosa\u00efque \u00e9voquant le c\u00e9l\u00e8bre style artistique de Gaud\u00ed. Ses tons brillants et sa technique de peinture artisanale en font un souvenir id\u00e9al alliant fonctionnalit\u00e9 et touche de culture catalane, parfait pour se souvenir de vos moments dans cette ville charmante.<\/p>\n","protected":false},"featured_media":10421,"template":"","meta":{"_acf_changed":false},"product_brand":[],"product_cat":[779],"product_tag":[],"class_list":{"0":"post-27603","1":"product","2":"type-product","3":"status-publish","4":"has-post-thumbnail","6":"product_cat-decapsuleurs","7":"pa_ciudad-barcelona","8":"pa_pais-espana","10":"first","11":"instock","12":"shipping-taxable","13":"product-type-simple"},"acf":[],"_links":{"self":[{"href":"https:\/\/olemosaic.orbitalia.org\/fr\/wp-json\/wp\/v2\/product\/27603","targetHints":{"allow":["GET"]}}],"collection":[{"href":"https:\/\/olemosaic.orbitalia.org\/fr\/wp-json\/wp\/v2\/product"}],"about":[{"href":"https:\/\/olemosaic.orbitalia.org\/fr\/wp-json\/wp\/v2\/types\/product"}],"wp:featuredmedia":[{"embeddable":true,"href":"https:\/\/olemosaic.orbitalia.org\/fr\/wp-json\/wp\/v2\/media\/10421"}],"wp:attachment":[{"href":"https:\/\/olemosaic.orbitalia.org\/fr\/wp-json\/wp\/v2\/media?parent=27603"}],"wp:term":[{"taxonomy":"product_brand","embeddable":true,"href":"https:\/\/olemosaic.orbitalia.org\/fr\/wp-json\/wp\/v2\/product_brand?post=27603"},{"taxonomy":"product_cat","embeddable":true,"href":"https:\/\/olemosaic.orbitalia.org\/fr\/wp-json\/wp\/v2\/product_cat?post=27603"},{"taxonomy":"product_tag","embeddable":true,"href":"https:\/\/olemosaic.orbitalia.org\/fr\/wp-json\/wp\/v2\/product_tag?post=27603"}],"curies":[{"name":"wp","href":"https:\/\/api.w.org\/{rel}","templated":true}]}}