{"id":27601,"date":"2025-02-20T23:29:23","date_gmt":"2025-02-20T22:29:23","guid":{"rendered":"https:\/\/olemosaic.orbitalia.org\/producto\/abridor-de-metal-tenerife-pintado-a-mano-mosaico\/"},"modified":"2025-07-25T18:41:36","modified_gmt":"2025-07-25T16:41:36","slug":"decapsuleur-en-metal-tenerife-peint-a-la-main-mosaique","status":"publish","type":"product","link":"https:\/\/olemosaic.orbitalia.org\/fr\/produit\/decapsuleur-en-metal-tenerife-peint-a-la-main-mosaique\/","title":{"rendered":"D\u00e9capsuleur en m\u00e9tal. Tenerife. Mosa\u00efque"},"content":{"rendered":"<p>Ce d\u00e9capsuleur en m\u00e9tal peint \u00e0 la main avec le nom \u00ab\u00a0Tenerife\u00a0\u00bb est un hommage vibrant \u00e0 la beaut\u00e9 et \u00e0 la diversit\u00e9 de l&rsquo;\u00eele des Canaries. Con\u00e7u avec une typographie moderne et amusante, le d\u00e9capsuleur met en avant une palette de couleurs comprenant le rouge, l&rsquo;orange, le bleu, le vert et le rose, \u00e9voquant la chaleur et la joie de l&rsquo;environnement de Tenerife. Son design, inspir\u00e9 des mosa\u00efques canariennes, capture l&rsquo;essence de la culture locale, en faisant une pi\u00e8ce authentique et repr\u00e9sentative de la r\u00e9gion.<\/p>\n<p>Chaque d\u00e9tail du d\u00e9capsuleur refl\u00e8te un travail artisanal minutieux, avec des couleurs dispos\u00e9es de mani\u00e8re harmonieuse pour cr\u00e9er un effet visuel stimulant. La combinaison de couleurs vives, rappelant les paysages tropicaux et la flore vibrante de Tenerife, en fait non seulement un ustensile fonctionnel, mais aussi une \u0153uvre d&rsquo;art qui peut embellir n&rsquo;importe quel foyer.<\/p>\n<p>Ce d\u00e9capsuleur est une excellente option de souvenir pour ceux qui cherchent \u00e0 emporter un morceau de Tenerife, id\u00e9al pour les touristes souhaitant un souvenir alliant beaut\u00e9 et utilit\u00e9. Chez Ol\u00e9 Mosaic, nous sommes des distributeurs sp\u00e9cialis\u00e9s dans les souvenirs de qualit\u00e9, proposant ce d\u00e9capsuleur de Tenerife comme un produit authentique et significatif. Parfait pour les magasins de cadeaux touristiques \u00e0 la recherche d&rsquo;articles uniques capturant l&rsquo;essence de la culture canarienne, ce souvenir souligne l&rsquo;authenticit\u00e9 et l&rsquo;art local, faisant de chaque utilisation du d\u00e9capsuleur un rappel du climat magique de l&rsquo;\u00eele.<\/p>\n","protected":false},"excerpt":{"rendered":"<p>D\u00e9capsuleur en m\u00e9tal au design artisanal, peint \u00e0 la main, avec le nom \u00ab\u00a0Tenerife\u00a0\u00bb dans des couleurs vibrantes, inspir\u00e9 des mosa\u00efques canariennes. Ce d\u00e9capsuleur attrayant pr\u00e9sente une typographie amusante et moderne, avec une combinaison de tons rouge, orange, bleu, vert et rose qui \u00e9voquent la chaleur et la diversit\u00e9 de l&rsquo;\u00eele. Id\u00e9al comme souvenir ou pour ajouter une touche color\u00e9e \u00e0 votre maison, il allie fonctionnalit\u00e9 et art en un seul accessoire.<\/p>\n","protected":false},"featured_media":12038,"template":"","meta":{"_acf_changed":false},"product_brand":[],"product_cat":[779],"product_tag":[],"class_list":{"0":"post-27601","1":"product","2":"type-product","3":"status-publish","4":"has-post-thumbnail","6":"product_cat-decapsuleurs","7":"pa_ciudad-tenerife","8":"pa_pais-espana","10":"first","11":"instock","12":"shipping-taxable","13":"product-type-simple"},"acf":[],"_links":{"self":[{"href":"https:\/\/olemosaic.orbitalia.org\/fr\/wp-json\/wp\/v2\/product\/27601","targetHints":{"allow":["GET"]}}],"collection":[{"href":"https:\/\/olemosaic.orbitalia.org\/fr\/wp-json\/wp\/v2\/product"}],"about":[{"href":"https:\/\/olemosaic.orbitalia.org\/fr\/wp-json\/wp\/v2\/types\/product"}],"wp:featuredmedia":[{"embeddable":true,"href":"https:\/\/olemosaic.orbitalia.org\/fr\/wp-json\/wp\/v2\/media\/12038"}],"wp:attachment":[{"href":"https:\/\/olemosaic.orbitalia.org\/fr\/wp-json\/wp\/v2\/media?parent=27601"}],"wp:term":[{"taxonomy":"product_brand","embeddable":true,"href":"https:\/\/olemosaic.orbitalia.org\/fr\/wp-json\/wp\/v2\/product_brand?post=27601"},{"taxonomy":"product_cat","embeddable":true,"href":"https:\/\/olemosaic.orbitalia.org\/fr\/wp-json\/wp\/v2\/product_cat?post=27601"},{"taxonomy":"product_tag","embeddable":true,"href":"https:\/\/olemosaic.orbitalia.org\/fr\/wp-json\/wp\/v2\/product_tag?post=27601"}],"curies":[{"name":"wp","href":"https:\/\/api.w.org\/{rel}","templated":true}]}}