{"id":27585,"date":"2025-02-20T23:29:23","date_gmt":"2025-02-20T22:29:23","guid":{"rendered":"https:\/\/olemosaic.orbitalia.org\/producto\/abridor-de-metal-toro-epoxy-3\/"},"modified":"2025-07-25T19:33:49","modified_gmt":"2025-07-25T17:33:49","slug":"decapsuleur-en-metal-taureau-espagne-epoxy-3","status":"publish","type":"product","link":"https:\/\/olemosaic.orbitalia.org\/fr\/produit\/decapsuleur-en-metal-taureau-espagne-epoxy-3\/","title":{"rendered":"D\u00e9capsuleur en m\u00e9tal. Taureau. Espagne. \u00c9poxy."},"content":{"rendered":"<p>Ce d\u00e9capsuleur m\u00e9tallique, inspir\u00e9 par la majest\u00e9 du taureau espagnol, est une pi\u00e8ce unique et vibrante qui capture l&rsquo;essence du folklore espagnol dans chaque d\u00e9tail. Avec un design complexe en r\u00e9sine \u00e9poxy, il pr\u00e9sente une t\u00eate de taureau d\u00e9cor\u00e9e d&rsquo;une mosa\u00efque color\u00e9e de tons bleus, rouges et jaunes, \u00e9voquant la riche tradition culturelle du pays. Les motifs g\u00e9om\u00e9triques qui ornent la surface du taureau ne sont pas seulement visuellement frappants, mais repr\u00e9sentent \u00e9galement la passion et la fiert\u00e9 que les Espagnols ressentent pour ce symbole embl\u00e9matique de leur culture.<\/p>\n<p>Sur la partie sup\u00e9rieure du d\u00e9capsuleur, le mot \u00ab\u00a0ESPA\u00d1A\u00a0\u00bb \u00e9crit de mani\u00e8re \u00e9l\u00e9gante ajoute une touche suppl\u00e9mentaire d&rsquo;authenticit\u00e9 et de signification. Cet article ne remplit pas seulement la fonction de d\u00e9capsuleur, mais sert \u00e9galement de pi\u00e8ce d\u00e9corative, rehaussant n&rsquo;importe quel espace, qu&rsquo;il s&rsquo;agisse d&rsquo;un bar, d&rsquo;une cuisine ou d&rsquo;une collection de souvenirs. En tant que repr\u00e9sentant du folklore espagnol, c&rsquo;est un cadeau id\u00e9al pour ceux qui cherchent \u00e0 emporter un morceau de la culture espagnole.<\/p>\n<p>Chez Ol\u00e9 Mosaic, nous nous sp\u00e9cialisons dans la distribution de souvenirs en gros, offrant des produits authentiques que capturent l&rsquo;essence de chaque r\u00e9gion. Ce d\u00e9capsuleur taureau est une excellente option pour les boutiques de cadeaux touristiques \u00e0 la recherche d&rsquo;articles distinctifs et pleins de sens culturel. Avec son design attrayant et sa pertinence symbolique, c&rsquo;est un souvenir parfait pour tous ceux qui souhaitent se souvenir de leur visite en Espagne.<\/p>\n","protected":false},"excerpt":{"rendered":"<p>D\u00e9capsuleur en m\u00e9tal inspir\u00e9 par la majest\u00e9 du taureau espagnol, d\u00e9cor\u00e9 d&rsquo;un design \u00e9poxy vibrant. Ce produit pr\u00e9sente la t\u00eate d&rsquo;un taureau avec un motif de mosa\u00efque complexe comprenant des couleurs vives comme le bleu, le rouge et le jaune, \u00e9voquant l&rsquo;essence du folklore espagnol. Sur la partie sup\u00e9rieure, on peut lire \u00ab\u00a0ESPA\u00d1A\u00a0\u00bb, compl\u00e9tant son attrait d\u00e9coratif et fonctionnel. Id\u00e9al comme souvenir ou pour ajouter une touche culturelle \u00e0 votre foyer.<\/p>\n","protected":false},"featured_media":6331,"template":"","meta":{"_acf_changed":false},"product_brand":[],"product_cat":[779],"product_tag":[530],"class_list":{"0":"post-27585","1":"product","2":"type-product","3":"status-publish","4":"has-post-thumbnail","6":"product_cat-decapsuleurs","7":"product_tag-animaux","8":"pa_motivo-taureaux","10":"first","11":"instock","12":"shipping-taxable","13":"product-type-simple"},"acf":[],"_links":{"self":[{"href":"https:\/\/olemosaic.orbitalia.org\/fr\/wp-json\/wp\/v2\/product\/27585","targetHints":{"allow":["GET"]}}],"collection":[{"href":"https:\/\/olemosaic.orbitalia.org\/fr\/wp-json\/wp\/v2\/product"}],"about":[{"href":"https:\/\/olemosaic.orbitalia.org\/fr\/wp-json\/wp\/v2\/types\/product"}],"wp:featuredmedia":[{"embeddable":true,"href":"https:\/\/olemosaic.orbitalia.org\/fr\/wp-json\/wp\/v2\/media\/6331"}],"wp:attachment":[{"href":"https:\/\/olemosaic.orbitalia.org\/fr\/wp-json\/wp\/v2\/media?parent=27585"}],"wp:term":[{"taxonomy":"product_brand","embeddable":true,"href":"https:\/\/olemosaic.orbitalia.org\/fr\/wp-json\/wp\/v2\/product_brand?post=27585"},{"taxonomy":"product_cat","embeddable":true,"href":"https:\/\/olemosaic.orbitalia.org\/fr\/wp-json\/wp\/v2\/product_cat?post=27585"},{"taxonomy":"product_tag","embeddable":true,"href":"https:\/\/olemosaic.orbitalia.org\/fr\/wp-json\/wp\/v2\/product_tag?post=27585"}],"curies":[{"name":"wp","href":"https:\/\/api.w.org\/{rel}","templated":true}]}}