{"id":27583,"date":"2025-02-20T23:29:23","date_gmt":"2025-02-20T22:29:23","guid":{"rendered":"https:\/\/olemosaic.orbitalia.org\/producto\/abridor-de-metal-toro-madrid-epoxy-rojo-2\/"},"modified":"2025-07-25T19:30:32","modified_gmt":"2025-07-25T17:30:32","slug":"decapsuleur-en-metal-taureau-madrid-epoxy-rouge-2","status":"publish","type":"product","link":"https:\/\/olemosaic.orbitalia.org\/fr\/produit\/decapsuleur-en-metal-taureau-madrid-epoxy-rouge-2\/","title":{"rendered":"D\u00e9capsuleur en m\u00e9tal. Taureau. Madrid. Espagne. \u00c9poxy. Rouge"},"content":{"rendered":"<p>Ce d\u00e9capsuleur m\u00e9tallique en forme de taureau est un souvenir embl\u00e9matique qui capture l&rsquo;essence vibrante de Madrid, tout en \u00e9tant un accessoire fonctionnel et artistique. Con\u00e7u avec une technique d&rsquo;\u00e9poxy, sa surface resplendit dans des tons rouges, jaunes et oranges, cr\u00e9ant une mosa\u00efque attrayante qui se d\u00e9marque dans n&rsquo;importe quelle collection. La partie sup\u00e9rieure du d\u00e9capsuleur porte l&rsquo;inscription \u00ab\u00a0MADRID\u00a0\u00bb, une touche distinctive qui \u00e9voque la capitale espagnole.<\/p>\n<p>Le taureau est un symbole touristique de Madrid, repr\u00e9sentant \u00e0 la fois la tradition de la tauromachie et l&rsquo;esprit indomptable de la culture espagnole. Chaque d\u00e9tail du design est m\u00e9ticuleusement \u00e9labor\u00e9, des grands yeux du taureau, qui semblent prendre vie, aux cornes qui se dressent avec autorit\u00e9, le tout dans une expression artistique qui refl\u00e8te le riche h\u00e9ritage folklorique de la ville. Ce d\u00e9capsuleur n&rsquo;est pas seulement id\u00e9al pour ouvrir des bouteilles, mais aussi un objet d\u00e9coratif qui \u00e9voque l&rsquo;esprit festif des c\u00e9l\u00e9brations madril\u00e8nes.<\/p>\n<p>Chez Ol\u00e9 Mosaic, en tant que grossistes de souvenirs fonctionnels et authentiques, nous proposons ce d\u00e9capsuleur taureau aux boutiques de cadeaux touristiques qui recherchent des produits capturant l&rsquo;essence culturelle de Madrid. C&rsquo;est l&rsquo;option parfaite pour ceux qui cherchent des souvenirs significatifs et repr\u00e9sentatifs de leur visite dans la ville, alliant utilit\u00e9 et design artistique attrayant.<\/p>\n","protected":false},"excerpt":{"rendered":"<p>D\u00e9capsuleur m\u00e9tallique en forme de taureau, une ic\u00f4ne madril\u00e8ne. Ce d\u00e9capsuleur attrayant se distingue par son design color\u00e9, \u00e9labor\u00e9 avec une technique \u00e9poxy qui fait ressortir les tons rouges, jaunes et oranges, cr\u00e9ant un effet de mosa\u00efque vibrant. Sur la partie sup\u00e9rieure, le mot \u00ab\u00a0MADRID\u00a0\u00bb ajoute une touche distinctive. Id\u00e9al pour ceux qui recherchent un souvenir fonctionnel et artistique capturant l&rsquo;essence du folklore madril\u00e8ne.<\/p>\n","protected":false},"featured_media":6537,"template":"","meta":{"_acf_changed":false},"product_brand":[],"product_cat":[779],"product_tag":[530],"class_list":{"0":"post-27583","1":"product","2":"type-product","3":"status-publish","4":"has-post-thumbnail","6":"product_cat-decapsuleurs","7":"product_tag-animaux","8":"pa_ciudad-madrid","9":"pa_motivo-taureaux","10":"pa_pais-espana","12":"first","13":"instock","14":"shipping-taxable","15":"product-type-simple"},"acf":[],"_links":{"self":[{"href":"https:\/\/olemosaic.orbitalia.org\/fr\/wp-json\/wp\/v2\/product\/27583","targetHints":{"allow":["GET"]}}],"collection":[{"href":"https:\/\/olemosaic.orbitalia.org\/fr\/wp-json\/wp\/v2\/product"}],"about":[{"href":"https:\/\/olemosaic.orbitalia.org\/fr\/wp-json\/wp\/v2\/types\/product"}],"wp:featuredmedia":[{"embeddable":true,"href":"https:\/\/olemosaic.orbitalia.org\/fr\/wp-json\/wp\/v2\/media\/6537"}],"wp:attachment":[{"href":"https:\/\/olemosaic.orbitalia.org\/fr\/wp-json\/wp\/v2\/media?parent=27583"}],"wp:term":[{"taxonomy":"product_brand","embeddable":true,"href":"https:\/\/olemosaic.orbitalia.org\/fr\/wp-json\/wp\/v2\/product_brand?post=27583"},{"taxonomy":"product_cat","embeddable":true,"href":"https:\/\/olemosaic.orbitalia.org\/fr\/wp-json\/wp\/v2\/product_cat?post=27583"},{"taxonomy":"product_tag","embeddable":true,"href":"https:\/\/olemosaic.orbitalia.org\/fr\/wp-json\/wp\/v2\/product_tag?post=27583"}],"curies":[{"name":"wp","href":"https:\/\/api.w.org\/{rel}","templated":true}]}}