{"id":27581,"date":"2025-02-20T22:29:22","date_gmt":"2025-02-20T22:29:22","guid":{"rendered":"https:\/\/olemosaic.orbitalia.org\/producto\/abridor-de-metal-salamandra-epoxy-naranja\/"},"modified":"2025-07-25T18:41:37","modified_gmt":"2025-07-25T16:41:37","slug":"decapsuleur-en-metal-salamandre-epoxy-orange","status":"publish","type":"product","link":"https:\/\/olemosaic.orbitalia.org\/fr\/produit\/decapsuleur-en-metal-salamandre-epoxy-orange\/","title":{"rendered":"D\u00e9capsuleur en m\u00e9tal. Salamandre. \u00c9poxy. Orange"},"content":{"rendered":"<p>Ce d\u00e9capsuleur m\u00e9tallique en forme de salamandre est un v\u00e9ritable souvenir qui refl\u00e8te la vibrante faune m\u00e9diterran\u00e9enne espagnole. Avec un design captivant, orn\u00e9 d&rsquo;une mosa\u00efque de couleurs comprenant des tons orange et jaune, cet article n&rsquo;est pas seulement un outil fonctionnel, mais aussi une pi\u00e8ce d&rsquo;art. La finition \u00e9poxy offre une r\u00e9sistance suppl\u00e9mentaire, garantissant que sa beaut\u00e9 perdure dans le temps. Chaque d\u00e9tail du design est m\u00e9ticuleusement \u00e9labor\u00e9, montrant une salamandre dans une posture dynamique, les pattes \u00e9tendues et la queue courb\u00e9e, ce qui lui conf\u00e8re un air de mouvement et d&rsquo;\u00e9nergie.<\/p>\n<p>La salamandre, symbole d&rsquo;adaptabilit\u00e9 et de vie dans la chaleur, est \u00e9troitement associ\u00e9e \u00e0 l&rsquo;environnement m\u00e9diterran\u00e9en, \u00e9voquant les r\u00e9gions chaudes d&rsquo;Espagne o\u00f9 ces reptiles sont communs. Ce d\u00e9capsuleur est plus qu&rsquo;un simple accessoire ; c&rsquo;est une repr\u00e9sentation de la riche biodiversit\u00e9 et de la culture locale. Id\u00e9al pour ceux qui cherchent \u00e0 se souvenir de leurs voyages, ce souvenir est une excellente option pour les touristes et les collectionneurs.<\/p>\n<p>Chez Ol\u00e9 Mosaic, nous proposons une s\u00e9lection de souvenirs authentiques et charmants. Ce d\u00e9capsuleur salamandre est une repr\u00e9sentation parfaite de notre engagement envers la qualit\u00e9 et l&rsquo;artisanat. En tant que grossiste de souvenirs, ce produit est id\u00e9al pour les boutiques de cadeaux touristiques \u00e0 la recherche d&rsquo;articles attrayants et pertinents pour leurs clients.<\/p>\n","protected":false},"excerpt":{"rendered":"<p>D\u00e9capsuleur m\u00e9tallique en forme de salamandre, d\u00e9cor\u00e9 d&rsquo;un design de mosa\u00efque vibrant dans les tons orange et jaune. Cet accessoire attrayant dispose d&rsquo;une finition \u00e9poxy qui lui conf\u00e8re r\u00e9sistance et durabilit\u00e9, tout en rehaussant la beaut\u00e9 de son motif color\u00e9. Inspir\u00e9 par la faune m\u00e9diterran\u00e9enne, ce d\u00e9capsuleur est un excellent souvenir qui allie fonctionnalit\u00e9 et art, id\u00e9al pour \u00e9voquer le charme des r\u00e9gions chaudes d&rsquo;Espagne.<\/p>\n","protected":false},"featured_media":8689,"template":"","meta":{"_acf_changed":false},"product_brand":[],"product_cat":[779],"product_tag":[530],"class_list":{"0":"post-27581","1":"product","2":"type-product","3":"status-publish","4":"has-post-thumbnail","6":"product_cat-decapsuleurs","7":"product_tag-animaux","8":"pa_motivo-salamandres","10":"first","11":"instock","12":"shipping-taxable","13":"product-type-simple"},"acf":[],"_links":{"self":[{"href":"https:\/\/olemosaic.orbitalia.org\/fr\/wp-json\/wp\/v2\/product\/27581","targetHints":{"allow":["GET"]}}],"collection":[{"href":"https:\/\/olemosaic.orbitalia.org\/fr\/wp-json\/wp\/v2\/product"}],"about":[{"href":"https:\/\/olemosaic.orbitalia.org\/fr\/wp-json\/wp\/v2\/types\/product"}],"wp:featuredmedia":[{"embeddable":true,"href":"https:\/\/olemosaic.orbitalia.org\/fr\/wp-json\/wp\/v2\/media\/8689"}],"wp:attachment":[{"href":"https:\/\/olemosaic.orbitalia.org\/fr\/wp-json\/wp\/v2\/media?parent=27581"}],"wp:term":[{"taxonomy":"product_brand","embeddable":true,"href":"https:\/\/olemosaic.orbitalia.org\/fr\/wp-json\/wp\/v2\/product_brand?post=27581"},{"taxonomy":"product_cat","embeddable":true,"href":"https:\/\/olemosaic.orbitalia.org\/fr\/wp-json\/wp\/v2\/product_cat?post=27581"},{"taxonomy":"product_tag","embeddable":true,"href":"https:\/\/olemosaic.orbitalia.org\/fr\/wp-json\/wp\/v2\/product_tag?post=27581"}],"curies":[{"name":"wp","href":"https:\/\/api.w.org\/{rel}","templated":true}]}}