{"id":27554,"date":"2025-02-20T22:29:22","date_gmt":"2025-02-20T22:29:22","guid":{"rendered":"https:\/\/olemosaic.orbitalia.org\/producto\/abridor-de-metal-bailaores-epoxy\/"},"modified":"2025-07-25T19:19:23","modified_gmt":"2025-07-25T17:19:23","slug":"decapsuleur-en-metal-danseurs-epoxy","status":"publish","type":"product","link":"https:\/\/olemosaic.orbitalia.org\/fr\/produit\/decapsuleur-en-metal-danseurs-epoxy\/","title":{"rendered":"D\u00e9capsuleur en m\u00e9tal. Danseurs. \u00c9poxy."},"content":{"rendered":"<p>Ce d\u00e9capsuleur en m\u00e9tal d\u00e9cor\u00e9 est une v\u00e9ritable c\u00e9l\u00e9bration du folklore espagnol, et plus particuli\u00e8rement de l&rsquo;art vibrant du flamenco. Confectionn\u00e9 avec une \u00e9l\u00e9gante couche d&rsquo;\u00e9poxy, il pr\u00e9sente une illustration color\u00e9e qui capture deux danseurs en plein mouvement, soulignant l&rsquo;intensit\u00e9 de la danse. Le design montre une danseuse v\u00eatue d&rsquo;une robe rouge frappante, \u00e0 volants et avec des d\u00e9tails \u00e9voquant la passion du flamenco. \u00c0 ses c\u00f4t\u00e9s, son partenaire, dans une tenue classique compl\u00e9tant l&rsquo;esth\u00e9tique traditionnelle, tient un chapeau tout en ex\u00e9cutant un pas \u00e9l\u00e9gant, cr\u00e9ant une sc\u00e8ne dynamique.<\/p>\n<p>Le fond du d\u00e9capsuleur est orn\u00e9 de motifs de fleurs et d&rsquo;azulejos, \u00e9l\u00e9ments repr\u00e9sentatifs de la riche tradition andalouse qui nous transportent dans les rues festives d&rsquo;Andalousie, o\u00f9 la musique et la danse prennent vie. Ce d\u00e9capsuleur n&rsquo;est pas seulement un outil fonctionnel, mais aussi un objet d\u00e9coratif et un souvenir id\u00e9al pour les amoureux de la culture espagnole, car il offre un morceau de l&rsquo;essence andalouse qui restera grav\u00e9 dans la m\u00e9moire de ceux qui l&rsquo;utilisent.<\/p>\n<p>Chez Ol\u00e9 Mosaic, en tant que grossiste de souvenirs, nous garantissons des produits de haute qualit\u00e9 qui refl\u00e8tent l&rsquo;authenticit\u00e9 de la tradition espagnole. Ce d\u00e9capsuleur en m\u00e9tal est le choix parfait pour les boutiques de cadeaux touristiques cherchant \u00e0 offrir \u00e0 leurs clients un souvenir significatif et culturellement pertinent. Avec lui, chaque toast sera une f\u00eate de saveur et de tradition.<\/p>\n","protected":false},"excerpt":{"rendered":"<p>D\u00e9capsuleur en m\u00e9tal d\u00e9cor\u00e9 d&rsquo;une illustration vibrante de danseurs de flamenco, mettant en valeur le folklore espagnol. Ce d\u00e9capsuleur, r\u00e9alis\u00e9 avec de l&rsquo;\u00e9poxy, pr\u00e9sente une esth\u00e9tique color\u00e9e avec des motifs floraux et un fond d&rsquo;azulejos \u00e9voquant l&rsquo;essence des f\u00eates andalouses. Les danseurs portent des costumes typiques, avec une \u00e9l\u00e9gante robe rouge, et compl\u00e8tent la sc\u00e8ne avec un chapeau. Id\u00e9al pour les amoureux de la culture espagnole.<\/p>\n","protected":false},"featured_media":7383,"template":"","meta":{"_acf_changed":false},"product_brand":[],"product_cat":[779],"product_tag":[],"class_list":{"0":"post-27554","1":"product","2":"type-product","3":"status-publish","4":"has-post-thumbnail","6":"product_cat-decapsuleurs","7":"pa_motivo-danseurs","9":"first","10":"instock","11":"shipping-taxable","12":"product-type-simple"},"acf":[],"_links":{"self":[{"href":"https:\/\/olemosaic.orbitalia.org\/fr\/wp-json\/wp\/v2\/product\/27554","targetHints":{"allow":["GET"]}}],"collection":[{"href":"https:\/\/olemosaic.orbitalia.org\/fr\/wp-json\/wp\/v2\/product"}],"about":[{"href":"https:\/\/olemosaic.orbitalia.org\/fr\/wp-json\/wp\/v2\/types\/product"}],"wp:featuredmedia":[{"embeddable":true,"href":"https:\/\/olemosaic.orbitalia.org\/fr\/wp-json\/wp\/v2\/media\/7383"}],"wp:attachment":[{"href":"https:\/\/olemosaic.orbitalia.org\/fr\/wp-json\/wp\/v2\/media?parent=27554"}],"wp:term":[{"taxonomy":"product_brand","embeddable":true,"href":"https:\/\/olemosaic.orbitalia.org\/fr\/wp-json\/wp\/v2\/product_brand?post=27554"},{"taxonomy":"product_cat","embeddable":true,"href":"https:\/\/olemosaic.orbitalia.org\/fr\/wp-json\/wp\/v2\/product_cat?post=27554"},{"taxonomy":"product_tag","embeddable":true,"href":"https:\/\/olemosaic.orbitalia.org\/fr\/wp-json\/wp\/v2\/product_tag?post=27554"}],"curies":[{"name":"wp","href":"https:\/\/api.w.org\/{rel}","templated":true}]}}