{"id":27552,"date":"2025-02-20T23:29:22","date_gmt":"2025-02-20T22:29:22","guid":{"rendered":"https:\/\/olemosaic.orbitalia.org\/producto\/abridor-de-metal-bailaores-madrid-epoxy\/"},"modified":"2025-07-25T18:40:41","modified_gmt":"2025-07-25T16:40:41","slug":"decapsuleur-en-metal-danseurs-madrid-epoxy","status":"publish","type":"product","link":"https:\/\/olemosaic.orbitalia.org\/fr\/produit\/decapsuleur-en-metal-danseurs-madrid-epoxy\/","title":{"rendered":"D\u00e9capsuleur en m\u00e9tal. Danseurs. Madrid. \u00c9poxy."},"content":{"rendered":"<p>Ce d\u00e9capsuleur en m\u00e9tal d\u00e9cor\u00e9 est un souvenir vibrant qui capture l&rsquo;essence de l&rsquo;art et de la culture madril\u00e8nes, pr\u00e9sentant une illustration captivante de danseurs dans une sc\u00e8ne pleine de vie. Avec un design en \u00e9poxy, ce d\u00e9capsuleur est \u00e0 la fois fonctionnel et une pi\u00e8ce d\u00e9corative qui invite \u00e0 revivre la passion du flamenco \u00e0 chaque utilisation. L&rsquo;illustration montre un couple dansant dans un environnement color\u00e9, avec la femme se distinguant dans une \u00e9l\u00e9gante robe rouge \u00e0 volants, tandis que l&rsquo;homme, avec un chapeau classique, refl\u00e8te la tradition de la danse espagnole. Cet accessoire est id\u00e9al pour ceux qui souhaitent emporter un morceau de la culture espagnole chez eux. Les fleurs vibrantes du fond contrastent merveilleusement avec la tenue des danseurs, cr\u00e9ant une \u0153uvre d&rsquo;art qui non seulement embellit, mais repr\u00e9sente aussi la richesse du folklore espagnol. Ol\u00e9 Mosaic se sp\u00e9cialise dans la distribution de souvenirs en gros, offrant des produits authentiques qui c\u00e9l\u00e8brent l&rsquo;h\u00e9ritage culturel. Ce d\u00e9capsuleur en m\u00e9tal est un choix parfait pour les boutiques de cadeaux touristiques \u00e0 la recherche de souvenirs de Madrid alliant artisanat et vitalit\u00e9 passionnante du flamenco.<\/p>\n","protected":false},"excerpt":{"rendered":"<p>D\u00e9capsuleur en m\u00e9tal d\u00e9cor\u00e9 d&rsquo;une illustration vibrante de danseurs en plein centre de Madrid. Cet original d\u00e9capsuleur, au design \u00e9poxy, montre un couple dansant dans une sc\u00e8ne color\u00e9e pleine de fleurs, o\u00f9 la femme porte une \u00e9l\u00e9gante robe rouge \u00e0 volants, tandis que l&rsquo;homme porte un costume classique. Id\u00e9al pour apporter un morceau de la culture espagnole dans votre foyer, ce d\u00e9capsuleur combine fonctionnalit\u00e9 et art en un seul produit.<\/p>\n","protected":false},"featured_media":7384,"template":"","meta":{"_acf_changed":false},"product_brand":[],"product_cat":[779],"product_tag":[],"class_list":{"0":"post-27552","1":"product","2":"type-product","3":"status-publish","4":"has-post-thumbnail","6":"product_cat-decapsuleurs","7":"pa_ciudad-madrid","8":"pa_motivo-danseurs","9":"pa_pais-espana","11":"first","12":"instock","13":"shipping-taxable","14":"product-type-simple"},"acf":[],"_links":{"self":[{"href":"https:\/\/olemosaic.orbitalia.org\/fr\/wp-json\/wp\/v2\/product\/27552","targetHints":{"allow":["GET"]}}],"collection":[{"href":"https:\/\/olemosaic.orbitalia.org\/fr\/wp-json\/wp\/v2\/product"}],"about":[{"href":"https:\/\/olemosaic.orbitalia.org\/fr\/wp-json\/wp\/v2\/types\/product"}],"wp:featuredmedia":[{"embeddable":true,"href":"https:\/\/olemosaic.orbitalia.org\/fr\/wp-json\/wp\/v2\/media\/7384"}],"wp:attachment":[{"href":"https:\/\/olemosaic.orbitalia.org\/fr\/wp-json\/wp\/v2\/media?parent=27552"}],"wp:term":[{"taxonomy":"product_brand","embeddable":true,"href":"https:\/\/olemosaic.orbitalia.org\/fr\/wp-json\/wp\/v2\/product_brand?post=27552"},{"taxonomy":"product_cat","embeddable":true,"href":"https:\/\/olemosaic.orbitalia.org\/fr\/wp-json\/wp\/v2\/product_cat?post=27552"},{"taxonomy":"product_tag","embeddable":true,"href":"https:\/\/olemosaic.orbitalia.org\/fr\/wp-json\/wp\/v2\/product_tag?post=27552"}],"curies":[{"name":"wp","href":"https:\/\/api.w.org\/{rel}","templated":true}]}}