{"id":27551,"date":"2025-02-20T23:29:22","date_gmt":"2025-02-20T22:29:22","guid":{"rendered":"https:\/\/olemosaic.orbitalia.org\/producto\/abridor-de-metal-guitarra-epoxy-2\/"},"modified":"2025-07-25T18:46:31","modified_gmt":"2025-07-25T16:46:31","slug":"decapsuleur-en-metal-guitare-epoxy-2","status":"publish","type":"product","link":"https:\/\/olemosaic.orbitalia.org\/fr\/produit\/decapsuleur-en-metal-guitare-epoxy-2\/","title":{"rendered":"D\u00e9capsuleur en m\u00e9tal. Guitare. Espagne. \u00c9poxy."},"content":{"rendered":"<p>Ce d\u00e9capsuleur m\u00e9tallique d\u00e9cor\u00e9 est un souvenir charmant qui \u00e9voque la passion et l&rsquo;art du flamenco espagnol. Son design vibrant pr\u00e9sente une guitare espagnole, symbole iconique de la musique et de la culture d&rsquo;Espagne, orn\u00e9e d&rsquo;un magnifique motif de mosa\u00efque aux tons chauds qui capturent l&rsquo;essence des couchers de soleil ib\u00e9riques. La guitare est compl\u00e9t\u00e9e par des fleurs rouges exub\u00e9rantes, qui ajoutent une touche de couleur et de vie au design, ainsi qu&rsquo;un \u00e9l\u00e9gant chapeau noir symbolisant l&rsquo;authentique tenue flamenca.<\/p>\n<p>Ce d\u00e9capsuleur, fini en \u00e9poxy, est non seulement visuellement attrayant, mais aussi durable et fonctionnel, ce qui en fait un accessoire id\u00e9al pour n&rsquo;importe quel foyer. Sa finition brillante fait ressortir les couleurs et les motifs, offrant une esth\u00e9tique qui transporte celui qui l&rsquo;utilise au c\u0153ur de la culture espagnole. Ce souvenir d&rsquo;Espagne repr\u00e9sente non seulement un objet d&rsquo;usage quotidien, mais aussi un morceau de la riche tradition culturelle de la p\u00e9ninsule.<\/p>\n<p>Chez Ol\u00e9 Mosaic, nous nous sp\u00e9cialisons dans la distribution de souvenirs en gros, et ce d\u00e9capsuleur guitare est une excellente option pour les boutiques de cadeaux touristiques \u00e0 la recherche d&rsquo;articles authentiques et repr\u00e9sentatifs. En tant que grossistes de souvenirs, nous proposons des produits qui ne sont pas seulement beaux, mais qui racontent des histoires et c\u00e9l\u00e8brent la diversit\u00e9 culturelle de l&rsquo;Espagne. Ce d\u00e9capsuleur est, sans aucun doute, un ajout parfait pour les touristes qui souhaitent emporter un souvenir significatif et fonctionnel de leur voyage en Espagne.<\/p>\n","protected":false},"excerpt":{"rendered":"<p>D\u00e9capsuleur en m\u00e9tal d\u00e9cor\u00e9 d&rsquo;une illustration vibrante de guitare espagnole, orn\u00e9e de fleurs rouges et d&rsquo;un chapeau noir. Ce d\u00e9capsuleur, fini en r\u00e9sine \u00e9poxy, pr\u00e9sente un design color\u00e9 qui \u00e9voque l&rsquo;essence du flamenco et de la culture espagnole. La guitare affiche un motif de mosa\u00efque aux tons chauds, parfait pour ajouter une touche artistique et authentique \u00e0 n&rsquo;importe quel foyer. Id\u00e9al comme souvenir d&rsquo;Espagne, il combine fonctionnalit\u00e9 et attrait esth\u00e9tique.<\/p>\n","protected":false},"featured_media":7382,"template":"","meta":{"_acf_changed":false},"product_brand":[],"product_cat":[779],"product_tag":[],"class_list":{"0":"post-27551","1":"product","2":"type-product","3":"status-publish","4":"has-post-thumbnail","6":"product_cat-decapsuleurs","7":"pa_motivo-guitares","9":"first","10":"instock","11":"shipping-taxable","12":"product-type-simple"},"acf":[],"_links":{"self":[{"href":"https:\/\/olemosaic.orbitalia.org\/fr\/wp-json\/wp\/v2\/product\/27551","targetHints":{"allow":["GET"]}}],"collection":[{"href":"https:\/\/olemosaic.orbitalia.org\/fr\/wp-json\/wp\/v2\/product"}],"about":[{"href":"https:\/\/olemosaic.orbitalia.org\/fr\/wp-json\/wp\/v2\/types\/product"}],"wp:featuredmedia":[{"embeddable":true,"href":"https:\/\/olemosaic.orbitalia.org\/fr\/wp-json\/wp\/v2\/media\/7382"}],"wp:attachment":[{"href":"https:\/\/olemosaic.orbitalia.org\/fr\/wp-json\/wp\/v2\/media?parent=27551"}],"wp:term":[{"taxonomy":"product_brand","embeddable":true,"href":"https:\/\/olemosaic.orbitalia.org\/fr\/wp-json\/wp\/v2\/product_brand?post=27551"},{"taxonomy":"product_cat","embeddable":true,"href":"https:\/\/olemosaic.orbitalia.org\/fr\/wp-json\/wp\/v2\/product_cat?post=27551"},{"taxonomy":"product_tag","embeddable":true,"href":"https:\/\/olemosaic.orbitalia.org\/fr\/wp-json\/wp\/v2\/product_tag?post=27551"}],"curies":[{"name":"wp","href":"https:\/\/api.w.org\/{rel}","templated":true}]}}