{"id":27546,"date":"2025-02-20T23:29:21","date_gmt":"2025-02-20T22:29:21","guid":{"rendered":"https:\/\/olemosaic.orbitalia.org\/producto\/abridor-de-metal-bailaora-madrid-epoxy-2\/"},"modified":"2025-07-25T19:30:45","modified_gmt":"2025-07-25T17:30:45","slug":"decapsuleur-metal-danseuse-flamenco-madrid-epoxy-2","status":"publish","type":"product","link":"https:\/\/olemosaic.orbitalia.org\/fr\/produit\/decapsuleur-metal-danseuse-flamenco-madrid-epoxy-2\/","title":{"rendered":"D\u00e9capsuleur en m\u00e9tal. Danseuse de Flamenco. Madrid. Epoxy."},"content":{"rendered":"<p>Ce d\u00e9capsuleur en m\u00e9tal, d\u00e9cor\u00e9 d&rsquo;une \u00e9l\u00e9gante danseuse de flamenco, capture l&rsquo;essence vibrante du flamenco madril\u00e8ne, devenant ainsi un souvenir authentique et pratique. Con\u00e7u avec une finition \u00e9poxy, le d\u00e9capsuleur pr\u00e9sente une gravure color\u00e9e et d\u00e9taill\u00e9e de la danseuse, v\u00eatue d&rsquo;une robe spectaculaire orn\u00e9e de formes g\u00e9om\u00e9triques et de divers motifs \u00e9voquant la passion et la joie de cette danse traditionnelle espagnole. Les couleurs vibrantes rouge, bleu, vert et jaune se distinguent dans son design, rendant chaque pi\u00e8ce unique et attrayante.<\/p>\n<p>Le mot \u00ab\u00a0MADRID\u00a0\u00bb, imprim\u00e9 avec des lettres amicales sur la partie sup\u00e9rieure, ajoute une touche distinctive et renforce son lien avec la capitale espagnole. Cet ouvre-bouteille ne remplit pas seulement une fonction pratique lors des c\u00e9l\u00e9brations et des r\u00e9unions, mais il est \u00e9galement un rappel des traditions culturelles de l&rsquo;Espagne, en particulier de l&rsquo;art du flamenco, embl\u00e9matique de l&rsquo;identit\u00e9 madril\u00e8ne.<\/p>\n<p>Chez Ol\u00e9 Mosaic, nous sommes fiers de proposer des souvenirs authentiques qui refl\u00e8tent le riche h\u00e9ritage culturel de l&rsquo;Espagne. Cette pi\u00e8ce est une excellente option pour les boutiques de souvenirs touristiques \u00e0 la recherche de produits repr\u00e9sentatifs et de qualit\u00e9. En tant que grossistes de souvenirs, nous garantissons que chaque d\u00e9capsuleur de danseuse de flamenco soit un attrait digne d&rsquo;\u00eatre pr\u00e9sent\u00e9 dans n&rsquo;importe quelle vitrine.<\/p>\n","protected":false},"excerpt":{"rendered":"<p>D\u00e9capsuleur m\u00e9tallique d\u00e9cor\u00e9 d&rsquo;une \u00e9l\u00e9gante danseuse de flamenco, repr\u00e9sentant l&rsquo;essence du flamenco madril\u00e8ne. Le design comprend des couleurs vibrantes et une finition en \u00e9poxy qui souligne les d\u00e9tails de la robe de la danseuse, remplie de formes g\u00e9om\u00e9triques et de motifs color\u00e9s. Le mot \u00ab\u00a0MADRID\u00a0\u00bb est imprim\u00e9 sur la partie sup\u00e9rieure, ajoutant une touche distinctive \u00e0 ce souvenir pratique, id\u00e9al pour les c\u00e9l\u00e9brations ou comme cadeau.<\/p>\n","protected":false},"featured_media":6498,"template":"","meta":{"_acf_changed":false},"product_brand":[],"product_cat":[779],"product_tag":[],"class_list":{"0":"post-27546","1":"product","2":"type-product","3":"status-publish","4":"has-post-thumbnail","6":"product_cat-decapsuleurs","7":"pa_ciudad-madrid","8":"pa_motivo-danseurs","9":"pa_pais-espana","11":"first","12":"instock","13":"shipping-taxable","14":"product-type-simple"},"acf":[],"_links":{"self":[{"href":"https:\/\/olemosaic.orbitalia.org\/fr\/wp-json\/wp\/v2\/product\/27546","targetHints":{"allow":["GET"]}}],"collection":[{"href":"https:\/\/olemosaic.orbitalia.org\/fr\/wp-json\/wp\/v2\/product"}],"about":[{"href":"https:\/\/olemosaic.orbitalia.org\/fr\/wp-json\/wp\/v2\/types\/product"}],"wp:featuredmedia":[{"embeddable":true,"href":"https:\/\/olemosaic.orbitalia.org\/fr\/wp-json\/wp\/v2\/media\/6498"}],"wp:attachment":[{"href":"https:\/\/olemosaic.orbitalia.org\/fr\/wp-json\/wp\/v2\/media?parent=27546"}],"wp:term":[{"taxonomy":"product_brand","embeddable":true,"href":"https:\/\/olemosaic.orbitalia.org\/fr\/wp-json\/wp\/v2\/product_brand?post=27546"},{"taxonomy":"product_cat","embeddable":true,"href":"https:\/\/olemosaic.orbitalia.org\/fr\/wp-json\/wp\/v2\/product_cat?post=27546"},{"taxonomy":"product_tag","embeddable":true,"href":"https:\/\/olemosaic.orbitalia.org\/fr\/wp-json\/wp\/v2\/product_tag?post=27546"}],"curies":[{"name":"wp","href":"https:\/\/api.w.org\/{rel}","templated":true}]}}