{"id":27525,"date":"2025-02-20T22:29:20","date_gmt":"2025-02-20T22:29:20","guid":{"rendered":"https:\/\/olemosaic.orbitalia.org\/producto\/abridor-de-metal-bailaora-epoxy-rojo\/"},"modified":"2025-07-25T20:05:30","modified_gmt":"2025-07-25T18:05:30","slug":"decapsuleur-en-metal-danseuse-flamenco-epoxy-rouge","status":"publish","type":"product","link":"https:\/\/olemosaic.orbitalia.org\/fr\/produit\/decapsuleur-en-metal-danseuse-flamenco-epoxy-rouge\/","title":{"rendered":"D\u00e9capsuleur en m\u00e9tal. Danseuse de Flamenco. \u00c9poxy. Rouge"},"content":{"rendered":"<p>Ce d\u00e9capsuleur m\u00e9tallique, d\u00e9cor\u00e9 de la figure d&rsquo;une danseuse de flamenco, est le cadeau parfait pour capturer l&rsquo;essence de l&rsquo;Espagne. Avec une combinaison vibrante de rouge et de blanc, cet objet pratique n&rsquo;est pas seulement fonctionnel, mais aussi une pi\u00e8ce d&rsquo;art qui orne n&rsquo;importe quel foyer. L&rsquo;image de la danseuse, v\u00eatue de sa robe classique \u00e0 volants et \u00e0 pois, se distingue par son \u00e9l\u00e9gance et son mouvement, \u00e9voquant la passion du flamenco. Avec sa main lev\u00e9e et une expression captivante, elle capture l&rsquo;essence de cette danse traditionnelle espagnole, tandis que le mot \u00ab ESPA\u00d1A \u00bb sur la partie sup\u00e9rieure ajoute une touche distinctive.<\/p>\n<p>Fabriqu\u00e9 en m\u00e9tal avec une finition en \u00e9poxy qui garantit durabilit\u00e9 et r\u00e9sistance, ce d\u00e9capsuleur est parfait pour savourer une boisson tout en c\u00e9l\u00e9brant la culture espagnole. C&rsquo;est le souvenir id\u00e9al pour les touristes, un accessoire qui connecte les visiteurs au riche h\u00e9ritage culturel de l&rsquo;Espagne, un rappel tangible de leur voyage. Chez Ol\u00e9 Mosaic, nous proposons des produits authentiques et repr\u00e9sentatifs, et ce d\u00e9capsuleur flamenco est une excellente option pour les boutiques de cadeaux touristiques \u00e0 la recherche de souvenirs de haute qualit\u00e9. Ajoutez une touche de folklore espagnol \u00e0 votre s\u00e9lection de produits, en veillant \u00e0 ce que chaque client choisissant ce d\u00e9capsuleur emporte avec lui un morceau de l&rsquo;\u00e2me espagnole.<\/p>\n","protected":false},"excerpt":{"rendered":"<p>D\u00e9capsuleur m\u00e9tallique d\u00e9cor\u00e9 de la figure d&rsquo;une danseuse de flamenco, repr\u00e9sentant l&rsquo;essence de l&rsquo;Espagne. Ce d\u00e9capsuleur pratique pr\u00e9sente un design vibrant en rouge et blanc, montrant la danseuse dans sa robe classique \u00e0 volants et \u00e0 pois, soulignant son \u00e9l\u00e9gance et son mouvement. Le mot \u00ab ESPA\u00d1A \u00bb couronne le design, ajoutant une touche distinctive. Parfait comme souvenir ou cadeau pour les amateurs de folklore espagnol.<\/p>\n","protected":false},"featured_media":6339,"template":"","meta":{"_acf_changed":false},"product_brand":[],"product_cat":[779],"product_tag":[],"class_list":{"0":"post-27525","1":"product","2":"type-product","3":"status-publish","4":"has-post-thumbnail","6":"product_cat-decapsuleurs","7":"pa_motivo-danseurs","9":"first","10":"instock","11":"shipping-taxable","12":"product-type-simple"},"acf":[],"_links":{"self":[{"href":"https:\/\/olemosaic.orbitalia.org\/fr\/wp-json\/wp\/v2\/product\/27525","targetHints":{"allow":["GET"]}}],"collection":[{"href":"https:\/\/olemosaic.orbitalia.org\/fr\/wp-json\/wp\/v2\/product"}],"about":[{"href":"https:\/\/olemosaic.orbitalia.org\/fr\/wp-json\/wp\/v2\/types\/product"}],"wp:featuredmedia":[{"embeddable":true,"href":"https:\/\/olemosaic.orbitalia.org\/fr\/wp-json\/wp\/v2\/media\/6339"}],"wp:attachment":[{"href":"https:\/\/olemosaic.orbitalia.org\/fr\/wp-json\/wp\/v2\/media?parent=27525"}],"wp:term":[{"taxonomy":"product_brand","embeddable":true,"href":"https:\/\/olemosaic.orbitalia.org\/fr\/wp-json\/wp\/v2\/product_brand?post=27525"},{"taxonomy":"product_cat","embeddable":true,"href":"https:\/\/olemosaic.orbitalia.org\/fr\/wp-json\/wp\/v2\/product_cat?post=27525"},{"taxonomy":"product_tag","embeddable":true,"href":"https:\/\/olemosaic.orbitalia.org\/fr\/wp-json\/wp\/v2\/product_tag?post=27525"}],"curies":[{"name":"wp","href":"https:\/\/api.w.org\/{rel}","templated":true}]}}