{"id":27451,"date":"2025-02-20T22:29:17","date_gmt":"2025-02-20T22:29:17","guid":{"rendered":"https:\/\/olemosaic.orbitalia.org\/producto\/abridor-de-metal-salamandra-barcelona-epoxy\/"},"modified":"2025-07-25T18:59:51","modified_gmt":"2025-07-25T16:59:51","slug":"decapsuleur-metal-salamandre-barcelone-epoxy","status":"publish","type":"product","link":"https:\/\/olemosaic.orbitalia.org\/fr\/produit\/decapsuleur-metal-salamandre-barcelone-epoxy\/","title":{"rendered":"D\u00e9capsuleur en m\u00e9tal. Salamandre. Barcelone. \u00c9poxy."},"content":{"rendered":"<p>Ce d\u00e9capsuleur m\u00e9tallique au design de salamandre est un souvenir vibrant et fonctionnel qui capture l&rsquo;essence de Barcelone. Avec une d\u00e9coration exquise de mosa\u00efques color\u00e9es en r\u00e9sine \u00e9poxy, ce d\u00e9capsuleur n&rsquo;est pas seulement un outil pratique pour ouvrir les bouteilles, mais aussi une \u0153uvre d&rsquo;art qui ajoute une touche de joie \u00e0 n&rsquo;importe quel foyer. La salamandre, repr\u00e9sent\u00e9e dans un m\u00e9lange dynamique de tons bleus, verts, jaunes et rouges, symbolise la vivacit\u00e9 et la cr\u00e9ativit\u00e9 de la cit\u00e9 comtale. L&rsquo;inclusion du texte \u00ab Barcelone \u00bb nous rappelle le lien culturel avec la capitale catalane, faisant de ce d\u00e9capsuleur un excellent rappel de son riche h\u00e9ritage artistique.<\/p>\n<p>Chaque d\u00e9tail de ce d\u00e9capsuleur souligne l&rsquo;influence du c\u00e9l\u00e8bre architecte Antoni Gaud\u00ed sur le design urbain de Barcelone, o\u00f9 les mosa\u00efques sont une marque distinctive de son \u0153uvre. Ce souvenir est id\u00e9al pour les touristes qui cherchent \u00e0 ramener chez eux un morceau de la culture barcelonaise. Chez Ol\u00e9 Mosaic, nous sommes fiers de proposer des produits authentiques et repr\u00e9sentatifs, ce d\u00e9capsuleur m\u00e9tallique \u00e9tant une excellente option pour les boutiques de cadeaux touristiques souhaitant offrir des articles de qualit\u00e9 avec un lien culturel fort. En tant que grossistes de souvenirs de Barcelone, nous garantissons l&rsquo;authenticit\u00e9 et le design unique de chaque pi\u00e8ce que nous distribuons.<\/p>\n","protected":false},"excerpt":{"rendered":"<p>D\u00e9capsuleur m\u00e9tallique au design de salamandre d\u00e9cor\u00e9e de mosa\u00efques color\u00e9es, inspir\u00e9 par la culture vibrante de Barcelone. En plus d&rsquo;\u00eatre un outil fonctionnel, ce d\u00e9capsuleur pr\u00e9sente un design attrayant en r\u00e9sine \u00e9poxy, o\u00f9 la salamandre affiche une vari\u00e9t\u00e9 de tons bleus, verts, jaunes et rouges, symbolisant la joie de la ville. Int\u00e9gr\u00e9 avec le texte \u00ab\u00a0Barcelone\u00a0\u00bb, c&rsquo;est un souvenir parfait pour se rem\u00e9morer votre visite.<\/p>\n","protected":false},"featured_media":6470,"template":"","meta":{"_acf_changed":false},"product_brand":[],"product_cat":[779],"product_tag":[530],"class_list":{"0":"post-27451","1":"product","2":"type-product","3":"status-publish","4":"has-post-thumbnail","6":"product_cat-decapsuleurs","7":"product_tag-animaux","8":"pa_ciudad-barcelona","9":"pa_motivo-salamandres","10":"pa_pais-espana","12":"first","13":"instock","14":"shipping-taxable","15":"product-type-simple"},"acf":[],"_links":{"self":[{"href":"https:\/\/olemosaic.orbitalia.org\/fr\/wp-json\/wp\/v2\/product\/27451","targetHints":{"allow":["GET"]}}],"collection":[{"href":"https:\/\/olemosaic.orbitalia.org\/fr\/wp-json\/wp\/v2\/product"}],"about":[{"href":"https:\/\/olemosaic.orbitalia.org\/fr\/wp-json\/wp\/v2\/types\/product"}],"wp:featuredmedia":[{"embeddable":true,"href":"https:\/\/olemosaic.orbitalia.org\/fr\/wp-json\/wp\/v2\/media\/6470"}],"wp:attachment":[{"href":"https:\/\/olemosaic.orbitalia.org\/fr\/wp-json\/wp\/v2\/media?parent=27451"}],"wp:term":[{"taxonomy":"product_brand","embeddable":true,"href":"https:\/\/olemosaic.orbitalia.org\/fr\/wp-json\/wp\/v2\/product_brand?post=27451"},{"taxonomy":"product_cat","embeddable":true,"href":"https:\/\/olemosaic.orbitalia.org\/fr\/wp-json\/wp\/v2\/product_cat?post=27451"},{"taxonomy":"product_tag","embeddable":true,"href":"https:\/\/olemosaic.orbitalia.org\/fr\/wp-json\/wp\/v2\/product_tag?post=27451"}],"curies":[{"name":"wp","href":"https:\/\/api.w.org\/{rel}","templated":true}]}}