{"id":27438,"date":"2025-02-20T22:29:17","date_gmt":"2025-02-20T22:29:17","guid":{"rendered":"https:\/\/olemosaic.orbitalia.org\/producto\/abridor-de-metal-guitarra-sevilla-epoxy\/"},"modified":"2025-07-25T18:51:45","modified_gmt":"2025-07-25T16:51:45","slug":"decapsuleur-metal-guitare-seville-epoxy","status":"publish","type":"product","link":"https:\/\/olemosaic.orbitalia.org\/fr\/produit\/decapsuleur-metal-guitare-seville-epoxy\/","title":{"rendered":"D\u00e9capsuleur en m\u00e9tal. Guitare. S\u00e9ville. \u00c9poxy."},"content":{"rendered":"<p>Ce d\u00e9capsuleur m\u00e9tallique au design de guitare est un v\u00e9ritable hommage \u00e0 la culture vibrante de S\u00e9ville, o\u00f9 la musique et l&rsquo;art s&rsquo;entrelacent dans chaque recoin. Avec une finition en \u00e9poxy, cet \u00e9l\u00e9gant d\u00e9capsuleur pr\u00e9sente une repr\u00e9sentation visuelle d&rsquo;une guitare d\u00e9cor\u00e9e dans un style mosa\u00efque qui \u00e9voque la riche tradition artistique de la ville. Les couleurs vives et \u00e9clatantes invitent \u00e0 la joie, tandis que le design inclut des fleurs rouges symbolisant la passion andalouse et un chapeau typique, qui renforce le lien avec la tenue traditionnelle des musiciens de flamenco.<\/p>\n<p>Id\u00e9al pour ajouter une touche artistique et fonctionnelle \u00e0 n&rsquo;importe quel foyer ou c\u00e9l\u00e9bration, ce d\u00e9capsuleur n&rsquo;est pas seulement un outil pratique, mais aussi une pi\u00e8ce d\u00e9corative qui c\u00e9l\u00e8bre l&rsquo;essence du flamenco et la vie \u00e0 S\u00e9ville. La guitare, ic\u00f4ne de la musique espagnole, devient le centre d&rsquo;attention, rappelant \u00e0 ceux qui l&rsquo;utilisent la joie d&rsquo;une f\u00eate andalouse ou d&rsquo;une soir\u00e9e entre amis.<\/p>\n<p>Chez Ol\u00e9 Mosaic, nous nous sp\u00e9cialisons dans la distribution de souvenirs en gros, et ce d\u00e9capsuleur est une option parfaite pour les boutiques de cadeaux touristiques qui cherchent \u00e0 offrir des produits authentiques et de haute qualit\u00e9 \u00e0 leurs clients. En int\u00e9grant ce d\u00e9capsuleur guitare dans votre offre, vous fournirez aux touristes un souvenir inoubliable de leur visite \u00e0 S\u00e9ville, alliant fonctionnalit\u00e9 et art en un seul objet.<\/p>\n","protected":false},"excerpt":{"rendered":"<p>D\u00e9capsuleur m\u00e9tallique au design de guitare inspir\u00e9 de la culture s\u00e9villane. Cet \u00e9l\u00e9gant d\u00e9capsuleur pr\u00e9sente une finition en \u00e9poxy, montrant une guitare d\u00e9cor\u00e9e de couleurs vives \u00e0 la mani\u00e8re d&rsquo;une mosa\u00efque. Des fleurs rouges et un chapeau typique andalou compl\u00e8tent l&rsquo;image, symbolisant la joie et la tradition de S\u00e9ville. Id\u00e9al pour ajouter une touche artistique et fonctionnelle \u00e0 n&rsquo;importe quel foyer ou c\u00e9l\u00e9bration.<\/p>\n","protected":false},"featured_media":8809,"template":"","meta":{"_acf_changed":false},"product_brand":[],"product_cat":[779],"product_tag":[],"class_list":{"0":"post-27438","1":"product","2":"type-product","3":"status-publish","4":"has-post-thumbnail","6":"product_cat-decapsuleurs","7":"pa_ciudad-sevilla","8":"pa_motivo-guitares","9":"pa_pais-espana","11":"first","12":"instock","13":"shipping-taxable","14":"product-type-simple"},"acf":[],"_links":{"self":[{"href":"https:\/\/olemosaic.orbitalia.org\/fr\/wp-json\/wp\/v2\/product\/27438","targetHints":{"allow":["GET"]}}],"collection":[{"href":"https:\/\/olemosaic.orbitalia.org\/fr\/wp-json\/wp\/v2\/product"}],"about":[{"href":"https:\/\/olemosaic.orbitalia.org\/fr\/wp-json\/wp\/v2\/types\/product"}],"wp:featuredmedia":[{"embeddable":true,"href":"https:\/\/olemosaic.orbitalia.org\/fr\/wp-json\/wp\/v2\/media\/8809"}],"wp:attachment":[{"href":"https:\/\/olemosaic.orbitalia.org\/fr\/wp-json\/wp\/v2\/media?parent=27438"}],"wp:term":[{"taxonomy":"product_brand","embeddable":true,"href":"https:\/\/olemosaic.orbitalia.org\/fr\/wp-json\/wp\/v2\/product_brand?post=27438"},{"taxonomy":"product_cat","embeddable":true,"href":"https:\/\/olemosaic.orbitalia.org\/fr\/wp-json\/wp\/v2\/product_cat?post=27438"},{"taxonomy":"product_tag","embeddable":true,"href":"https:\/\/olemosaic.orbitalia.org\/fr\/wp-json\/wp\/v2\/product_tag?post=27438"}],"curies":[{"name":"wp","href":"https:\/\/api.w.org\/{rel}","templated":true}]}}