{"id":27420,"date":"2025-02-20T23:29:16","date_gmt":"2025-02-20T22:29:16","guid":{"rendered":"https:\/\/olemosaic.orbitalia.org\/producto\/4-bols-de-coco-de-13-x-6-cm-sardina-lisboa\/"},"modified":"2025-07-25T18:48:21","modified_gmt":"2025-07-25T16:48:21","slug":"4-bols-en-noix-de-coco-de-13-x-6-cm-sardine-lisbonne","status":"publish","type":"product","link":"https:\/\/olemosaic.orbitalia.org\/fr\/produit\/4-bols-en-noix-de-coco-de-13-x-6-cm-sardine-lisbonne\/","title":{"rendered":"4 Bols en noix de coco de 13 x 6 cm. Sardine. Lisbonne."},"content":{"rendered":"<p>Ces bols en noix de coco color\u00e9s et d\u00e9coratifs de 13 x 6 cm sont un v\u00e9ritable hommage \u00e0 la vibrante culture lisbo\u00e8te. Chaque ensemble comprend quatre bols, chacun avec un design joyeux mettant en vedette une sardine au centre, symbole embl\u00e9matique du patrimoine gastronomique du Portugal. Entour\u00e9s d&rsquo;un charmant fond rempli de c\u0153urs, les bols sont disponibles dans une gamme de couleurs vibrantes, telles que le bleu, le rouge, le fuchsia et l&rsquo;orange, qui apportent une touche de joie et de vitalit\u00e9 \u00e0 toute occasion. Leur design tr\u00e8s sp\u00e9cial les rend non seulement id\u00e9aux pour servir des ap\u00e9ritifs, mais ils fonctionnent \u00e9galement parfaitement comme \u00e9l\u00e9ments d\u00e9coratifs, ajoutant une touche portugaise \u00e0 votre table ou \u00e0 votre espace.<\/p>\n<p>Ces bols en noix de coco sont bien plus qu&rsquo;un simple accessoire ; ils repr\u00e9sentent la chaleur et l&rsquo;esprit accueillant de Lisbonne, ce qui en fait un souvenir exquis pour les touristes souhaitant emporter un petit morceau de cette belle ville. Chez Ol\u00e9 Mosaic, nous nous sp\u00e9cialisons dans la distribution de souvenirs en gros, proposant ces charmants bols comme une excellente option pour les boutiques de cadeaux touristiques souhaitant offrir des produits authentiques et pleins de caract\u00e8re. Avec leur combinaison de fonctionnalit\u00e9 et de beaut\u00e9, ces souvenirs de Lisbonne sont le choix parfait pour ceux qui cherchent \u00e0 c\u00e9l\u00e9brer la riche culture portugaise dans leur foyer.<\/p>\n","protected":false},"excerpt":{"rendered":"<p>Bols en noix de coco de 13 x 6 cm, color\u00e9s et d\u00e9coratifs, inspir\u00e9s de la culture lisbo\u00e8te. Chaque bol pr\u00e9sente un design unique avec une sardine au centre, entour\u00e9e d&rsquo;un fond rempli de c\u0153urs. La gamme de couleurs vibrantes, incluant le bleu, le rouge, le fuchsia et l&rsquo;orange, offre une combinaison attrayante et joyeuse. Id\u00e9aux pour servir des ap\u00e9ritifs ou comme \u00e9l\u00e9ment d\u00e9coratif, ces bols apportent une touche portugaise \u00e0 n&rsquo;importe quelle table.<\/p>\n","protected":false},"featured_media":10671,"template":"","meta":{"_acf_changed":false},"product_brand":[],"product_cat":[521],"product_tag":[530],"class_list":{"0":"post-27420","1":"product","2":"type-product","3":"status-publish","4":"has-post-thumbnail","6":"product_cat-bols","7":"product_tag-animaux","8":"pa_ciudad-lisboa","9":"pa_motivo-sardines","10":"pa_pais-portugal","12":"first","13":"instock","14":"shipping-taxable","15":"product-type-simple"},"acf":[],"_links":{"self":[{"href":"https:\/\/olemosaic.orbitalia.org\/fr\/wp-json\/wp\/v2\/product\/27420","targetHints":{"allow":["GET"]}}],"collection":[{"href":"https:\/\/olemosaic.orbitalia.org\/fr\/wp-json\/wp\/v2\/product"}],"about":[{"href":"https:\/\/olemosaic.orbitalia.org\/fr\/wp-json\/wp\/v2\/types\/product"}],"wp:featuredmedia":[{"embeddable":true,"href":"https:\/\/olemosaic.orbitalia.org\/fr\/wp-json\/wp\/v2\/media\/10671"}],"wp:attachment":[{"href":"https:\/\/olemosaic.orbitalia.org\/fr\/wp-json\/wp\/v2\/media?parent=27420"}],"wp:term":[{"taxonomy":"product_brand","embeddable":true,"href":"https:\/\/olemosaic.orbitalia.org\/fr\/wp-json\/wp\/v2\/product_brand?post=27420"},{"taxonomy":"product_cat","embeddable":true,"href":"https:\/\/olemosaic.orbitalia.org\/fr\/wp-json\/wp\/v2\/product_cat?post=27420"},{"taxonomy":"product_tag","embeddable":true,"href":"https:\/\/olemosaic.orbitalia.org\/fr\/wp-json\/wp\/v2\/product_tag?post=27420"}],"curies":[{"name":"wp","href":"https:\/\/api.w.org\/{rel}","templated":true}]}}