{"id":27379,"date":"2025-02-20T22:29:14","date_gmt":"2025-02-20T22:29:14","guid":{"rendered":"https:\/\/olemosaic.orbitalia.org\/producto\/taza-de-ceramica-madrid-blanco\/"},"modified":"2025-07-25T18:38:26","modified_gmt":"2025-07-25T16:38:26","slug":"mug-en-ceramique-madrid-blanc","status":"publish","type":"product","link":"https:\/\/olemosaic.orbitalia.org\/fr\/produit\/mug-en-ceramique-madrid-blanc\/","title":{"rendered":"Mug en c\u00e9ramique. Madrid. Blanc."},"content":{"rendered":"<p>Ce mug d\u00e9coratif en c\u00e9ramique est un hommage color\u00e9 \u00e0 la ville vibrante de Madrid, id\u00e9al pour se souvenir de votre visite ou pour offrir un petit morceau de la capitale espagnole. Son design blanc se distingue par une illustration vibrante incluant l&#8217;embl\u00e9matique arche de la Puerta de Alcal\u00e1, un symbole iconique de la ville qui invite \u00e0 d\u00e9couvrir sa riche histoire. L&rsquo;int\u00e9rieur du mug, d&rsquo;un vert \u00e9clatant, offre un contraste saisissant qui souligne la joie de la culture madril\u00e8ne.<\/p>\n<p>De plus, le mug int\u00e8gre des \u00e9l\u00e9ments du m\u00e9tro de Madrid, avec sa signalisation bien connue, qui connecte les visiteurs \u00e0 la vie dynamique de la ville. Ce motif souligne non seulement le rythme de vie urbain de Madrid, mais c\u00e9l\u00e8bre \u00e9galement son c\u00e9l\u00e8bre r\u00e9seau de transport, connu pour son efficacit\u00e9 et sa modernit\u00e9. Les illustrations complexes aux tons vibrants sont id\u00e9ales pour les amoureux de la ville qui souhaitent savourer leur boisson pr\u00e9f\u00e9r\u00e9e tout en s&rsquo;immergeant dans la culture et le mode de vie madril\u00e8nes.<\/p>\n<p>Chez Ol\u00e9 Mosaic, nous proposons ce mug comme un excellent souvenir qui capture l&rsquo;essence de Madrid, en faisant une option attrayante pour les boutiques de cadeaux touristiques. En tant que grossistes de souvenirs, nous garantissons l&rsquo;authenticit\u00e9 et la qualit\u00e9 de notre s\u00e9lection, assurant que chaque pi\u00e8ce soit un reflet distinctif du patrimoine culturel de la r\u00e9gion. Ce mug est, sans aucun doute, un cadeau parfait pour ceux qui recherchent des souvenirs de qualit\u00e9 repr\u00e9sentant le meilleur de Madrid.<\/p>\n","protected":false},"excerpt":{"rendered":"<p>Mug d\u00e9coratif en c\u00e9ramique blanche, inspir\u00e9 par la ville vibrante de Madrid. Ce mug original pr\u00e9sente une illustration color\u00e9e incluant la c\u00e9l\u00e8bre arche de la Puerta de Alcal\u00e1 et un design en mosa\u00efque aux tons joyeux. L&rsquo;int\u00e9rieur est d&rsquo;un vert \u00e9clatant, ajoutant un contraste saisissant. Il inclut \u00e9galement des \u00e9l\u00e9ments du m\u00e9tro de Madrid, soulignant sa signalisation embl\u00e9matique. Id\u00e9al pour savourer votre boisson pr\u00e9f\u00e9r\u00e9e tout en vous immergeant dans la culture madril\u00e8ne.<\/p>\n","protected":false},"featured_media":9947,"template":"","meta":{"_acf_changed":false},"product_brand":[],"product_cat":[822],"product_tag":[585],"class_list":{"0":"post-27379","1":"product","2":"type-product","3":"status-publish","4":"has-post-thumbnail","6":"product_cat-mugs-fr","7":"product_tag-ceramique","8":"pa_ciudad-madrid","9":"pa_pais-espana","11":"first","12":"instock","13":"shipping-taxable","14":"product-type-simple"},"acf":[],"_links":{"self":[{"href":"https:\/\/olemosaic.orbitalia.org\/fr\/wp-json\/wp\/v2\/product\/27379","targetHints":{"allow":["GET"]}}],"collection":[{"href":"https:\/\/olemosaic.orbitalia.org\/fr\/wp-json\/wp\/v2\/product"}],"about":[{"href":"https:\/\/olemosaic.orbitalia.org\/fr\/wp-json\/wp\/v2\/types\/product"}],"wp:featuredmedia":[{"embeddable":true,"href":"https:\/\/olemosaic.orbitalia.org\/fr\/wp-json\/wp\/v2\/media\/9947"}],"wp:attachment":[{"href":"https:\/\/olemosaic.orbitalia.org\/fr\/wp-json\/wp\/v2\/media?parent=27379"}],"wp:term":[{"taxonomy":"product_brand","embeddable":true,"href":"https:\/\/olemosaic.orbitalia.org\/fr\/wp-json\/wp\/v2\/product_brand?post=27379"},{"taxonomy":"product_cat","embeddable":true,"href":"https:\/\/olemosaic.orbitalia.org\/fr\/wp-json\/wp\/v2\/product_cat?post=27379"},{"taxonomy":"product_tag","embeddable":true,"href":"https:\/\/olemosaic.orbitalia.org\/fr\/wp-json\/wp\/v2\/product_tag?post=27379"}],"curies":[{"name":"wp","href":"https:\/\/api.w.org\/{rel}","templated":true}]}}