{"id":27377,"date":"2025-02-20T23:29:14","date_gmt":"2025-02-20T22:29:14","guid":{"rendered":"https:\/\/olemosaic.orbitalia.org\/producto\/taza-de-ceramica-salamandra-y-flores-barcelona-blanco\/"},"modified":"2025-07-25T19:09:35","modified_gmt":"2025-07-25T17:09:35","slug":"mug-en-ceramique-salamandre-et-fleurs-barcelone-blanc","status":"publish","type":"product","link":"https:\/\/olemosaic.orbitalia.org\/fr\/produit\/mug-en-ceramique-salamandre-et-fleurs-barcelone-blanc\/","title":{"rendered":"Mug en c\u00e9ramique. Salamandre et fleurs. Barcelone. Blanc."},"content":{"rendered":"<p>Ce mug en c\u00e9ramique d\u00e9cor\u00e9 pr\u00e9sente un design vibrant de salamandre et de fleurs, inspir\u00e9 du c\u00e9l\u00e8bre trencad\u00eds de Barcelone, une technique embl\u00e9matique qui c\u00e9l\u00e8bre la diversit\u00e9 architecturale de la ville. Le mug, d&rsquo;un blanc lumineux, se distingue par son int\u00e9rieur rouge joyeux, qui offre un contraste visuel attrayant. \u00c0 l&rsquo;ext\u00e9rieur, une salamandre color\u00e9e en mosa\u00efque aux tons rouges, bleus et jaunes se d\u00e9ploie avec \u00e9l\u00e9gance, entour\u00e9e d&rsquo;une vari\u00e9t\u00e9 de fleurs en c\u00e9ramique joyeuses qui \u00e9voquent l&rsquo;ambiance festive des jardins barcelonais.<\/p>\n<p>La finition peinte \u00e0 la main du mug garantit que chaque pi\u00e8ce est unique, ce qui en fait un souvenir authentique et repr\u00e9sentatif de Barcelone. Ce produit n&rsquo;est pas seulement fonctionnel, il s&rsquo;\u00e9rige comme un symbole du riche h\u00e9ritage artistique de la r\u00e9gion et de la cr\u00e9ativit\u00e9 qui caract\u00e9rise ses habitants. Id\u00e9al pour les touristes \u00e0 la recherche de souvenirs de Barcelone capturant l&rsquo;essence de la ville, ce mug est un excellent cadeau pour ceux qui souhaitent ramener un morceau de la culture catalane chez eux. Chez Ol\u00e9 Mosaic, en tant que distributeurs de souvenirs en gros, nous proposons des produits authentiques comme ce mug en c\u00e9ramique d\u00e9cor\u00e9, parfait pour les boutiques de cadeaux touristiques \u00e0 la recherche d&rsquo;un artisanat de qualit\u00e9 et d&rsquo;une pertinence culturelle.<\/p>\n","protected":false},"excerpt":{"rendered":"<p>Mug en c\u00e9ramique d\u00e9cor\u00e9 d&rsquo;un design vibrant de salamandre et de fleurs, inspir\u00e9 du c\u00e9l\u00e8bre trencad\u00eds barcelonais. Ce mug blanc, avec des d\u00e9tails en rouge, pr\u00e9sente une salamandre color\u00e9e en mosa\u00efque aux tons rouges, bleus et jaunes, entour\u00e9e de fleurs en c\u00e9ramique joyeuses. Son design artisanal fini \u00e0 la main lui donne une touche unique, en faisant un souvenir parfait qui \u00e9voque l&rsquo;essence artistique de la Cit\u00e9 Comtale.<\/p>\n","protected":false},"featured_media":8068,"template":"","meta":{"_acf_changed":false},"product_brand":[],"product_cat":[822],"product_tag":[530,585],"class_list":{"0":"post-27377","1":"product","2":"type-product","3":"status-publish","4":"has-post-thumbnail","6":"product_cat-mugs-fr","7":"product_tag-animaux","8":"product_tag-ceramique","9":"pa_ciudad-barcelona","10":"pa_motivo-salamandres","11":"pa_pais-espana","13":"first","14":"instock","15":"shipping-taxable","16":"product-type-simple"},"acf":[],"_links":{"self":[{"href":"https:\/\/olemosaic.orbitalia.org\/fr\/wp-json\/wp\/v2\/product\/27377","targetHints":{"allow":["GET"]}}],"collection":[{"href":"https:\/\/olemosaic.orbitalia.org\/fr\/wp-json\/wp\/v2\/product"}],"about":[{"href":"https:\/\/olemosaic.orbitalia.org\/fr\/wp-json\/wp\/v2\/types\/product"}],"wp:featuredmedia":[{"embeddable":true,"href":"https:\/\/olemosaic.orbitalia.org\/fr\/wp-json\/wp\/v2\/media\/8068"}],"wp:attachment":[{"href":"https:\/\/olemosaic.orbitalia.org\/fr\/wp-json\/wp\/v2\/media?parent=27377"}],"wp:term":[{"taxonomy":"product_brand","embeddable":true,"href":"https:\/\/olemosaic.orbitalia.org\/fr\/wp-json\/wp\/v2\/product_brand?post=27377"},{"taxonomy":"product_cat","embeddable":true,"href":"https:\/\/olemosaic.orbitalia.org\/fr\/wp-json\/wp\/v2\/product_cat?post=27377"},{"taxonomy":"product_tag","embeddable":true,"href":"https:\/\/olemosaic.orbitalia.org\/fr\/wp-json\/wp\/v2\/product_tag?post=27377"}],"curies":[{"name":"wp","href":"https:\/\/api.w.org\/{rel}","templated":true}]}}