{"id":27365,"date":"2025-02-20T23:29:13","date_gmt":"2025-02-20T22:29:13","guid":{"rendered":"https:\/\/olemosaic.orbitalia.org\/producto\/taza-de-ceramica-toro-beige\/"},"modified":"2025-07-25T18:38:25","modified_gmt":"2025-07-25T16:38:25","slug":"mug-en-ceramique-taureau-beige","status":"publish","type":"product","link":"https:\/\/olemosaic.orbitalia.org\/fr\/produit\/mug-en-ceramique-taureau-beige\/","title":{"rendered":"Mug en c\u00e9ramique. Taureau. Beige."},"content":{"rendered":"<p>Ce mug en c\u00e9ramique, d\u00e9cor\u00e9 d&rsquo;un motif de taureau vibrant, est un v\u00e9ritable hommage \u00e0 la culture espagnole. Sa base beige contraste parfaitement avec le motif color\u00e9 du taureau, pr\u00e9sent\u00e9 sous des formes g\u00e9om\u00e9triques qui \u00e9voquent la tradition artistique de l&rsquo;Espagne. Sur la partie sup\u00e9rieure, le texte \u00ab ESPA\u00d1A \u00bb s&rsquo;affiche en lettres multicolores, ajoutant une touche joyeuse et festive, id\u00e9ale pour tout amateur d&rsquo;art et de culture. Le mug se distingue \u00e9galement par son anse color\u00e9e, qui varie sur chaque mod\u00e8le, faisant de chaque pi\u00e8ce un objet unique et de collection.<\/p>\n<p>Le taureau, symbole iconique de la culture espagnole, repr\u00e9sente le courage et la tradition des corridas, des pratiques profond\u00e9ment ancr\u00e9es dans l&rsquo;histoire du pays. Ce mug est plus qu&rsquo;un simple accessoire ; c&rsquo;est un souvenir m\u00e9morable du riche h\u00e9ritage culturel de l&rsquo;Espagne, parfait pour savourer vos boissons pr\u00e9f\u00e9r\u00e9es tout en \u00e9voquant la passion des terres ib\u00e9riques.<\/p>\n<p>Chez Ol\u00e9 Mosaic, nous sommes sp\u00e9cialis\u00e9s dans la distribution de souvenirs en gros, et ce mug en c\u00e9ramique est un excellent souvenir d&rsquo;Espagne. Il est id\u00e9al pour les boutiques de cadeaux touristiques qui cherchent \u00e0 proposer des produits authentiques et repr\u00e9sentatifs. Avec son design tr\u00e8s sp\u00e9cial et sa pertinence culturelle, ce mug n&rsquo;est pas seulement un souvenir, mais une c\u00e9l\u00e9bration de l&rsquo;art et de la tradition espagnole.<\/p>\n","protected":false},"excerpt":{"rendered":"<p>Mug en c\u00e9ramique au design attrayant, d\u00e9cor\u00e9 d&rsquo;un taureau color\u00e9 inspir\u00e9 de la culture espagnole. Sa base beige contraste avec les couleurs vives du motif du taureau en formes g\u00e9om\u00e9triques, transmettant un style moderne et vibrant. Le mug inclut le mot \u00ab ESPA\u00d1A \u00bb en lettres multicolores, et son anse pr\u00e9sente une touche distinctive avec diff\u00e9rentes couleurs sur chaque mod\u00e8le. Id\u00e9al pour savourer vos boissons pr\u00e9f\u00e9r\u00e9es avec une touche de tradition et d&rsquo;art espagnol.<\/p>\n","protected":false},"featured_media":6908,"template":"","meta":{"_acf_changed":false},"product_brand":[],"product_cat":[822],"product_tag":[530,585],"class_list":{"0":"post-27365","1":"product","2":"type-product","3":"status-publish","4":"has-post-thumbnail","6":"product_cat-mugs-fr","7":"product_tag-animaux","8":"product_tag-ceramique","9":"pa_motivo-taureaux","11":"first","12":"instock","13":"shipping-taxable","14":"product-type-simple"},"acf":[],"_links":{"self":[{"href":"https:\/\/olemosaic.orbitalia.org\/fr\/wp-json\/wp\/v2\/product\/27365","targetHints":{"allow":["GET"]}}],"collection":[{"href":"https:\/\/olemosaic.orbitalia.org\/fr\/wp-json\/wp\/v2\/product"}],"about":[{"href":"https:\/\/olemosaic.orbitalia.org\/fr\/wp-json\/wp\/v2\/types\/product"}],"wp:featuredmedia":[{"embeddable":true,"href":"https:\/\/olemosaic.orbitalia.org\/fr\/wp-json\/wp\/v2\/media\/6908"}],"wp:attachment":[{"href":"https:\/\/olemosaic.orbitalia.org\/fr\/wp-json\/wp\/v2\/media?parent=27365"}],"wp:term":[{"taxonomy":"product_brand","embeddable":true,"href":"https:\/\/olemosaic.orbitalia.org\/fr\/wp-json\/wp\/v2\/product_brand?post=27365"},{"taxonomy":"product_cat","embeddable":true,"href":"https:\/\/olemosaic.orbitalia.org\/fr\/wp-json\/wp\/v2\/product_cat?post=27365"},{"taxonomy":"product_tag","embeddable":true,"href":"https:\/\/olemosaic.orbitalia.org\/fr\/wp-json\/wp\/v2\/product_tag?post=27365"}],"curies":[{"name":"wp","href":"https:\/\/api.w.org\/{rel}","templated":true}]}}