{"id":27338,"date":"2025-02-20T23:29:13","date_gmt":"2025-02-20T22:29:13","guid":{"rendered":"https:\/\/olemosaic.orbitalia.org\/producto\/mug-de-ceramica-mosaico-blanco-95-cm\/"},"modified":"2025-07-25T20:04:39","modified_gmt":"2025-07-25T18:04:39","slug":"mug-en-ceramique-mosaique-blanc-9-5-cm","status":"publish","type":"product","link":"https:\/\/olemosaic.orbitalia.org\/fr\/produit\/mug-en-ceramique-mosaique-blanc-9-5-cm\/","title":{"rendered":"Mug en c\u00e9ramique. Mosa\u00efque. Blanc. 9,5 cm."},"content":{"rendered":"<p>Ce mug en c\u00e9ramique, d\u00e9cor\u00e9 de mosa\u00efques color\u00e9es, est le souvenir parfait pour ceux qui souhaitent ramener un morceau d&rsquo;Espagne chez eux. D&rsquo;une hauteur de 9,5 cm, ce mug se distingue par son design vibrant, pr\u00e9sentant un m\u00e9lange de motifs g\u00e9om\u00e9triques dans des tons bleus, rouges et jaunes. Chaque mosa\u00efque \u00e9voque la riche tradition de l&rsquo;art de l&rsquo;azulejo espagnol, un \u00e9l\u00e9ment cl\u00e9 de l&rsquo;architecture et du folklore du pays, nous rappelant les \u0153uvres splendides qui ornent les palais, les \u00e9glises et les places. Le mug, sur fond blanc, affiche une s\u00e9rie d&rsquo;illustrations complexes, des formes florales aux motifs abstraits, qui se combinent dans une magnifique symphonie de couleurs et de styles.<\/p>\n<p>L&rsquo;anse du mug, avec un design stylis\u00e9 \u00e9voquant la forme d&rsquo;un petit poisson, ajoute une touche unique et originale qui le distingue des autres mugs conventionnels. Cette combinaison de fonctionnalit\u00e9 et d&rsquo;esth\u00e9tique le rend parfait pour savourer votre boisson pr\u00e9f\u00e9r\u00e9e, que ce soit un caf\u00e9 le matin ou une infusion l&rsquo;apr\u00e8s-midi. Le mug n&rsquo;est pas seulement un objet utilitaire, sino un v\u00e9ritable symbole de l&rsquo;h\u00e9ritage culturel espagnol. Chez Ol\u00e9 Mosaic, nous distribuons des souvenirs authentiques qui capturent l&rsquo;essence de chaque r\u00e9gion, et ce mug en mosa\u00efque est une excellente option pour les boutiques de cadeaux touristiques cherchant \u00e0 proposer des produits distinctifs et repr\u00e9sentatifs de la culture espagnole.<\/p>\n","protected":false},"excerpt":{"rendered":"<p>Mug en c\u00e9ramique d\u00e9cor\u00e9 de mosa\u00efques color\u00e9es, id\u00e9al pour apporter une touche espagnole \u00e0 votre int\u00e9rieur. Avec un design vibrant pr\u00e9sentant un m\u00e9lange de motifs g\u00e9om\u00e9triques dans des tons bleus, rouges et jaunes, ce mug de 9,5 cm de hauteur \u00e9voque la riche tradition de l&rsquo;art des azulejos en Espagne. Parfait pour savourer votre boisson pr\u00e9f\u00e9r\u00e9e, il allie fonctionnalit\u00e9 et esth\u00e9tique en un seul produit.<\/p>\n","protected":false},"featured_media":8916,"template":"","meta":{"_acf_changed":false},"product_brand":[],"product_cat":[728],"product_tag":[530,585],"class_list":{"0":"post-27338","1":"product","2":"type-product","3":"status-publish","4":"has-post-thumbnail","6":"product_cat-mugs","7":"product_tag-animaux","8":"product_tag-ceramique","9":"pa_motivo-mosaique","11":"first","12":"instock","13":"shipping-taxable","14":"product-type-simple"},"acf":[],"_links":{"self":[{"href":"https:\/\/olemosaic.orbitalia.org\/fr\/wp-json\/wp\/v2\/product\/27338","targetHints":{"allow":["GET"]}}],"collection":[{"href":"https:\/\/olemosaic.orbitalia.org\/fr\/wp-json\/wp\/v2\/product"}],"about":[{"href":"https:\/\/olemosaic.orbitalia.org\/fr\/wp-json\/wp\/v2\/types\/product"}],"wp:featuredmedia":[{"embeddable":true,"href":"https:\/\/olemosaic.orbitalia.org\/fr\/wp-json\/wp\/v2\/media\/8916"}],"wp:attachment":[{"href":"https:\/\/olemosaic.orbitalia.org\/fr\/wp-json\/wp\/v2\/media?parent=27338"}],"wp:term":[{"taxonomy":"product_brand","embeddable":true,"href":"https:\/\/olemosaic.orbitalia.org\/fr\/wp-json\/wp\/v2\/product_brand?post=27338"},{"taxonomy":"product_cat","embeddable":true,"href":"https:\/\/olemosaic.orbitalia.org\/fr\/wp-json\/wp\/v2\/product_cat?post=27338"},{"taxonomy":"product_tag","embeddable":true,"href":"https:\/\/olemosaic.orbitalia.org\/fr\/wp-json\/wp\/v2\/product_tag?post=27338"}],"curies":[{"name":"wp","href":"https:\/\/api.w.org\/{rel}","templated":true}]}}