{"id":27337,"date":"2025-02-20T23:29:13","date_gmt":"2025-02-20T22:29:13","guid":{"rendered":"https:\/\/olemosaic.orbitalia.org\/producto\/taza-de-ceramica-salamandra-mallorca-beige\/"},"modified":"2025-07-25T18:38:27","modified_gmt":"2025-07-25T16:38:27","slug":"mug-en-ceramique-salamandre-majorque-beige","status":"publish","type":"product","link":"https:\/\/olemosaic.orbitalia.org\/fr\/produit\/mug-en-ceramique-salamandre-majorque-beige\/","title":{"rendered":"Mug en c\u00e9ramique. Salamandre. Majorque. Beige."},"content":{"rendered":"<p>Ce mug en c\u00e9ramique, au design vibrant, est le souvenir parfait pour capturer l&rsquo;essence de Majorque, l&rsquo;une des plus belles \u00eeles de la M\u00e9diterran\u00e9e. Sur un fond beige, ce mug \u00e9l\u00e9gant pr\u00e9sente un charmant design de salamandres color\u00e9es entour\u00e9es de fleurs, le tout soigneusement peint \u00e0 la main (effet), garantissant que chaque pi\u00e8ce est unique et authentique. Le texte \u00ab\u00a0MALLORCA\u00a0\u00bb en haut ajoute une touche d&rsquo;authenticit\u00e9 locale, parfaite pour se rem\u00e9morer des moments sp\u00e9ciaux sur l&rsquo;\u00eele. Les anses sont disponibles dans une vari\u00e9t\u00e9 de couleurs joyeuses qui, en plus de rehausser son attrait visuel, permettent de personnaliser chaque mug selon les go\u00fbts de l&rsquo;utilisateur.<\/p>\n<p>La salamandre, symbole d&rsquo;adaptation et de renaissance, est un \u00e9l\u00e9ment important de la culture majorquine, associ\u00e9e \u00e0 la chaleur et \u00e0 la vitalit\u00e9 de sa faune. Ce mug est id\u00e9al pour savourer vos boissons pr\u00e9f\u00e9r\u00e9es, qu&rsquo;il s&rsquo;agisse d&rsquo;un caf\u00e9, d&rsquo;un th\u00e9 ou d&rsquo;une infusion, tout en \u00e9voquant le charme de Majorque \u00e0 chaque gorg\u00e9e. Chez Ol\u00e9 Mosaic, nous sommes distributeurs de souvenirs en gros, et ce mug est une excellente option pour les boutiques de cadeaux touristiques cherchant \u00e0 proposer des produits authentiques et de qualit\u00e9. De plus, il souligne la riche diversit\u00e9 culturelle de l&rsquo;\u00eele, en faisant un souvenir significatif pour les visiteurs.<\/p>\n","protected":false},"excerpt":{"rendered":"<p>Mug en c\u00e9ramique au design vibrant, inspir\u00e9 de la faune majorquine. Ce mug beige \u00e9l\u00e9gant pr\u00e9sente des salamandres color\u00e9es entour\u00e9es de fleurs, le tout peint \u00e0 la main (effet) avec des d\u00e9tails soulignant son attrait folklorique. Le texte \u00ab\u00a0MALLORCA\u00a0\u00bb appara\u00eet en haut, apportant une touche d&rsquo;authenticit\u00e9 locale. Disponible avec des anses de diff\u00e9rentes couleurs, il est parfait pour savourer vos boissons pr\u00e9f\u00e9r\u00e9es tout en \u00e9voquant le charme de cette magnifique \u00eele m\u00e9diterran\u00e9enne.<\/p>\n","protected":false},"featured_media":6901,"template":"","meta":{"_acf_changed":false},"product_brand":[],"product_cat":[822],"product_tag":[530,585],"class_list":{"0":"post-27337","1":"product","2":"type-product","3":"status-publish","4":"has-post-thumbnail","6":"product_cat-mugs-fr","7":"product_tag-animaux","8":"product_tag-ceramique","9":"pa_ciudad-mallorca","10":"pa_motivo-salamandres","11":"pa_pais-espana","13":"first","14":"instock","15":"shipping-taxable","16":"product-type-simple"},"acf":[],"_links":{"self":[{"href":"https:\/\/olemosaic.orbitalia.org\/fr\/wp-json\/wp\/v2\/product\/27337","targetHints":{"allow":["GET"]}}],"collection":[{"href":"https:\/\/olemosaic.orbitalia.org\/fr\/wp-json\/wp\/v2\/product"}],"about":[{"href":"https:\/\/olemosaic.orbitalia.org\/fr\/wp-json\/wp\/v2\/types\/product"}],"wp:featuredmedia":[{"embeddable":true,"href":"https:\/\/olemosaic.orbitalia.org\/fr\/wp-json\/wp\/v2\/media\/6901"}],"wp:attachment":[{"href":"https:\/\/olemosaic.orbitalia.org\/fr\/wp-json\/wp\/v2\/media?parent=27337"}],"wp:term":[{"taxonomy":"product_brand","embeddable":true,"href":"https:\/\/olemosaic.orbitalia.org\/fr\/wp-json\/wp\/v2\/product_brand?post=27337"},{"taxonomy":"product_cat","embeddable":true,"href":"https:\/\/olemosaic.orbitalia.org\/fr\/wp-json\/wp\/v2\/product_cat?post=27337"},{"taxonomy":"product_tag","embeddable":true,"href":"https:\/\/olemosaic.orbitalia.org\/fr\/wp-json\/wp\/v2\/product_tag?post=27337"}],"curies":[{"name":"wp","href":"https:\/\/api.w.org\/{rel}","templated":true}]}}