{"id":27334,"date":"2025-02-20T23:29:13","date_gmt":"2025-02-20T22:29:13","guid":{"rendered":"https:\/\/olemosaic.orbitalia.org\/producto\/taza-de-ceramica-panoramica-barcelona-beige-2\/"},"modified":"2025-07-25T19:06:44","modified_gmt":"2025-07-25T17:06:44","slug":"tasse-en-ceramique-panoramique-barcelone-beige","status":"publish","type":"product","link":"https:\/\/olemosaic.orbitalia.org\/fr\/produit\/tasse-en-ceramique-panoramique-barcelone-beige\/","title":{"rendered":"Tasse en c\u00e9ramique. Panoramique. Barcelone. Beige."},"content":{"rendered":"<p>Cette tasse en c\u00e9ramique avec une vue panoramique vibrante de Barcelone est le souvenir parfait pour quiconque souhaite emporter un morceau de cette ville embl\u00e9matique de Catalogne. Avec un ton beige \u00e9l\u00e9gant comme base, la tasse pr\u00e9sente un design peint \u00e0 la main qui capture l&rsquo;essence de Barcelone \u00e0 travers ses \u00e9l\u00e9ments les plus embl\u00e9matiques, tels que l&rsquo;impressionnante Sagrada Familia, la c\u00e9l\u00e8bre statue de Colomb et le color\u00e9 Parc G\u00fcell. Chaque d\u00e9tail est illustr\u00e9 avec des couleurs vives qui rendent hommage au modernisme catalan, transformant chaque gorg\u00e9e en une exp\u00e9rience \u00e9vocatrice. De plus, l&rsquo;anse de la tasse, disponible dans des tons joyeux comme le vert, le rouge, le bleu et le noir, ajoute non seulement une touche de couleur, mais assure \u00e9galement une prise en main confortable, id\u00e9ale pour savourer vos boissons pr\u00e9f\u00e9r\u00e9es tout en revivant la magie de la ville. Ce produit n&rsquo;est pas seulement un souvenir authentique de Barcelone, mais il refl\u00e8te \u00e9galement le riche h\u00e9ritage culturel qui distingue cette r\u00e9gion. Chez Ol\u00e9 Mosaic, nous nous attachons \u00e0 offrir des souvenirs en c\u00e9ramique de haute qualit\u00e9, id\u00e9aux pour les boutiques de cadeaux touristiques \u00e0 la recherche d&rsquo;articles distinctifs. Cette tasse est un choix parfait pour les touristes \u00e0 la recherche de souvenirs de Barcelone authentiques et d\u00e9coratifs, soulignant sa pertinence culturelle et son attrait visuel.<\/p>\n","protected":false},"excerpt":{"rendered":"<p>Tasse en c\u00e9ramique avec une vue panoramique vibrante de Barcelone. Ce design attrayant combine des \u00e9l\u00e9ments embl\u00e9matiques de la ville, tels que la statue de Colomb, la Sagrada Familia et le Parc G\u00fcell, le tout dans un design artisanal, peint \u00e0 la main, avec des couleurs vives qui \u00e9voquent l&rsquo;essence du modernisme catalan. La tasse, d&rsquo;un ton beige \u00e9l\u00e9gant, dispose d&rsquo;une anse color\u00e9e qui lui ajoute une touche amusante, id\u00e9ale pour savourer vos boissons pr\u00e9f\u00e9r\u00e9es tout en vous rappelant la beaut\u00e9 de Barcelone.<\/p>\n","protected":false},"featured_media":7013,"template":"","meta":{"_acf_changed":false},"product_brand":[],"product_cat":[822],"product_tag":[585],"class_list":{"0":"post-27334","1":"product","2":"type-product","3":"status-publish","4":"has-post-thumbnail","6":"product_cat-mugs-fr","7":"product_tag-ceramique","8":"pa_ciudad-barcelona","9":"pa_motivo-panoramas","10":"pa_pais-espana","12":"first","13":"instock","14":"shipping-taxable","15":"product-type-simple"},"acf":[],"_links":{"self":[{"href":"https:\/\/olemosaic.orbitalia.org\/fr\/wp-json\/wp\/v2\/product\/27334","targetHints":{"allow":["GET"]}}],"collection":[{"href":"https:\/\/olemosaic.orbitalia.org\/fr\/wp-json\/wp\/v2\/product"}],"about":[{"href":"https:\/\/olemosaic.orbitalia.org\/fr\/wp-json\/wp\/v2\/types\/product"}],"wp:featuredmedia":[{"embeddable":true,"href":"https:\/\/olemosaic.orbitalia.org\/fr\/wp-json\/wp\/v2\/media\/7013"}],"wp:attachment":[{"href":"https:\/\/olemosaic.orbitalia.org\/fr\/wp-json\/wp\/v2\/media?parent=27334"}],"wp:term":[{"taxonomy":"product_brand","embeddable":true,"href":"https:\/\/olemosaic.orbitalia.org\/fr\/wp-json\/wp\/v2\/product_brand?post=27334"},{"taxonomy":"product_cat","embeddable":true,"href":"https:\/\/olemosaic.orbitalia.org\/fr\/wp-json\/wp\/v2\/product_cat?post=27334"},{"taxonomy":"product_tag","embeddable":true,"href":"https:\/\/olemosaic.orbitalia.org\/fr\/wp-json\/wp\/v2\/product_tag?post=27334"}],"curies":[{"name":"wp","href":"https:\/\/api.w.org\/{rel}","templated":true}]}}